{"id":91,"date":"2022-06-30T08:18:39","date_gmt":"2022-06-30T08:18:39","guid":{"rendered":"https:\/\/www.valencia.es\/participacentrecivicpatraix\/?page_id=91"},"modified":"2022-06-30T08:18:39","modified_gmt":"2022-06-30T08:18:39","slug":"accio-18-de-juny","status":"publish","type":"page","link":"https:\/\/www.valencia.es\/participacentrecivicpatraix\/index.php\/accio-18-de-juny\/","title":{"rendered":"Acci\u00f3 18 de juny"},"content":{"rendered":"\n<h5 class=\"has-text-color has-background wp-block-heading\" style=\"background-color:#f4afc0;color:#cf2d75\">acci\u00f3 p\u00fablica<\/h5>\n\n\n\n<p class=\"has-text-align-left has-medium-font-size\">El 18 de juny es va realitzar <em>l&#8217;acci\u00f3 p\u00fablica<\/em> implicant a tot el ve\u00efnat del barri. <\/p>\n\n\n\n<p class=\"has-text-align-left has-medium-font-size\">L&#8217;acci\u00f3 tenia com a objectiu tant\u00a0identificar\u00a0els recursos, xarxes i equipaments com activitats que es donen en el barri i que poden tenir un efecte en el futur Centre C\u00edvic de la m\u00e0 de les persones que no havien pogut assistir al taller previ. A m\u00e9s, tamb\u00e9 va servir com acci\u00f3 de\u00a0difusi\u00f3\u00a0del proc\u00e9s participatiu.<\/p>\n\n\n\n<hr class=\"wp-block-separator has-alpha-channel-opacity is-style-dots\"\/>\n\n\n\n<p><em>El 18 de junio se realiz\u00f3 la acci\u00f3n p\u00fablica implicando a todo el vecindario del barrio.<\/em><\/p>\n\n\n\n<p>La acci\u00f3n ten\u00eda como objetivos tanto identificar los recursos, redes y equipamientos como las actividades que se dan en el barrio que pueden tener un efecto en el futuro Centro C\u00edvico. Se trabaj\u00f3 con las personas que no hab\u00edan podido asistir al taller previo. Adem\u00e1s, sirvi\u00f3 como acci\u00f3n de difusi\u00f3n del proceso participativo.<\/p>\n\n\n\n<figure class=\"wp-block-gallery has-nested-images columns-default is-cropped wp-block-gallery-1 is-layout-flex wp-block-gallery-is-layout-flex\">\n<figure class=\"wp-block-image size-large\"><img loading=\"lazy\" decoding=\"async\" width=\"768\" height=\"1024\" data-id=\"94\" src=\"https:\/\/www.valencia.es\/participacentrecivicpatraix\/wp-content\/uploads\/2022\/06\/photo_2022-06-30_10-11-51-768x1024.jpg\" alt=\"\" class=\"wp-image-94\" srcset=\"https:\/\/www.valencia.es\/participacentrecivicpatraix\/wp-content\/uploads\/2022\/06\/photo_2022-06-30_10-11-51-768x1024.jpg 768w, https:\/\/www.valencia.es\/participacentrecivicpatraix\/wp-content\/uploads\/2022\/06\/photo_2022-06-30_10-11-51-225x300.jpg 225w, https:\/\/www.valencia.es\/participacentrecivicpatraix\/wp-content\/uploads\/2022\/06\/photo_2022-06-30_10-11-51.jpg 960w\" sizes=\"auto, (max-width: 768px) 100vw, 768px\" \/><\/figure>\n\n\n\n<figure class=\"wp-block-image size-large\"><img loading=\"lazy\" decoding=\"async\" width=\"768\" height=\"1024\" data-id=\"95\" src=\"https:\/\/www.valencia.es\/participacentrecivicpatraix\/wp-content\/uploads\/2022\/06\/photo_2022-06-30_10-12-24-768x1024.jpg\" alt=\"\" class=\"wp-image-95\" srcset=\"https:\/\/www.valencia.es\/participacentrecivicpatraix\/wp-content\/uploads\/2022\/06\/photo_2022-06-30_10-12-24-768x1024.jpg 768w, https:\/\/www.valencia.es\/participacentrecivicpatraix\/wp-content\/uploads\/2022\/06\/photo_2022-06-30_10-12-24-225x300.jpg 225w, https:\/\/www.valencia.es\/participacentrecivicpatraix\/wp-content\/uploads\/2022\/06\/photo_2022-06-30_10-12-24.jpg 960w\" sizes=\"auto, (max-width: 768px) 100vw, 768px\" \/><\/figure>\n<\/figure>\n","protected":false},"excerpt":{"rendered":"<p>acci\u00f3 p\u00fablica El 18 de juny es va realitzar l&#8217;acci\u00f3 p\u00fablica implicant a tot el ve\u00efnat del barri. L&#8217;acci\u00f3 tenia com a objectiu tant\u00a0identificar\u00a0els recursos, xarxes i equipaments com activitats que es donen en el barri i que poden tenir un efecte en el futur Centre C\u00edvic de la m\u00e0 de les persones que no [&hellip;]<\/p>\n","protected":false},"author":1,"featured_media":0,"parent":0,"menu_order":0,"comment_status":"closed","ping_status":"closed","template":"","meta":{"footnotes":""},"class_list":["post-91","page","type-page","status-publish","hentry"],"_links":{"self":[{"href":"https:\/\/www.valencia.es\/participacentrecivicpatraix\/index.php\/wp-json\/wp\/v2\/pages\/91","targetHints":{"allow":["GET"]}}],"collection":[{"href":"https:\/\/www.valencia.es\/participacentrecivicpatraix\/index.php\/wp-json\/wp\/v2\/pages"}],"about":[{"href":"https:\/\/www.valencia.es\/participacentrecivicpatraix\/index.php\/wp-json\/wp\/v2\/types\/page"}],"author":[{"embeddable":true,"href":"https:\/\/www.valencia.es\/participacentrecivicpatraix\/index.php\/wp-json\/wp\/v2\/users\/1"}],"replies":[{"embeddable":true,"href":"https:\/\/www.valencia.es\/participacentrecivicpatraix\/index.php\/wp-json\/wp\/v2\/comments?post=91"}],"version-history":[{"count":1,"href":"https:\/\/www.valencia.es\/participacentrecivicpatraix\/index.php\/wp-json\/wp\/v2\/pages\/91\/revisions"}],"predecessor-version":[{"id":96,"href":"https:\/\/www.valencia.es\/participacentrecivicpatraix\/index.php\/wp-json\/wp\/v2\/pages\/91\/revisions\/96"}],"wp:attachment":[{"href":"https:\/\/www.valencia.es\/participacentrecivicpatraix\/index.php\/wp-json\/wp\/v2\/media?parent=91"}],"curies":[{"name":"wp","href":"https:\/\/api.w.org\/{rel}","templated":true}]}}