{"id":82,"date":"2022-06-30T07:55:12","date_gmt":"2022-06-30T07:55:12","guid":{"rendered":"https:\/\/www.valencia.es\/participacentrecivicpatraix\/?page_id=82"},"modified":"2022-06-30T07:55:12","modified_gmt":"2022-06-30T07:55:12","slug":"taller-16-de-juny","status":"publish","type":"page","link":"https:\/\/www.valencia.es\/participacentrecivicpatraix\/index.php\/taller-16-de-juny\/","title":{"rendered":"Taller 16 de juny"},"content":{"rendered":"\n<h5 class=\"has-text-color has-background wp-block-heading\" style=\"background-color:#f4afc0;color:#cf2d75\">TALLER INFOMAPS<\/h5>\n\n\n\n<p class=\"has-text-align-left has-medium-font-size\">El 16 de juny es va realitzar el primer taller dirigit a les entitats socials del barri de Patraix, anomenat <em>Taller d&#8217;Infomaps<\/em>.<\/p>\n\n\n\n<p class=\"has-text-align-left has-medium-font-size\">El taller tenia com a objectiu elaborar un diagn\u00f2stic participatiu on identificar els recursos, xarxes, equipaments com a activitats que es donen en el barri i que poden tenir un efecte en el futur centre c\u00edvic. Amb aix\u00f2 es va obrir la reflexi\u00f3 i el debat quant a les possibilitats que es poden establir entre el barri i el centre c\u00edvic Patraix, per a buscar amb aix\u00f2 elements de relaci\u00f3 que potencien el contingut d&#8217;aquest futur espai.<\/p>\n\n\n\n<hr class=\"wp-block-separator has-alpha-channel-opacity is-style-dots\"\/>\n\n\n\n<p><em>El 16 de Junio se realiz\u00f3 el primer taller dirigido a las entidades sociales del barrio de Patraix, denominado<\/em> <em>Taller de Infomaps. <\/em><\/p>\n\n\n\n<p><em>El taller ten\u00eda como objetivo elaborar un diagn\u00f3stico participativo donde identificar los recursos, redes, equipaciones como actividades que se dan en el barrio y que pueden tener un efecto en el futuro centro c\u00edvico. Con esto se abri\u00f3 la reflexi\u00f3n y el debate en cuanto a las posibilidades que se pueden establecer entre el barrio y el centro c\u00edvico Patraix, para buscar con esto elementos de relaci\u00f3n que potencien el contenido de este futuro espacio.<\/em><\/p>\n\n\n\n<div class=\"wp-block-columns is-layout-flex wp-container-core-columns-is-layout-28f84493 wp-block-columns-is-layout-flex\">\n<div class=\"wp-block-column is-layout-flow wp-block-column-is-layout-flow\">\n<figure class=\"wp-block-image size-large\"><img loading=\"lazy\" decoding=\"async\" width=\"768\" height=\"1024\" src=\"https:\/\/www.valencia.es\/participacentrecivicpatraix\/wp-content\/uploads\/2022\/06\/IMAGE-2022-06-17-175628-768x1024.jpg\" alt=\"\" class=\"wp-image-61\" srcset=\"https:\/\/www.valencia.es\/participacentrecivicpatraix\/wp-content\/uploads\/2022\/06\/IMAGE-2022-06-17-175628-768x1024.jpg 768w, https:\/\/www.valencia.es\/participacentrecivicpatraix\/wp-content\/uploads\/2022\/06\/IMAGE-2022-06-17-175628-225x300.jpg 225w, https:\/\/www.valencia.es\/participacentrecivicpatraix\/wp-content\/uploads\/2022\/06\/IMAGE-2022-06-17-175628.jpg 960w\" sizes=\"auto, (max-width: 768px) 100vw, 768px\" \/><\/figure>\n<\/div>\n\n\n\n<div class=\"wp-block-column is-layout-flow wp-block-column-is-layout-flow\">\n<figure class=\"wp-block-image size-large\"><img loading=\"lazy\" decoding=\"async\" width=\"768\" height=\"1024\" src=\"https:\/\/www.valencia.es\/participacentrecivicpatraix\/wp-content\/uploads\/2022\/06\/IMAGE-2022-06-17-175617-768x1024.jpg\" alt=\"\" class=\"wp-image-58\" srcset=\"https:\/\/www.valencia.es\/participacentrecivicpatraix\/wp-content\/uploads\/2022\/06\/IMAGE-2022-06-17-175617-768x1024.jpg 768w, https:\/\/www.valencia.es\/participacentrecivicpatraix\/wp-content\/uploads\/2022\/06\/IMAGE-2022-06-17-175617-225x300.jpg 225w, https:\/\/www.valencia.es\/participacentrecivicpatraix\/wp-content\/uploads\/2022\/06\/IMAGE-2022-06-17-175617.jpg 960w\" sizes=\"auto, (max-width: 768px) 100vw, 768px\" \/><\/figure>\n<\/div>\n<\/div>\n\n\n\n<div class=\"wp-block-columns is-layout-flex wp-container-core-columns-is-layout-28f84493 wp-block-columns-is-layout-flex\">\n<div class=\"wp-block-column is-layout-flow wp-block-column-is-layout-flow\">\n<figure class=\"wp-block-image size-large\"><img loading=\"lazy\" decoding=\"async\" width=\"768\" height=\"1024\" src=\"https:\/\/www.valencia.es\/participacentrecivicpatraix\/wp-content\/uploads\/2022\/06\/IMAGE-2022-06-17-175610-768x1024.jpg\" alt=\"\" class=\"wp-image-60\" srcset=\"https:\/\/www.valencia.es\/participacentrecivicpatraix\/wp-content\/uploads\/2022\/06\/IMAGE-2022-06-17-175610-768x1024.jpg 768w, https:\/\/www.valencia.es\/participacentrecivicpatraix\/wp-content\/uploads\/2022\/06\/IMAGE-2022-06-17-175610-225x300.jpg 225w, https:\/\/www.valencia.es\/participacentrecivicpatraix\/wp-content\/uploads\/2022\/06\/IMAGE-2022-06-17-175610.jpg 960w\" sizes=\"auto, (max-width: 768px) 100vw, 768px\" \/><\/figure>\n<\/div>\n\n\n\n<div class=\"wp-block-column is-layout-flow wp-block-column-is-layout-flow\">\n<figure class=\"wp-block-image size-large\"><img loading=\"lazy\" decoding=\"async\" width=\"768\" height=\"1024\" src=\"https:\/\/www.valencia.es\/participacentrecivicpatraix\/wp-content\/uploads\/2022\/06\/IMAGE-2022-06-17-175602-768x1024.jpg\" alt=\"\" class=\"wp-image-59\" srcset=\"https:\/\/www.valencia.es\/participacentrecivicpatraix\/wp-content\/uploads\/2022\/06\/IMAGE-2022-06-17-175602-768x1024.jpg 768w, https:\/\/www.valencia.es\/participacentrecivicpatraix\/wp-content\/uploads\/2022\/06\/IMAGE-2022-06-17-175602-225x300.jpg 225w, https:\/\/www.valencia.es\/participacentrecivicpatraix\/wp-content\/uploads\/2022\/06\/IMAGE-2022-06-17-175602.jpg 960w\" sizes=\"auto, (max-width: 768px) 100vw, 768px\" \/><\/figure>\n<\/div>\n<\/div>\n","protected":false},"excerpt":{"rendered":"<p>TALLER INFOMAPS El 16 de juny es va realitzar el primer taller dirigit a les entitats socials del barri de Patraix, anomenat Taller d&#8217;Infomaps. El taller tenia com a objectiu elaborar un diagn\u00f2stic participatiu on identificar els recursos, xarxes, equipaments com a activitats que es donen en el barri i que poden tenir un efecte [&hellip;]<\/p>\n","protected":false},"author":1,"featured_media":0,"parent":0,"menu_order":0,"comment_status":"closed","ping_status":"closed","template":"","meta":{"footnotes":""},"class_list":["post-82","page","type-page","status-publish","hentry"],"_links":{"self":[{"href":"https:\/\/www.valencia.es\/participacentrecivicpatraix\/index.php\/wp-json\/wp\/v2\/pages\/82","targetHints":{"allow":["GET"]}}],"collection":[{"href":"https:\/\/www.valencia.es\/participacentrecivicpatraix\/index.php\/wp-json\/wp\/v2\/pages"}],"about":[{"href":"https:\/\/www.valencia.es\/participacentrecivicpatraix\/index.php\/wp-json\/wp\/v2\/types\/page"}],"author":[{"embeddable":true,"href":"https:\/\/www.valencia.es\/participacentrecivicpatraix\/index.php\/wp-json\/wp\/v2\/users\/1"}],"replies":[{"embeddable":true,"href":"https:\/\/www.valencia.es\/participacentrecivicpatraix\/index.php\/wp-json\/wp\/v2\/comments?post=82"}],"version-history":[{"count":1,"href":"https:\/\/www.valencia.es\/participacentrecivicpatraix\/index.php\/wp-json\/wp\/v2\/pages\/82\/revisions"}],"predecessor-version":[{"id":84,"href":"https:\/\/www.valencia.es\/participacentrecivicpatraix\/index.php\/wp-json\/wp\/v2\/pages\/82\/revisions\/84"}],"wp:attachment":[{"href":"https:\/\/www.valencia.es\/participacentrecivicpatraix\/index.php\/wp-json\/wp\/v2\/media?parent=82"}],"curies":[{"name":"wp","href":"https:\/\/api.w.org\/{rel}","templated":true}]}}