{"id":149,"date":"2022-12-15T09:26:08","date_gmt":"2022-12-15T09:26:08","guid":{"rendered":"https:\/\/stoic-driscoll.82-223-152-184.plesk.page\/participa\/"},"modified":"2022-12-22T14:54:21","modified_gmt":"2022-12-22T14:54:21","slug":"participa","status":"publish","type":"page","link":"https:\/\/www.valencia.es\/imaginaparcdesembocadura\/participa\/","title":{"rendered":"Participa!"},"content":{"rendered":"\t\t<div data-elementor-type=\"wp-page\" data-elementor-id=\"149\" class=\"elementor elementor-149\">\n\t\t\t\t\t\t\t\t\t<section class=\"elementor-section elementor-top-section elementor-element elementor-element-ff4264c elementor-section-boxed elementor-section-height-default elementor-section-height-default\" data-id=\"ff4264c\" data-element_type=\"section\" data-settings=\"{&quot;background_background&quot;:&quot;classic&quot;}\">\n\t\t\t\t\t\t\t<div class=\"elementor-background-overlay\"><\/div>\n\t\t\t\t\t\t\t<div class=\"elementor-container elementor-column-gap-default\">\n\t\t\t\t\t<div class=\"elementor-column elementor-col-100 elementor-top-column elementor-element elementor-element-948a9e7\" data-id=\"948a9e7\" data-element_type=\"column\">\n\t\t\t<div class=\"elementor-widget-wrap elementor-element-populated\">\n\t\t\t\t\t\t\t\t<section class=\"elementor-section elementor-inner-section elementor-element elementor-element-0880faa elementor-section-boxed elementor-section-height-default elementor-section-height-default\" data-id=\"0880faa\" data-element_type=\"section\">\n\t\t\t\t\t\t<div class=\"elementor-container elementor-column-gap-default\">\n\t\t\t\t\t<div class=\"elementor-column elementor-col-50 elementor-inner-column elementor-element elementor-element-2c7c512 elementor-invisible\" data-id=\"2c7c512\" data-element_type=\"column\" data-settings=\"{&quot;animation&quot;:&quot;fadeInLeft&quot;}\">\n\t\t\t<div class=\"elementor-widget-wrap elementor-element-populated\">\n\t\t\t\t\t\t\t\t<div class=\"elementor-element elementor-element-7a9a92a elementor-widget elementor-widget-heading\" data-id=\"7a9a92a\" data-element_type=\"widget\" data-widget_type=\"heading.default\">\n\t\t\t\t<div class=\"elementor-widget-container\">\n\t\t\t<style>\/*! elementor - v3.9.1 - 14-12-2022 *\/\n.elementor-heading-title{padding:0;margin:0;line-height:1}.elementor-widget-heading .elementor-heading-title[class*=elementor-size-]>a{color:inherit;font-size:inherit;line-height:inherit}.elementor-widget-heading .elementor-heading-title.elementor-size-small{font-size:15px}.elementor-widget-heading .elementor-heading-title.elementor-size-medium{font-size:19px}.elementor-widget-heading .elementor-heading-title.elementor-size-large{font-size:29px}.elementor-widget-heading .elementor-heading-title.elementor-size-xl{font-size:39px}.elementor-widget-heading .elementor-heading-title.elementor-size-xxl{font-size:59px}<\/style><h1 class=\"elementor-heading-title elementor-size-default\">Participa!<\/h1>\t\t<\/div>\n\t\t\t\t<\/div>\n\t\t\t\t\t<\/div>\n\t\t<\/div>\n\t\t\t\t<div class=\"elementor-column elementor-col-50 elementor-inner-column elementor-element elementor-element-befde12 elementor-invisible\" data-id=\"befde12\" data-element_type=\"column\" data-settings=\"{&quot;animation&quot;:&quot;bounceIn&quot;}\">\n\t\t\t<div class=\"elementor-widget-wrap elementor-element-populated\">\n\t\t\t\t\t\t\t\t<div class=\"elementor-element elementor-element-57210d2 elementor-widget elementor-widget-image\" data-id=\"57210d2\" data-element_type=\"widget\" data-widget_type=\"image.default\">\n\t\t\t\t<div class=\"elementor-widget-container\">\n\t\t\t<style>\/*! elementor - v3.9.1 - 14-12-2022 *\/\n.elementor-widget-image{text-align:center}.elementor-widget-image a{display:inline-block}.elementor-widget-image a img[src$=\".svg\"]{width:48px}.elementor-widget-image img{vertical-align:middle;display:inline-block}<\/style>\t\t\t\t\t\t\t\t\t\t\t\t<img loading=\"lazy\" decoding=\"async\" width=\"1024\" height=\"564\" src=\"https:\/\/www.valencia.es\/imaginaparcdesembocadura\/wp-content\/uploads\/2022\/12\/ParcDesembocadura01-1024x564.jpg\" class=\"attachment-large size-large wp-image-89\" alt=\"\" srcset=\"https:\/\/www.valencia.es\/imaginaparcdesembocadura\/wp-content\/uploads\/2022\/12\/ParcDesembocadura01-1024x564.jpg 1024w, https:\/\/www.valencia.es\/imaginaparcdesembocadura\/wp-content\/uploads\/2022\/12\/ParcDesembocadura01-300x165.jpg 300w, https:\/\/www.valencia.es\/imaginaparcdesembocadura\/wp-content\/uploads\/2022\/12\/ParcDesembocadura01-768x423.jpg 768w, https:\/\/www.valencia.es\/imaginaparcdesembocadura\/wp-content\/uploads\/2022\/12\/ParcDesembocadura01-1536x846.jpg 1536w, https:\/\/www.valencia.es\/imaginaparcdesembocadura\/wp-content\/uploads\/2022\/12\/ParcDesembocadura01-2048x1128.jpg 2048w\" sizes=\"auto, (max-width: 1024px) 100vw, 1024px\" \/>\t\t\t\t\t\t\t\t\t\t\t\t\t\t\t<\/div>\n\t\t\t\t<\/div>\n\t\t\t\t\t<\/div>\n\t\t<\/div>\n\t\t\t\t\t\t\t<\/div>\n\t\t<\/section>\n\t\t\t\t\t<\/div>\n\t\t<\/div>\n\t\t\t\t\t\t\t<\/div>\n\t\t<\/section>\n\t\t\t\t<section class=\"elementor-section elementor-top-section elementor-element elementor-element-2b6a804 elementor-section-boxed elementor-section-height-default elementor-section-height-default\" data-id=\"2b6a804\" data-element_type=\"section\">\n\t\t\t\t\t\t<div class=\"elementor-container elementor-column-gap-default\">\n\t\t\t\t\t<div class=\"elementor-column elementor-col-33 elementor-top-column elementor-element elementor-element-b6cb49b\" data-id=\"b6cb49b\" data-element_type=\"column\">\n\t\t\t<div class=\"elementor-widget-wrap elementor-element-populated\">\n\t\t\t\t\t\t\t\t<div class=\"elementor-element elementor-element-aa130b1 elementor-widget elementor-widget-image\" data-id=\"aa130b1\" data-element_type=\"widget\" data-widget_type=\"image.default\">\n\t\t\t\t<div class=\"elementor-widget-container\">\n\t\t\t\t\t\t\t\t\t\t\t\t\t\t\t<img loading=\"lazy\" decoding=\"async\" width=\"1000\" height=\"1000\" src=\"https:\/\/www.valencia.es\/imaginaparcdesembocadura\/wp-content\/uploads\/2022\/12\/OMBRA-RIU-I-CONVIU.jpg\" class=\"attachment-large size-large wp-image-320\" alt=\"\" srcset=\"https:\/\/www.valencia.es\/imaginaparcdesembocadura\/wp-content\/uploads\/2022\/12\/OMBRA-RIU-I-CONVIU.jpg 1000w, https:\/\/www.valencia.es\/imaginaparcdesembocadura\/wp-content\/uploads\/2022\/12\/OMBRA-RIU-I-CONVIU-300x300.jpg 300w, https:\/\/www.valencia.es\/imaginaparcdesembocadura\/wp-content\/uploads\/2022\/12\/OMBRA-RIU-I-CONVIU-150x150.jpg 150w, https:\/\/www.valencia.es\/imaginaparcdesembocadura\/wp-content\/uploads\/2022\/12\/OMBRA-RIU-I-CONVIU-768x768.jpg 768w\" sizes=\"auto, (max-width: 1000px) 100vw, 1000px\" \/>\t\t\t\t\t\t\t\t\t\t\t\t\t\t\t<\/div>\n\t\t\t\t<\/div>\n\t\t\t\t<div class=\"elementor-element elementor-element-6bdd3b2 elementor-widget elementor-widget-heading\" data-id=\"6bdd3b2\" data-element_type=\"widget\" data-widget_type=\"heading.default\">\n\t\t\t\t<div class=\"elementor-widget-container\">\n\t\t\t<h2 class=\"elementor-heading-title elementor-size-default\">OMBRA, RIU I CONVIU<\/h2>\t\t<\/div>\n\t\t\t\t<\/div>\n\t\t\t\t<div class=\"elementor-element elementor-element-4c39ba6 elementor-align-center elementor-widget elementor-widget-button\" data-id=\"4c39ba6\" data-element_type=\"widget\" data-widget_type=\"button.default\">\n\t\t\t\t<div class=\"elementor-widget-container\">\n\t\t\t\t\t<div class=\"elementor-button-wrapper\">\n\t\t\t<a href=\"https:\/\/www.valencia.es\/imaginaparcdesembocadura\/participa\/ombra-riu-i-conviu\/\" class=\"elementor-button-link elementor-button elementor-size-sm\" role=\"button\">\n\t\t\t\t\t\t<span class=\"elementor-button-content-wrapper\">\n\t\t\t\t\t\t<span class=\"elementor-button-text\">M\u00e9s informaci\u00f3<\/span>\n\t\t<\/span>\n\t\t\t\t\t<\/a>\n\t\t<\/div>\n\t\t\t\t<\/div>\n\t\t\t\t<\/div>\n\t\t\t\t\t<\/div>\n\t\t<\/div>\n\t\t\t\t<div class=\"elementor-column elementor-col-33 elementor-top-column elementor-element elementor-element-51edd66\" data-id=\"51edd66\" data-element_type=\"column\">\n\t\t\t<div class=\"elementor-widget-wrap elementor-element-populated\">\n\t\t\t\t\t\t\t\t<div class=\"elementor-element elementor-element-3ba4716 elementor-widget elementor-widget-image\" data-id=\"3ba4716\" data-element_type=\"widget\" data-widget_type=\"image.default\">\n\t\t\t\t<div class=\"elementor-widget-container\">\n\t\t\t\t\t\t\t\t\t\t\t\t\t\t\t<img loading=\"lazy\" decoding=\"async\" width=\"1000\" height=\"1000\" src=\"https:\/\/www.valencia.es\/imaginaparcdesembocadura\/wp-content\/uploads\/2022\/12\/SENDES_DAIGUA_PANELL.jpg\" class=\"attachment-large size-large wp-image-413\" alt=\"\" srcset=\"https:\/\/www.valencia.es\/imaginaparcdesembocadura\/wp-content\/uploads\/2022\/12\/SENDES_DAIGUA_PANELL.jpg 1000w, https:\/\/www.valencia.es\/imaginaparcdesembocadura\/wp-content\/uploads\/2022\/12\/SENDES_DAIGUA_PANELL-300x300.jpg 300w, https:\/\/www.valencia.es\/imaginaparcdesembocadura\/wp-content\/uploads\/2022\/12\/SENDES_DAIGUA_PANELL-150x150.jpg 150w, https:\/\/www.valencia.es\/imaginaparcdesembocadura\/wp-content\/uploads\/2022\/12\/SENDES_DAIGUA_PANELL-768x768.jpg 768w\" sizes=\"auto, (max-width: 1000px) 100vw, 1000px\" \/>\t\t\t\t\t\t\t\t\t\t\t\t\t\t\t<\/div>\n\t\t\t\t<\/div>\n\t\t\t\t<div class=\"elementor-element elementor-element-bd6184b elementor-widget elementor-widget-heading\" data-id=\"bd6184b\" data-element_type=\"widget\" data-widget_type=\"heading.default\">\n\t\t\t\t<div class=\"elementor-widget-container\">\n\t\t\t<h2 class=\"elementor-heading-title elementor-size-default\">SENDES D\u2019AIGUA\n<\/h2>\t\t<\/div>\n\t\t\t\t<\/div>\n\t\t\t\t<div class=\"elementor-element elementor-element-39bc4b6 elementor-align-center elementor-widget elementor-widget-button\" data-id=\"39bc4b6\" data-element_type=\"widget\" data-widget_type=\"button.default\">\n\t\t\t\t<div class=\"elementor-widget-container\">\n\t\t\t\t\t<div class=\"elementor-button-wrapper\">\n\t\t\t<a href=\"https:\/\/www.valencia.es\/imaginaparcdesembocadura\/participa\/sendes-daigua\/\" class=\"elementor-button-link elementor-button elementor-size-sm\" role=\"button\">\n\t\t\t\t\t\t<span class=\"elementor-button-content-wrapper\">\n\t\t\t\t\t\t<span class=\"elementor-button-text\">M\u00e9s informaci\u00f3<\/span>\n\t\t<\/span>\n\t\t\t\t\t<\/a>\n\t\t<\/div>\n\t\t\t\t<\/div>\n\t\t\t\t<\/div>\n\t\t\t\t\t<\/div>\n\t\t<\/div>\n\t\t\t\t<div class=\"elementor-column elementor-col-33 elementor-top-column elementor-element elementor-element-1e0c852\" data-id=\"1e0c852\" data-element_type=\"column\">\n\t\t\t<div class=\"elementor-widget-wrap elementor-element-populated\">\n\t\t\t\t\t\t\t\t<div class=\"elementor-element elementor-element-ec38a3f elementor-widget elementor-widget-image\" data-id=\"ec38a3f\" data-element_type=\"widget\" data-widget_type=\"image.default\">\n\t\t\t\t<div class=\"elementor-widget-container\">\n\t\t\t\t\t\t\t\t\t\t\t\t\t\t\t<img loading=\"lazy\" decoding=\"async\" width=\"1000\" height=\"1000\" src=\"https:\/\/www.valencia.es\/imaginaparcdesembocadura\/wp-content\/uploads\/2022\/12\/RIU-DIVERSITAT.jpg\" class=\"attachment-large size-large wp-image-411\" alt=\"\" srcset=\"https:\/\/www.valencia.es\/imaginaparcdesembocadura\/wp-content\/uploads\/2022\/12\/RIU-DIVERSITAT.jpg 1000w, https:\/\/www.valencia.es\/imaginaparcdesembocadura\/wp-content\/uploads\/2022\/12\/RIU-DIVERSITAT-300x300.jpg 300w, https:\/\/www.valencia.es\/imaginaparcdesembocadura\/wp-content\/uploads\/2022\/12\/RIU-DIVERSITAT-150x150.jpg 150w, https:\/\/www.valencia.es\/imaginaparcdesembocadura\/wp-content\/uploads\/2022\/12\/RIU-DIVERSITAT-768x768.jpg 768w\" sizes=\"auto, (max-width: 1000px) 100vw, 1000px\" \/>\t\t\t\t\t\t\t\t\t\t\t\t\t\t\t<\/div>\n\t\t\t\t<\/div>\n\t\t\t\t<div class=\"elementor-element elementor-element-60469c0 elementor-widget elementor-widget-heading\" data-id=\"60469c0\" data-element_type=\"widget\" data-widget_type=\"heading.default\">\n\t\t\t\t<div class=\"elementor-widget-container\">\n\t\t\t<h2 class=\"elementor-heading-title elementor-size-default\">RIU-DIVERSITAT\n<\/h2>\t\t<\/div>\n\t\t\t\t<\/div>\n\t\t\t\t<div class=\"elementor-element elementor-element-776adb0 elementor-align-center elementor-widget elementor-widget-button\" data-id=\"776adb0\" data-element_type=\"widget\" data-widget_type=\"button.default\">\n\t\t\t\t<div class=\"elementor-widget-container\">\n\t\t\t\t\t<div class=\"elementor-button-wrapper\">\n\t\t\t<a href=\"https:\/\/www.valencia.es\/imaginaparcdesembocadura\/participa\/riu-diversitat\/\" class=\"elementor-button-link elementor-button elementor-size-sm\" role=\"button\">\n\t\t\t\t\t\t<span class=\"elementor-button-content-wrapper\">\n\t\t\t\t\t\t<span class=\"elementor-button-text\">M\u00e9s informaci\u00f3<\/span>\n\t\t<\/span>\n\t\t\t\t\t<\/a>\n\t\t<\/div>\n\t\t\t\t<\/div>\n\t\t\t\t<\/div>\n\t\t\t\t\t<\/div>\n\t\t<\/div>\n\t\t\t\t\t\t\t<\/div>\n\t\t<\/section>\n\t\t\t\t<section class=\"elementor-section elementor-top-section elementor-element elementor-element-0bda195 elementor-section-boxed elementor-section-height-default elementor-section-height-default\" data-id=\"0bda195\" data-element_type=\"section\">\n\t\t\t\t\t\t<div class=\"elementor-container elementor-column-gap-default\">\n\t\t\t\t\t<div class=\"elementor-column elementor-col-25 elementor-top-column elementor-element elementor-element-65f6836\" data-id=\"65f6836\" data-element_type=\"column\">\n\t\t\t<div class=\"elementor-widget-wrap\">\n\t\t\t\t\t\t\t\t\t<\/div>\n\t\t<\/div>\n\t\t\t\t<div class=\"elementor-column elementor-col-25 elementor-top-column elementor-element elementor-element-f4ed002\" data-id=\"f4ed002\" data-element_type=\"column\">\n\t\t\t<div class=\"elementor-widget-wrap elementor-element-populated\">\n\t\t\t\t\t\t\t\t<div class=\"elementor-element elementor-element-d81d0ea elementor-widget elementor-widget-image\" data-id=\"d81d0ea\" data-element_type=\"widget\" data-widget_type=\"image.default\">\n\t\t\t\t<div class=\"elementor-widget-container\">\n\t\t\t\t\t\t\t\t\t\t\t\t\t\t\t<img loading=\"lazy\" decoding=\"async\" width=\"1000\" height=\"1000\" src=\"https:\/\/www.valencia.es\/imaginaparcdesembocadura\/wp-content\/uploads\/2022\/12\/confluir_panell2.jpg\" class=\"attachment-large size-large wp-image-359\" alt=\"\" srcset=\"https:\/\/www.valencia.es\/imaginaparcdesembocadura\/wp-content\/uploads\/2022\/12\/confluir_panell2.jpg 1000w, https:\/\/www.valencia.es\/imaginaparcdesembocadura\/wp-content\/uploads\/2022\/12\/confluir_panell2-300x300.jpg 300w, https:\/\/www.valencia.es\/imaginaparcdesembocadura\/wp-content\/uploads\/2022\/12\/confluir_panell2-150x150.jpg 150w, https:\/\/www.valencia.es\/imaginaparcdesembocadura\/wp-content\/uploads\/2022\/12\/confluir_panell2-768x768.jpg 768w\" sizes=\"auto, (max-width: 1000px) 100vw, 1000px\" \/>\t\t\t\t\t\t\t\t\t\t\t\t\t\t\t<\/div>\n\t\t\t\t<\/div>\n\t\t\t\t<div class=\"elementor-element elementor-element-025cb62 elementor-widget elementor-widget-heading\" data-id=\"025cb62\" data-element_type=\"widget\" data-widget_type=\"heading.default\">\n\t\t\t\t<div class=\"elementor-widget-container\">\n\t\t\t<h2 class=\"elementor-heading-title elementor-size-default\">CON(FLUIR)\n<\/h2>\t\t<\/div>\n\t\t\t\t<\/div>\n\t\t\t\t<div class=\"elementor-element elementor-element-d6b0254 elementor-align-center elementor-widget elementor-widget-button\" data-id=\"d6b0254\" data-element_type=\"widget\" data-widget_type=\"button.default\">\n\t\t\t\t<div class=\"elementor-widget-container\">\n\t\t\t\t\t<div class=\"elementor-button-wrapper\">\n\t\t\t<a href=\"https:\/\/www.valencia.es\/imaginaparcdesembocadura\/participa\/confluir\/\" class=\"elementor-button-link elementor-button elementor-size-sm\" role=\"button\">\n\t\t\t\t\t\t<span class=\"elementor-button-content-wrapper\">\n\t\t\t\t\t\t<span class=\"elementor-button-text\">M\u00e9s informaci\u00f3<\/span>\n\t\t<\/span>\n\t\t\t\t\t<\/a>\n\t\t<\/div>\n\t\t\t\t<\/div>\n\t\t\t\t<\/div>\n\t\t\t\t\t<\/div>\n\t\t<\/div>\n\t\t\t\t<div class=\"elementor-column elementor-col-25 elementor-top-column elementor-element elementor-element-baf5af7\" data-id=\"baf5af7\" data-element_type=\"column\">\n\t\t\t<div class=\"elementor-widget-wrap elementor-element-populated\">\n\t\t\t\t\t\t\t\t<div class=\"elementor-element elementor-element-918c4f0 elementor-widget elementor-widget-image\" data-id=\"918c4f0\" data-element_type=\"widget\" data-widget_type=\"image.default\">\n\t\t\t\t<div class=\"elementor-widget-container\">\n\t\t\t\t\t\t\t\t\t\t\t\t\t\t\t<img loading=\"lazy\" decoding=\"async\" width=\"1000\" height=\"1000\" src=\"https:\/\/www.valencia.es\/imaginaparcdesembocadura\/wp-content\/uploads\/2022\/12\/Verd-Mari\u0301_Panel-2.jpg\" class=\"attachment-large size-large wp-image-415\" alt=\"\" srcset=\"https:\/\/www.valencia.es\/imaginaparcdesembocadura\/wp-content\/uploads\/2022\/12\/Verd-Mari\u0301_Panel-2.jpg 1000w, https:\/\/www.valencia.es\/imaginaparcdesembocadura\/wp-content\/uploads\/2022\/12\/Verd-Mari\u0301_Panel-2-300x300.jpg 300w, https:\/\/www.valencia.es\/imaginaparcdesembocadura\/wp-content\/uploads\/2022\/12\/Verd-Mari\u0301_Panel-2-150x150.jpg 150w, https:\/\/www.valencia.es\/imaginaparcdesembocadura\/wp-content\/uploads\/2022\/12\/Verd-Mari\u0301_Panel-2-768x768.jpg 768w\" sizes=\"auto, (max-width: 1000px) 100vw, 1000px\" \/>\t\t\t\t\t\t\t\t\t\t\t\t\t\t\t<\/div>\n\t\t\t\t<\/div>\n\t\t\t\t<div class=\"elementor-element elementor-element-1789061 elementor-widget elementor-widget-heading\" data-id=\"1789061\" data-element_type=\"widget\" data-widget_type=\"heading.default\">\n\t\t\t\t<div class=\"elementor-widget-container\">\n\t\t\t<h2 class=\"elementor-heading-title elementor-size-default\">VERD MAR\u00cd\n<\/h2>\t\t<\/div>\n\t\t\t\t<\/div>\n\t\t\t\t<div class=\"elementor-element elementor-element-04b0cb4 elementor-align-center elementor-widget elementor-widget-button\" data-id=\"04b0cb4\" data-element_type=\"widget\" data-widget_type=\"button.default\">\n\t\t\t\t<div class=\"elementor-widget-container\">\n\t\t\t\t\t<div class=\"elementor-button-wrapper\">\n\t\t\t<a href=\"https:\/\/www.valencia.es\/imaginaparcdesembocadura\/participa\/verd-mari\/\" class=\"elementor-button-link elementor-button elementor-size-sm\" role=\"button\">\n\t\t\t\t\t\t<span class=\"elementor-button-content-wrapper\">\n\t\t\t\t\t\t<span class=\"elementor-button-text\">M\u00e9s informaci\u00f3<\/span>\n\t\t<\/span>\n\t\t\t\t\t<\/a>\n\t\t<\/div>\n\t\t\t\t<\/div>\n\t\t\t\t<\/div>\n\t\t\t\t\t<\/div>\n\t\t<\/div>\n\t\t\t\t<div class=\"elementor-column elementor-col-25 elementor-top-column elementor-element elementor-element-fe184d3\" data-id=\"fe184d3\" data-element_type=\"column\">\n\t\t\t<div class=\"elementor-widget-wrap\">\n\t\t\t\t\t\t\t\t\t<\/div>\n\t\t<\/div>\n\t\t\t\t\t\t\t<\/div>\n\t\t<\/section>\n\t\t\t\t\t\t\t<\/div>\n\t\t","protected":false},"excerpt":{"rendered":"<p>Participa! OMBRA, RIU I CONVIU M\u00e9s informaci\u00f3 SENDES D\u2019AIGUA M\u00e9s informaci\u00f3 RIU-DIVERSITAT M\u00e9s informaci\u00f3 CON(FLUIR) M\u00e9s informaci\u00f3 VERD MAR\u00cd M\u00e9s informaci\u00f3<\/p>\n","protected":false},"author":1,"featured_media":0,"parent":0,"menu_order":0,"comment_status":"closed","ping_status":"closed","template":"","meta":{"site-sidebar-layout":"no-sidebar","site-content-layout":"page-builder","ast-global-header-display":"","ast-main-header-display":"","ast-hfb-above-header-display":"","ast-hfb-below-header-display":"","ast-hfb-mobile-header-display":"","site-post-title":"disabled","ast-breadcrumbs-content":"","ast-featured-img":"disabled","footer-sml-layout":"","theme-transparent-header-meta":"default","adv-header-id-meta":"","stick-header-meta":"","header-above-stick-meta":"","header-main-stick-meta":"","header-below-stick-meta":"","footnotes":""},"class_list":["post-149","page","type-page","status-publish","hentry"],"_links":{"self":[{"href":"https:\/\/www.valencia.es\/imaginaparcdesembocadura\/wp-json\/wp\/v2\/pages\/149","targetHints":{"allow":["GET"]}}],"collection":[{"href":"https:\/\/www.valencia.es\/imaginaparcdesembocadura\/wp-json\/wp\/v2\/pages"}],"about":[{"href":"https:\/\/www.valencia.es\/imaginaparcdesembocadura\/wp-json\/wp\/v2\/types\/page"}],"author":[{"embeddable":true,"href":"https:\/\/www.valencia.es\/imaginaparcdesembocadura\/wp-json\/wp\/v2\/users\/1"}],"replies":[{"embeddable":true,"href":"https:\/\/www.valencia.es\/imaginaparcdesembocadura\/wp-json\/wp\/v2\/comments?post=149"}],"version-history":[{"count":28,"href":"https:\/\/www.valencia.es\/imaginaparcdesembocadura\/wp-json\/wp\/v2\/pages\/149\/revisions"}],"predecessor-version":[{"id":774,"href":"https:\/\/www.valencia.es\/imaginaparcdesembocadura\/wp-json\/wp\/v2\/pages\/149\/revisions\/774"}],"wp:attachment":[{"href":"https:\/\/www.valencia.es\/imaginaparcdesembocadura\/wp-json\/wp\/v2\/media?parent=149"}],"curies":[{"name":"wp","href":"https:\/\/api.w.org\/{rel}","templated":true}]}}