{"id":75,"date":"2021-07-11T14:46:33","date_gmt":"2021-07-11T14:46:33","guid":{"rendered":"https:\/\/malilla.suerostudio.com\/?page_id=75"},"modified":"2021-10-17T09:46:12","modified_gmt":"2021-10-17T09:46:12","slug":"contacto","status":"publish","type":"page","link":"https:\/\/www.valencia.es\/estrategiamalilla\/contacto\/","title":{"rendered":"Contacte"},"content":{"rendered":"\t\t<div data-elementor-type=\"wp-page\" data-elementor-id=\"75\" class=\"elementor elementor-75\">\n\t\t\t\t\t\t\t\t\t<section class=\"elementor-section elementor-top-section elementor-element elementor-element-1e8c81a elementor-section-full_width elementor-section-height-default elementor-section-height-default\" data-id=\"1e8c81a\" data-element_type=\"section\" data-settings=\"{&quot;background_background&quot;:&quot;classic&quot;}\">\n\t\t\t\t\t\t<div class=\"elementor-container elementor-column-gap-default\">\n\t\t\t\t\t<div class=\"elementor-column elementor-col-100 elementor-top-column elementor-element elementor-element-019963b\" data-id=\"019963b\" data-element_type=\"column\" data-settings=\"{&quot;background_background&quot;:&quot;classic&quot;}\">\n\t\t\t<div class=\"elementor-widget-wrap elementor-element-populated\">\n\t\t\t\t\t\t\t\t<div class=\"elementor-element elementor-element-85a1f64 elementor-widget elementor-widget-heading\" data-id=\"85a1f64\" data-element_type=\"widget\" data-widget_type=\"heading.default\">\n\t\t\t\t<div class=\"elementor-widget-container\">\n\t\t\t<h2 class=\"elementor-heading-title elementor-size-default\">Contacte<\/h2>\t\t<\/div>\n\t\t\t\t<\/div>\n\t\t\t\t\t<\/div>\n\t\t<\/div>\n\t\t\t\t\t\t\t<\/div>\n\t\t<\/section>\n\t\t\t\t<section class=\"elementor-section elementor-top-section elementor-element elementor-element-bba823b elementor-section-full_width elementor-section-height-default elementor-section-height-default\" data-id=\"bba823b\" data-element_type=\"section\" data-settings=\"{&quot;background_background&quot;:&quot;classic&quot;}\">\n\t\t\t\t\t\t<div class=\"elementor-container elementor-column-gap-default\">\n\t\t\t\t\t<div class=\"elementor-column elementor-col-100 elementor-top-column elementor-element elementor-element-9267837\" data-id=\"9267837\" data-element_type=\"column\">\n\t\t\t<div class=\"elementor-widget-wrap elementor-element-populated\">\n\t\t\t\t\t\t\t\t<div class=\"elementor-element elementor-element-88cc3bc elementor-widget elementor-widget-text-editor\" data-id=\"88cc3bc\" data-element_type=\"widget\" data-widget_type=\"text-editor.default\">\n\t\t\t\t<div class=\"elementor-widget-container\">\n\t\t\t\t\t\t\t<p style=\"font-size: 22px;\"><strong>Si tens algun dubte i\/o suggeriment per al projecte <em>Hola Malilla, Estrat\u00e8gia participada de barri<\/em> pots enviar-nos un correu a: estrategiamalilla@valencia.es<\/strong><\/p>\n\nEste projecte s\u2019impulsa per la Regidoria de Participaci\u00f3 de l\u2019Ajuntament de Val\u00e8ncia amb l\u2019objectiu de facilitar la participaci\u00f3 de la ciutadania en la vida pol\u00edtica, econ\u00f2mica, cultural i social, alhora que s\u2019assenten els valors democr\u00e0tics, fomentant la participaci\u00f3 activa de la ciutadania, no sols en la presa de decisions sin\u00f2 tamb\u00e9 en la coproducci\u00f3 de les pol\u00edtiques p\u00fabliques i en la resoluci\u00f3 de problem\u00e0tiques al seu territori.\n\nL\u2019equip t\u00e8cnic que coordina i realitza aquest projecte som Crearqci\u00f3 Coop. V. junt amb Aida Vizca\u00edno\t\t\t\t\t\t<\/div>\n\t\t\t\t<\/div>\n\t\t\t\t<div class=\"elementor-element elementor-element-d5b6c6a elementor-widget elementor-widget-text-editor\" data-id=\"d5b6c6a\" data-element_type=\"widget\" data-widget_type=\"text-editor.default\">\n\t\t\t\t<div class=\"elementor-widget-container\">\n\t\t\t\t\t\t\t<p style=\"text-decoration: underline;\">Crearqci\u00f3 Coop. V.<\/p><p>Cooperativa d\u2019arquitectes amb experi\u00e8ncia professional en els camps de l\u2019arquitectura i de l\u2019urbanisme. Baix l\u2019objectiu d\u2019aconseguir una pr\u00e0ctica arrelada i compromesa centren el treball a trav\u00e9s de dos eixos d\u2019especialitzaci\u00f3 : Espais de proximitat i Ciutats inclusives.<\/p><p>El seu treball busca posar al centre dels projectes les necessitats de les usu\u00e0ries i habitants dels espais. La seua experi\u00e8ncia en coordinaci\u00f3 i dinamitzaci\u00f3 d\u2019espais de participaci\u00f3 els dona les ferramentes clau per activar processos de pensament i disseny col\u00b7lectiu, que asseguren la cura, la diversitat de veus i la riquesa de resultats i del proc\u00e9s.<\/p><p style=\"text-decoration: underline;\">Aida Vizca\u00edno<\/p><p>Soci\u00f2loga i polit\u00f2loga, \u00e9s consultora pol\u00edtica i de l\u2019administraci\u00f3. Al llarg dels anys ha treballat projectes relacionats amb l\u2019an\u00e0lisi sociopol\u00edtic, l\u2019avaluaci\u00f3, la participaci\u00f3 i la transpar\u00e8ncia en l\u2019administraci\u00f3 i les pol\u00edtiques p\u00fabliques, els processos de patrimonialitzaci\u00f3 i la igualtat i temes de g\u00e8nere.<\/p><p>Forma part de l\u2019Estudi Mirador, un estudi multidisciplinar que desenvolupa projectes integrals de recerca i experimentaci\u00f3 sociocultural. Treballem sobre el patrimoni, el territori i les mem\u00f2ries col\u00b7lectives. Ens mou l\u2019inter\u00e8s per con\u00e9ixer i donar a con\u00e9ixer el nostre entorn des d\u2019una perspectiva compromesa amb el present.<\/p><p>Juntament amb la consultoria, la formaci\u00f3 universit\u00e0ria \u00e9s l\u2019altra cara del seu perfil professional. \u00c9s professora associada de Ci\u00e8ncia Pol\u00edtica i de l\u2019Administraci\u00f3 de la Universitat de Val\u00e8ncia.<\/p><p>En la seua vessant divulgativa, \u00e9s autora de \u201cEl barri que vam imaginar. Cartografia de la lluita ve\u00efnal a Sant Marcel\u00b7l\u00ed\u201d (2017) i \u201cReceptari Extraviat. Hist\u00f2ries al voltant de la taula a Bonrep\u00f2s i Mirambell (Horta Nord)<\/p>\t\t\t\t\t\t<\/div>\n\t\t\t\t<\/div>\n\t\t\t\t\t<\/div>\n\t\t<\/div>\n\t\t\t\t\t\t\t<\/div>\n\t\t<\/section>\n\t\t\t\t\t\t\t<\/div>\n\t\t","protected":false},"excerpt":{"rendered":"<p>Contacte Si tens algun dubte i\/o suggeriment per al projecte Hola Malilla, Estrat\u00e8gia participada de barri pots enviar-nos un correu a: estrategiamalilla@valencia.es Este projecte s\u2019impulsa per la Regidoria de Participaci\u00f3 de l\u2019Ajuntament de Val\u00e8ncia amb l\u2019objectiu de facilitar la participaci\u00f3 de la ciutadania en la vida pol\u00edtica, econ\u00f2mica, cultural i social, alhora que s\u2019assenten els &#8230; <a title=\"Contacte\" class=\"read-more\" href=\"https:\/\/www.valencia.es\/estrategiamalilla\/contacto\/\" aria-label=\"M\u00e9s sobre Contacte\">Llegiu m\u00e9s<\/a><\/p>\n","protected":false},"author":1,"featured_media":0,"parent":0,"menu_order":0,"comment_status":"closed","ping_status":"closed","template":"elementor_header_footer","meta":{"footnotes":""},"class_list":["post-75","page","type-page","status-publish"],"_links":{"self":[{"href":"https:\/\/www.valencia.es\/estrategiamalilla\/wp-json\/wp\/v2\/pages\/75","targetHints":{"allow":["GET"]}}],"collection":[{"href":"https:\/\/www.valencia.es\/estrategiamalilla\/wp-json\/wp\/v2\/pages"}],"about":[{"href":"https:\/\/www.valencia.es\/estrategiamalilla\/wp-json\/wp\/v2\/types\/page"}],"author":[{"embeddable":true,"href":"https:\/\/www.valencia.es\/estrategiamalilla\/wp-json\/wp\/v2\/users\/1"}],"replies":[{"embeddable":true,"href":"https:\/\/www.valencia.es\/estrategiamalilla\/wp-json\/wp\/v2\/comments?post=75"}],"version-history":[{"count":85,"href":"https:\/\/www.valencia.es\/estrategiamalilla\/wp-json\/wp\/v2\/pages\/75\/revisions"}],"predecessor-version":[{"id":1578,"href":"https:\/\/www.valencia.es\/estrategiamalilla\/wp-json\/wp\/v2\/pages\/75\/revisions\/1578"}],"wp:attachment":[{"href":"https:\/\/www.valencia.es\/estrategiamalilla\/wp-json\/wp\/v2\/media?parent=75"}],"curies":[{"name":"wp","href":"https:\/\/api.w.org\/{rel}","templated":true}]}}