{"id":67,"date":"2021-07-11T14:44:18","date_gmt":"2021-07-11T14:44:18","guid":{"rendered":"https:\/\/malilla.suerostudio.com\/?page_id=67"},"modified":"2022-01-31T11:21:18","modified_gmt":"2022-01-31T11:21:18","slug":"que-es","status":"publish","type":"page","link":"https:\/\/www.valencia.es\/estrategiamalilla\/que-es\/","title":{"rendered":"Qu\u00e8 \u00e9s?"},"content":{"rendered":"\t\t<div data-elementor-type=\"wp-page\" data-elementor-id=\"67\" class=\"elementor elementor-67\">\n\t\t\t\t\t\t\t\t\t<section class=\"elementor-section elementor-top-section elementor-element elementor-element-613439a3 elementor-section-full_width elementor-section-height-default elementor-section-height-default\" data-id=\"613439a3\" data-element_type=\"section\" data-settings=\"{&quot;background_background&quot;:&quot;classic&quot;}\">\n\t\t\t\t\t\t<div class=\"elementor-container elementor-column-gap-no\">\n\t\t\t\t\t<div class=\"elementor-column elementor-col-100 elementor-top-column elementor-element elementor-element-30d47ac5\" data-id=\"30d47ac5\" data-element_type=\"column\" data-settings=\"{&quot;background_background&quot;:&quot;classic&quot;}\">\n\t\t\t<div class=\"elementor-widget-wrap elementor-element-populated\">\n\t\t\t\t\t\t\t\t<div class=\"elementor-element elementor-element-44315f1f elementor-widget elementor-widget-heading\" data-id=\"44315f1f\" data-element_type=\"widget\" data-widget_type=\"heading.default\">\n\t\t\t\t<div class=\"elementor-widget-container\">\n\t\t\t<h2 class=\"elementor-heading-title elementor-size-default\">Qu\u00e8 \u00e9s?<\/h2>\t\t<\/div>\n\t\t\t\t<\/div>\n\t\t\t\t\t<\/div>\n\t\t<\/div>\n\t\t\t\t\t\t\t<\/div>\n\t\t<\/section>\n\t\t\t\t<section class=\"elementor-section elementor-top-section elementor-element elementor-element-515e06e5 elementor-section-full_width elementor-section-height-default elementor-section-height-default\" data-id=\"515e06e5\" data-element_type=\"section\" data-settings=\"{&quot;background_background&quot;:&quot;classic&quot;}\">\n\t\t\t\t\t\t<div class=\"elementor-container elementor-column-gap-no\">\n\t\t\t\t\t<div class=\"elementor-column elementor-col-50 elementor-top-column elementor-element elementor-element-54096048 elementor-hidden-phone\" data-id=\"54096048\" data-element_type=\"column\" data-settings=\"{&quot;background_background&quot;:&quot;classic&quot;}\">\n\t\t\t<div class=\"elementor-widget-wrap elementor-element-populated\">\n\t\t\t\t\t\t\t\t<div class=\"elementor-element elementor-element-16289bad elementor-widget elementor-widget-html\" data-id=\"16289bad\" data-element_type=\"widget\" data-widget_type=\"html.default\">\n\t\t\t\t<div class=\"elementor-widget-container\">\n\t\t\t<span><\/span>\t\t<\/div>\n\t\t\t\t<\/div>\n\t\t\t\t\t<\/div>\n\t\t<\/div>\n\t\t\t\t<div class=\"elementor-column elementor-col-50 elementor-top-column elementor-element elementor-element-3d4ec837\" data-id=\"3d4ec837\" data-element_type=\"column\">\n\t\t\t<div class=\"elementor-widget-wrap elementor-element-populated\">\n\t\t\t\t\t\t\t\t<section class=\"elementor-section elementor-inner-section elementor-element elementor-element-2a39e419 elementor-section-full_width elementor-section-height-min-height elementor-section-height-default\" data-id=\"2a39e419\" data-element_type=\"section\">\n\t\t\t\t\t\t<div class=\"elementor-container elementor-column-gap-default\">\n\t\t\t\t\t<div class=\"elementor-column elementor-col-100 elementor-inner-column elementor-element elementor-element-4aacf9d5\" data-id=\"4aacf9d5\" data-element_type=\"column\" data-settings=\"{&quot;background_background&quot;:&quot;classic&quot;}\">\n\t\t\t<div class=\"elementor-widget-wrap elementor-element-populated\">\n\t\t\t\t\t\t\t\t<div class=\"elementor-element elementor-element-11a47131 elementor-widget elementor-widget-text-editor\" data-id=\"11a47131\" data-element_type=\"widget\" data-widget_type=\"text-editor.default\">\n\t\t\t\t<div class=\"elementor-widget-container\">\n\t\t\t\t\t\t\tHola Malilla<\/br><span style=\"text-decoration: underline;\">Estrat\u00e8gia participada de barri<\/span>\t\t\t\t\t\t<\/div>\n\t\t\t\t<\/div>\n\t\t\t\t<div class=\"elementor-element elementor-element-788a696 elementor-arrows-position-inside elementor-widget elementor-widget-image-carousel\" data-id=\"788a696\" data-element_type=\"widget\" data-settings=\"{&quot;slides_to_scroll&quot;:&quot;1&quot;,&quot;navigation&quot;:&quot;arrows&quot;,&quot;image_spacing_custom&quot;:{&quot;unit&quot;:&quot;px&quot;,&quot;size&quot;:30,&quot;sizes&quot;:[]},&quot;slides_to_show&quot;:&quot;2&quot;,&quot;autoplay&quot;:&quot;yes&quot;,&quot;pause_on_hover&quot;:&quot;yes&quot;,&quot;pause_on_interaction&quot;:&quot;yes&quot;,&quot;autoplay_speed&quot;:5000,&quot;infinite&quot;:&quot;yes&quot;,&quot;speed&quot;:500,&quot;image_spacing_custom_tablet&quot;:{&quot;unit&quot;:&quot;px&quot;,&quot;size&quot;:&quot;&quot;,&quot;sizes&quot;:[]},&quot;image_spacing_custom_mobile&quot;:{&quot;unit&quot;:&quot;px&quot;,&quot;size&quot;:&quot;&quot;,&quot;sizes&quot;:[]}}\" data-widget_type=\"image-carousel.default\">\n\t\t\t\t<div class=\"elementor-widget-container\">\n\t\t\t\t\t<div class=\"elementor-image-carousel-wrapper swiper-container\" dir=\"ltr\">\n\t\t\t<div class=\"elementor-image-carousel swiper-wrapper\">\n\t\t\t\t\t\t\t\t<div class=\"swiper-slide\"><a data-elementor-open-lightbox=\"yes\" data-elementor-lightbox-slideshow=\"788a696\" data-elementor-lightbox-title=\"06052021-_MG_8111\" data-e-action-hash=\"#elementor-action%3Aaction%3Dlightbox%26settings%3DeyJpZCI6MTE0NSwidXJsIjoiaHR0cHM6XC9cL3d3dy52YWxlbmNpYS5lc1wvZXN0cmF0ZWdpYW1hbGlsbGFcL3dwLWNvbnRlbnRcL3VwbG9hZHNcLzIwMjFcLzA5XC8wNjA1MjAyMS1fTUdfODExMS1zY2FsZWQuanBnIiwic2xpZGVzaG93IjoiNzg4YTY5NiJ9\" href=\"https:\/\/www.valencia.es\/estrategiamalilla\/wp-content\/uploads\/2021\/09\/06052021-_MG_8111-scaled.jpg\"><figure class=\"swiper-slide-inner\"><img decoding=\"async\" class=\"swiper-slide-image\" src=\"https:\/\/www.valencia.es\/estrategiamalilla\/wp-content\/uploads\/2021\/09\/06052021-_MG_8111-768x512.jpg\" alt=\"06052021-_MG_8111\" \/><\/figure><\/a><\/div><div class=\"swiper-slide\"><a data-elementor-open-lightbox=\"yes\" data-elementor-lightbox-slideshow=\"788a696\" data-elementor-lightbox-title=\"06052021-_MG_8258\" data-e-action-hash=\"#elementor-action%3Aaction%3Dlightbox%26settings%3DeyJpZCI6MTE0NiwidXJsIjoiaHR0cHM6XC9cL3d3dy52YWxlbmNpYS5lc1wvZXN0cmF0ZWdpYW1hbGlsbGFcL3dwLWNvbnRlbnRcL3VwbG9hZHNcLzIwMjFcLzA5XC8wNjA1MjAyMS1fTUdfODI1OC1zY2FsZWQuanBnIiwic2xpZGVzaG93IjoiNzg4YTY5NiJ9\" href=\"https:\/\/www.valencia.es\/estrategiamalilla\/wp-content\/uploads\/2021\/09\/06052021-_MG_8258-scaled.jpg\"><figure class=\"swiper-slide-inner\"><img decoding=\"async\" class=\"swiper-slide-image\" src=\"https:\/\/www.valencia.es\/estrategiamalilla\/wp-content\/uploads\/2021\/09\/06052021-_MG_8258-768x512.jpg\" alt=\"06052021-_MG_8258\" \/><\/figure><\/a><\/div><div class=\"swiper-slide\"><a data-elementor-open-lightbox=\"yes\" data-elementor-lightbox-slideshow=\"788a696\" data-elementor-lightbox-title=\"06052021-_MG_8264\" data-e-action-hash=\"#elementor-action%3Aaction%3Dlightbox%26settings%3DeyJpZCI6MTE0NywidXJsIjoiaHR0cHM6XC9cL3d3dy52YWxlbmNpYS5lc1wvZXN0cmF0ZWdpYW1hbGlsbGFcL3dwLWNvbnRlbnRcL3VwbG9hZHNcLzIwMjFcLzA5XC8wNjA1MjAyMS1fTUdfODI2NC1zY2FsZWQuanBnIiwic2xpZGVzaG93IjoiNzg4YTY5NiJ9\" href=\"https:\/\/www.valencia.es\/estrategiamalilla\/wp-content\/uploads\/2021\/09\/06052021-_MG_8264-scaled.jpg\"><figure class=\"swiper-slide-inner\"><img decoding=\"async\" class=\"swiper-slide-image\" src=\"https:\/\/www.valencia.es\/estrategiamalilla\/wp-content\/uploads\/2021\/09\/06052021-_MG_8264-768x512.jpg\" alt=\"06052021-_MG_8264\" \/><\/figure><\/a><\/div><div class=\"swiper-slide\"><a data-elementor-open-lightbox=\"yes\" data-elementor-lightbox-slideshow=\"788a696\" data-elementor-lightbox-title=\"06052021-_MG_8267\" data-e-action-hash=\"#elementor-action%3Aaction%3Dlightbox%26settings%3DeyJpZCI6MTE0OCwidXJsIjoiaHR0cHM6XC9cL3d3dy52YWxlbmNpYS5lc1wvZXN0cmF0ZWdpYW1hbGlsbGFcL3dwLWNvbnRlbnRcL3VwbG9hZHNcLzIwMjFcLzA5XC8wNjA1MjAyMS1fTUdfODI2Ny1zY2FsZWQuanBnIiwic2xpZGVzaG93IjoiNzg4YTY5NiJ9\" href=\"https:\/\/www.valencia.es\/estrategiamalilla\/wp-content\/uploads\/2021\/09\/06052021-_MG_8267-scaled.jpg\"><figure class=\"swiper-slide-inner\"><img decoding=\"async\" class=\"swiper-slide-image\" src=\"https:\/\/www.valencia.es\/estrategiamalilla\/wp-content\/uploads\/2021\/09\/06052021-_MG_8267-768x512.jpg\" alt=\"06052021-_MG_8267\" \/><\/figure><\/a><\/div><div class=\"swiper-slide\"><a data-elementor-open-lightbox=\"yes\" data-elementor-lightbox-slideshow=\"788a696\" data-elementor-lightbox-title=\"28052021-_MG_8583\" data-e-action-hash=\"#elementor-action%3Aaction%3Dlightbox%26settings%3DeyJpZCI6MTE0OSwidXJsIjoiaHR0cHM6XC9cL3d3dy52YWxlbmNpYS5lc1wvZXN0cmF0ZWdpYW1hbGlsbGFcL3dwLWNvbnRlbnRcL3VwbG9hZHNcLzIwMjFcLzA5XC8yODA1MjAyMS1fTUdfODU4My1zY2FsZWQuanBnIiwic2xpZGVzaG93IjoiNzg4YTY5NiJ9\" href=\"https:\/\/www.valencia.es\/estrategiamalilla\/wp-content\/uploads\/2021\/09\/28052021-_MG_8583-scaled.jpg\"><figure class=\"swiper-slide-inner\"><img decoding=\"async\" class=\"swiper-slide-image\" src=\"https:\/\/www.valencia.es\/estrategiamalilla\/wp-content\/uploads\/2021\/09\/28052021-_MG_8583-768x512.jpg\" alt=\"28052021-_MG_8583\" \/><\/figure><\/a><\/div><div class=\"swiper-slide\"><a data-elementor-open-lightbox=\"yes\" data-elementor-lightbox-slideshow=\"788a696\" data-elementor-lightbox-title=\"28052021-_MG_8636\" data-e-action-hash=\"#elementor-action%3Aaction%3Dlightbox%26settings%3DeyJpZCI6MTE1MSwidXJsIjoiaHR0cHM6XC9cL3d3dy52YWxlbmNpYS5lc1wvZXN0cmF0ZWdpYW1hbGlsbGFcL3dwLWNvbnRlbnRcL3VwbG9hZHNcLzIwMjFcLzA5XC8yODA1MjAyMS1fTUdfODYzNi1zY2FsZWQuanBnIiwic2xpZGVzaG93IjoiNzg4YTY5NiJ9\" href=\"https:\/\/www.valencia.es\/estrategiamalilla\/wp-content\/uploads\/2021\/09\/28052021-_MG_8636-scaled.jpg\"><figure class=\"swiper-slide-inner\"><img decoding=\"async\" class=\"swiper-slide-image\" src=\"https:\/\/www.valencia.es\/estrategiamalilla\/wp-content\/uploads\/2021\/09\/28052021-_MG_8636-768x512.jpg\" alt=\"28052021-_MG_8636\" \/><\/figure><\/a><\/div><div class=\"swiper-slide\"><a data-elementor-open-lightbox=\"yes\" data-elementor-lightbox-slideshow=\"788a696\" data-elementor-lightbox-title=\"28052021-_MG_8668\" data-e-action-hash=\"#elementor-action%3Aaction%3Dlightbox%26settings%3DeyJpZCI6MTE1MiwidXJsIjoiaHR0cHM6XC9cL3d3dy52YWxlbmNpYS5lc1wvZXN0cmF0ZWdpYW1hbGlsbGFcL3dwLWNvbnRlbnRcL3VwbG9hZHNcLzIwMjFcLzA5XC8yODA1MjAyMS1fTUdfODY2OC1zY2FsZWQuanBnIiwic2xpZGVzaG93IjoiNzg4YTY5NiJ9\" href=\"https:\/\/www.valencia.es\/estrategiamalilla\/wp-content\/uploads\/2021\/09\/28052021-_MG_8668-scaled.jpg\"><figure class=\"swiper-slide-inner\"><img decoding=\"async\" class=\"swiper-slide-image\" src=\"https:\/\/www.valencia.es\/estrategiamalilla\/wp-content\/uploads\/2021\/09\/28052021-_MG_8668-768x512.jpg\" alt=\"28052021-_MG_8668\" \/><\/figure><\/a><\/div><div class=\"swiper-slide\"><a data-elementor-open-lightbox=\"yes\" data-elementor-lightbox-slideshow=\"788a696\" data-elementor-lightbox-title=\"28052021-_MG_8697\" data-e-action-hash=\"#elementor-action%3Aaction%3Dlightbox%26settings%3DeyJpZCI6MTE1MywidXJsIjoiaHR0cHM6XC9cL3d3dy52YWxlbmNpYS5lc1wvZXN0cmF0ZWdpYW1hbGlsbGFcL3dwLWNvbnRlbnRcL3VwbG9hZHNcLzIwMjFcLzA5XC8yODA1MjAyMS1fTUdfODY5Ny1zY2FsZWQuanBnIiwic2xpZGVzaG93IjoiNzg4YTY5NiJ9\" href=\"https:\/\/www.valencia.es\/estrategiamalilla\/wp-content\/uploads\/2021\/09\/28052021-_MG_8697-scaled.jpg\"><figure class=\"swiper-slide-inner\"><img decoding=\"async\" class=\"swiper-slide-image\" src=\"https:\/\/www.valencia.es\/estrategiamalilla\/wp-content\/uploads\/2021\/09\/28052021-_MG_8697-768x512.jpg\" alt=\"28052021-_MG_8697\" \/><\/figure><\/a><\/div><div class=\"swiper-slide\"><a data-elementor-open-lightbox=\"yes\" data-elementor-lightbox-slideshow=\"788a696\" data-elementor-lightbox-title=\"28052021-_MG_8725\" data-e-action-hash=\"#elementor-action%3Aaction%3Dlightbox%26settings%3DeyJpZCI6MTE1NCwidXJsIjoiaHR0cHM6XC9cL3d3dy52YWxlbmNpYS5lc1wvZXN0cmF0ZWdpYW1hbGlsbGFcL3dwLWNvbnRlbnRcL3VwbG9hZHNcLzIwMjFcLzA5XC8yODA1MjAyMS1fTUdfODcyNS1zY2FsZWQuanBnIiwic2xpZGVzaG93IjoiNzg4YTY5NiJ9\" href=\"https:\/\/www.valencia.es\/estrategiamalilla\/wp-content\/uploads\/2021\/09\/28052021-_MG_8725-scaled.jpg\"><figure class=\"swiper-slide-inner\"><img decoding=\"async\" class=\"swiper-slide-image\" src=\"https:\/\/www.valencia.es\/estrategiamalilla\/wp-content\/uploads\/2021\/09\/28052021-_MG_8725-768x512.jpg\" alt=\"28052021-_MG_8725\" \/><\/figure><\/a><\/div><div class=\"swiper-slide\"><a data-elementor-open-lightbox=\"yes\" data-elementor-lightbox-slideshow=\"788a696\" data-elementor-lightbox-title=\"A_06052021-_MG_8257\" data-e-action-hash=\"#elementor-action%3Aaction%3Dlightbox%26settings%3DeyJpZCI6MTE1NSwidXJsIjoiaHR0cHM6XC9cL3d3dy52YWxlbmNpYS5lc1wvZXN0cmF0ZWdpYW1hbGlsbGFcL3dwLWNvbnRlbnRcL3VwbG9hZHNcLzIwMjFcLzA5XC9BXzA2MDUyMDIxLV9NR184MjU3LXNjYWxlZC5qcGciLCJzbGlkZXNob3ciOiI3ODhhNjk2In0%3D\" href=\"https:\/\/www.valencia.es\/estrategiamalilla\/wp-content\/uploads\/2021\/09\/A_06052021-_MG_8257-scaled.jpg\"><figure class=\"swiper-slide-inner\"><img decoding=\"async\" class=\"swiper-slide-image\" src=\"https:\/\/www.valencia.es\/estrategiamalilla\/wp-content\/uploads\/2021\/09\/A_06052021-_MG_8257-768x512.jpg\" alt=\"A_06052021-_MG_8257\" \/><\/figure><\/a><\/div><div class=\"swiper-slide\"><a data-elementor-open-lightbox=\"yes\" data-elementor-lightbox-slideshow=\"788a696\" data-elementor-lightbox-title=\"B_28052021-_MG_8594\" data-e-action-hash=\"#elementor-action%3Aaction%3Dlightbox%26settings%3DeyJpZCI6MTE1NiwidXJsIjoiaHR0cHM6XC9cL3d3dy52YWxlbmNpYS5lc1wvZXN0cmF0ZWdpYW1hbGlsbGFcL3dwLWNvbnRlbnRcL3VwbG9hZHNcLzIwMjFcLzA5XC9CXzI4MDUyMDIxLV9NR184NTk0LXNjYWxlZC5qcGciLCJzbGlkZXNob3ciOiI3ODhhNjk2In0%3D\" href=\"https:\/\/www.valencia.es\/estrategiamalilla\/wp-content\/uploads\/2021\/09\/B_28052021-_MG_8594-scaled.jpg\"><figure class=\"swiper-slide-inner\"><img decoding=\"async\" class=\"swiper-slide-image\" src=\"https:\/\/www.valencia.es\/estrategiamalilla\/wp-content\/uploads\/2021\/09\/B_28052021-_MG_8594-768x512.jpg\" alt=\"B_28052021-_MG_8594\" \/><\/figure><\/a><\/div>\t\t\t<\/div>\n\t\t\t\t\t\t\t\t\t\t\t\t\t\t\t\t<div class=\"elementor-swiper-button elementor-swiper-button-prev\" role=\"button\" tabindex=\"0\">\n\t\t\t\t\t\t<i aria-hidden=\"true\" class=\"eicon-chevron-left\"><\/i>\t\t\t\t\t\t<span class=\"elementor-screen-only\">Previous image<\/span>\n\t\t\t\t\t<\/div>\n\t\t\t\t\t<div class=\"elementor-swiper-button elementor-swiper-button-next\" role=\"button\" tabindex=\"0\">\n\t\t\t\t\t\t<i aria-hidden=\"true\" class=\"eicon-chevron-right\"><\/i>\t\t\t\t\t\t<span class=\"elementor-screen-only\">Next image<\/span>\n\t\t\t\t\t<\/div>\n\t\t\t\t\t\t\t\t\t<\/div>\n\t\t\t\t<\/div>\n\t\t\t\t<\/div>\n\t\t\t\t<div class=\"elementor-element elementor-element-e9c224b elementor-widget elementor-widget-text-editor\" data-id=\"e9c224b\" data-element_type=\"widget\" data-widget_type=\"text-editor.default\">\n\t\t\t\t<div class=\"elementor-widget-container\">\n\t\t\t\t\t\t\t<p>Una Estrat\u00e8gia participada de barri \u00e9s un proc\u00e9s de treball col\u00b7lectiu en el qual, mitjan\u00e7ant la coordinaci\u00f3 i suport d\u2019un equip t\u00e8cnic, es recullen les diferents veus del barri per a poder dibuixar un full de ruta cap al barri que volem. Esta\u00a0 Estrat\u00e8gia ens permet definir accions per dur endavant l\u00ednies de treball, aix\u00ed com establir prioritats i terminis per a complir els objectius que ens hem marcat.<\/p><p>Este\u00a0 projecte s\u2019impulsa des de la Regidoria de Participaci\u00f3 de l\u2019Ajuntament de Val\u00e8ncia amb l\u2019objectiu d\u2019introduir la participaci\u00f3 de la ciutadania en la gesti\u00f3 p\u00fablica com a ferramenta imprescindible per a la millora dels barris i l\u2019avan\u00e7 cap a un model de desenvolupament m\u00e9s amable i sostenible, amb una perspectiva centrada en el territori de proximitat.<\/p><p>Per a fer-ho possible, el proc\u00e9s es divideix en diferents fases que guien el desenvolupament del projecte.<\/p>\t\t\t\t\t\t<\/div>\n\t\t\t\t<\/div>\n\t\t\t\t<div class=\"elementor-element elementor-element-7daff78 elementor-hidden-mobile elementor-hidden-tablet elementor-widget elementor-widget-image\" data-id=\"7daff78\" data-element_type=\"widget\" data-widget_type=\"image.default\">\n\t\t\t\t<div class=\"elementor-widget-container\">\n\t\t\t\t\t\t\t\t\t\t\t\t\t\t\t<img loading=\"lazy\" decoding=\"async\" width=\"1024\" height=\"215\" src=\"https:\/\/www.valencia.es\/estrategiamalilla\/wp-content\/uploads\/2021\/09\/Malilla_esquema-fases-2200px1-1024x215.png\" class=\"attachment-large size-large wp-image-1440\" alt=\"\" srcset=\"https:\/\/www.valencia.es\/estrategiamalilla\/wp-content\/uploads\/2021\/09\/Malilla_esquema-fases-2200px1-1024x215.png 1024w, https:\/\/www.valencia.es\/estrategiamalilla\/wp-content\/uploads\/2021\/09\/Malilla_esquema-fases-2200px1-300x63.png 300w, https:\/\/www.valencia.es\/estrategiamalilla\/wp-content\/uploads\/2021\/09\/Malilla_esquema-fases-2200px1-768x161.png 768w, https:\/\/www.valencia.es\/estrategiamalilla\/wp-content\/uploads\/2021\/09\/Malilla_esquema-fases-2200px1-1536x322.png 1536w, https:\/\/www.valencia.es\/estrategiamalilla\/wp-content\/uploads\/2021\/09\/Malilla_esquema-fases-2200px1-2048x430.png 2048w, https:\/\/www.valencia.es\/estrategiamalilla\/wp-content\/uploads\/2021\/09\/Malilla_esquema-fases-2200px1-18x4.png 18w\" sizes=\"auto, (max-width: 1024px) 100vw, 1024px\" \/>\t\t\t\t\t\t\t\t\t\t\t\t\t\t\t<\/div>\n\t\t\t\t<\/div>\n\t\t\t\t<div class=\"elementor-element elementor-element-ca648ce elementor-hidden-mobile elementor-hidden-desktop elementor-widget elementor-widget-image\" data-id=\"ca648ce\" data-element_type=\"widget\" data-widget_type=\"image.default\">\n\t\t\t\t<div class=\"elementor-widget-container\">\n\t\t\t\t\t\t\t\t\t\t\t\t\t\t\t<img loading=\"lazy\" decoding=\"async\" width=\"1024\" height=\"700\" src=\"https:\/\/www.valencia.es\/estrategiamalilla\/wp-content\/uploads\/2021\/09\/Malilla_esquema-fases-tablet-1024x700.png\" class=\"attachment-large size-large wp-image-1439\" alt=\"\" srcset=\"https:\/\/www.valencia.es\/estrategiamalilla\/wp-content\/uploads\/2021\/09\/Malilla_esquema-fases-tablet-1024x700.png 1024w, https:\/\/www.valencia.es\/estrategiamalilla\/wp-content\/uploads\/2021\/09\/Malilla_esquema-fases-tablet-300x205.png 300w, https:\/\/www.valencia.es\/estrategiamalilla\/wp-content\/uploads\/2021\/09\/Malilla_esquema-fases-tablet-768x525.png 768w, https:\/\/www.valencia.es\/estrategiamalilla\/wp-content\/uploads\/2021\/09\/Malilla_esquema-fases-tablet-1536x1049.png 1536w, https:\/\/www.valencia.es\/estrategiamalilla\/wp-content\/uploads\/2021\/09\/Malilla_esquema-fases-tablet-18x12.png 18w, https:\/\/www.valencia.es\/estrategiamalilla\/wp-content\/uploads\/2021\/09\/Malilla_esquema-fases-tablet.png 1720w\" sizes=\"auto, (max-width: 1024px) 100vw, 1024px\" \/>\t\t\t\t\t\t\t\t\t\t\t\t\t\t\t<\/div>\n\t\t\t\t<\/div>\n\t\t\t\t<div class=\"elementor-element elementor-element-cd4d670 elementor-hidden-desktop elementor-hidden-tablet elementor-widget elementor-widget-image\" data-id=\"cd4d670\" data-element_type=\"widget\" data-widget_type=\"image.default\">\n\t\t\t\t<div class=\"elementor-widget-container\">\n\t\t\t\t\t\t\t\t\t\t\t\t\t\t\t<img loading=\"lazy\" decoding=\"async\" width=\"572\" height=\"1024\" src=\"https:\/\/www.valencia.es\/estrategiamalilla\/wp-content\/uploads\/2021\/09\/Malilla_esquema-fases-mvl-572x1024.png\" class=\"attachment-large size-large wp-image-1441\" alt=\"\" srcset=\"https:\/\/www.valencia.es\/estrategiamalilla\/wp-content\/uploads\/2021\/09\/Malilla_esquema-fases-mvl-572x1024.png 572w, https:\/\/www.valencia.es\/estrategiamalilla\/wp-content\/uploads\/2021\/09\/Malilla_esquema-fases-mvl-168x300.png 168w, https:\/\/www.valencia.es\/estrategiamalilla\/wp-content\/uploads\/2021\/09\/Malilla_esquema-fases-mvl-768x1375.png 768w, https:\/\/www.valencia.es\/estrategiamalilla\/wp-content\/uploads\/2021\/09\/Malilla_esquema-fases-mvl-858x1536.png 858w, https:\/\/www.valencia.es\/estrategiamalilla\/wp-content\/uploads\/2021\/09\/Malilla_esquema-fases-mvl-7x12.png 7w, https:\/\/www.valencia.es\/estrategiamalilla\/wp-content\/uploads\/2021\/09\/Malilla_esquema-fases-mvl.png 1033w\" sizes=\"auto, (max-width: 572px) 100vw, 572px\" \/>\t\t\t\t\t\t\t\t\t\t\t\t\t\t\t<\/div>\n\t\t\t\t<\/div>\n\t\t\t\t<div class=\"elementor-element elementor-element-6ad0f68 elementor-widget elementor-widget-text-editor\" data-id=\"6ad0f68\" data-element_type=\"widget\" data-widget_type=\"text-editor.default\">\n\t\t\t\t<div class=\"elementor-widget-container\">\n\t\t\t\t\t\t\t<p><strong>FASE 1. Contextualitzaci\u00f3 del proc\u00e9s i presentaci\u00f3 p\u00fablica [Maig-Octubre 2021]<\/strong><\/p><p style=\"padding-left: 40px;\">El projecte s&#8217;inicia amb l&#8217;estat de la q\u00fcesti\u00f3, \u00e9s a dir, amb una an\u00e0lisi de les dades i les informacions existents sobre la situaci\u00f3 actual de Malilla en tots els temes. A m\u00e9s, s&#8217;han posat una marxa una s\u00e8rie d&#8217;entrevistes explorat\u00f2ries als i les agents i entitats clau per con\u00e9ixer la seua traject\u00f2ria i visi\u00f3. Este suposa el punt de partida per a la presentaci\u00f3 p\u00fablica del projecte.<\/p>\t\t\t\t\t\t<\/div>\n\t\t\t\t<\/div>\n\t\t\t\t<div class=\"elementor-element elementor-element-c316150 elementor-widget elementor-widget-text-editor\" data-id=\"c316150\" data-element_type=\"widget\" data-widget_type=\"text-editor.default\">\n\t\t\t\t<div class=\"elementor-widget-container\">\n\t\t\t\t\t\t\t<p><strong>FASE 2. Auto-diagn\u00f2stic participat <\/strong><strong>[Octubre-Desembre 2021]<\/strong><\/p><p style=\"padding-left: 40px;\">Inici de les accions de contacte i di\u00e0leg amb la ciutadania per elaborar una an\u00e0lisi de la situaci\u00f3 del barri a trav\u00e9s de la percepci\u00f3 dels seus ve\u00efns i ve\u00efnes. Es treballa a trav\u00e9s de q\u00fcestionaris, accions, marxes explorat\u00f2ries i tallers amb grups del ve\u00efnat.<\/p>\t\t\t\t\t\t<\/div>\n\t\t\t\t<\/div>\n\t\t\t\t<div class=\"elementor-element elementor-element-ada53c4 elementor-widget elementor-widget-text-editor\" data-id=\"ada53c4\" data-element_type=\"widget\" data-widget_type=\"text-editor.default\">\n\t\t\t\t<div class=\"elementor-widget-container\">\n\t\t\t\t\t\t\t<p><strong>FASE 3. Formulaci\u00f3 de propostes i consensos [Novembre 2021 -Febrer 2022]<\/strong><\/p><p style=\"padding-left: 40px;\">Definici\u00f3 i prioritzaci\u00f3 d\u2019accions en funci\u00f3 de l\u2019an\u00e0lisi del barri. Organitzaci\u00f3 de l\u00ednies de treball, objectius i tipus d\u2019accions a emprendre. Es realitza amb el Grup Ve\u00efnal i altres espais de participaci\u00f3. Treball fet amb el Grup Ve\u00efnal de l\u2019Estrat\u00e8gia i altres espais de participaci\u00f3.<\/p>\t\t\t\t\t\t<\/div>\n\t\t\t\t<\/div>\n\t\t\t\t<div class=\"elementor-element elementor-element-fb275fd elementor-widget elementor-widget-text-editor\" data-id=\"fb275fd\" data-element_type=\"widget\" data-widget_type=\"text-editor.default\">\n\t\t\t\t<div class=\"elementor-widget-container\">\n\t\t\t\t\t\t\t<p><strong>FASE 4. Redacci\u00f3 de l\u2019Estrat\u00e8gia participada de barri i devoluci\u00f3 de resultats [<\/strong><strong>Gener &#8211; Mar\u00e7 2022]<\/strong><\/p><p style=\"padding-left: 40px;\">Recull de la informaci\u00f3 generada al proc\u00e9s de treball i redacci\u00f3 d\u2019un document que continga la definici\u00f3 de l\u2019Estrat\u00e8gia. Espai de comunicaci\u00f3 dels resultats a la ciutadania, avaluaci\u00f3 del proc\u00e9s i propostes de continu\u00eftat.<\/p>\t\t\t\t\t\t<\/div>\n\t\t\t\t<\/div>\n\t\t\t\t<div class=\"elementor-element elementor-element-5067a8a elementor-widget elementor-widget-text-editor\" data-id=\"5067a8a\" data-element_type=\"widget\" data-widget_type=\"text-editor.default\">\n\t\t\t\t<div class=\"elementor-widget-container\">\n\t\t\t\t\t\t\t<p>Per a facilitar la implicaci\u00f3 dels diferents ve\u00efns i ve\u00efnes, i conscients que no totes disposem del mateix temps lliure, posem en marxa diferents espais de participaci\u00f3 segons la implicaci\u00f3 que vuigues i pugues tenir. Si t\u2019interessa formar-ne part, participa!<\/p>\t\t\t\t\t\t<\/div>\n\t\t\t\t<\/div>\n\t\t\t\t<div class=\"elementor-element elementor-element-5e7fc0f elementor-widget elementor-widget-text-editor\" data-id=\"5e7fc0f\" data-element_type=\"widget\" id=\"noticias\" data-widget_type=\"text-editor.default\">\n\t\t\t\t<div class=\"elementor-widget-container\">\n\t\t\t\t\t\t\t<p><a href=\"https:\/\/www.valencia.es\/estrategiamalilla\/participa\/\"><span style=\"color: #000000;\">Participa<\/span><br \/><img loading=\"lazy\" decoding=\"async\" class=\"alignnone wp-image-659\" src=\"https:\/\/malilla.suerostudio.com\/wp-content\/uploads\/2021\/07\/flecha1.png\" alt=\"\" width=\"87\" height=\"17\" srcset=\"https:\/\/www.valencia.es\/estrategiamalilla\/wp-content\/uploads\/2021\/07\/flecha1.png 112w, https:\/\/www.valencia.es\/estrategiamalilla\/wp-content\/uploads\/2021\/07\/flecha1-16x3.png 16w\" sizes=\"auto, (max-width: 87px) 100vw, 87px\" \/>\u00a0<\/a><\/p>\t\t\t\t\t\t<\/div>\n\t\t\t\t<\/div>\n\t\t\t\t\t<\/div>\n\t\t<\/div>\n\t\t\t\t\t\t\t<\/div>\n\t\t<\/section>\n\t\t\t\t\t<\/div>\n\t\t<\/div>\n\t\t\t\t\t\t\t<\/div>\n\t\t<\/section>\n\t\t\t\t\t\t\t<\/div>\n\t\t","protected":false},"excerpt":{"rendered":"<p>Hola MalillaEstrat\u00e8gia participada de barri Anterior Siguiente Una Estrat\u00e8gia participada de barri \u00e9s un proc\u00e9s de treball col\u00b7lectiu en el qual, mitjan\u00e7ant la coordinaci\u00f3 i suport d\u2019un equip t\u00e8cnic, es recullen les diferents veus del barri per a poder dibuixar un full de ruta cap al barri que volem. Esta\u00a0 Estrat\u00e8gia ens permet definir accions &#8230; <a title=\"Qu\u00e8 \u00e9s?\" class=\"read-more\" href=\"https:\/\/www.valencia.es\/estrategiamalilla\/que-es\/\" aria-label=\"M\u00e9s sobre Qu\u00e8 \u00e9s?\">Llegiu m\u00e9s<\/a><\/p>\n","protected":false},"author":1,"featured_media":0,"parent":0,"menu_order":0,"comment_status":"closed","ping_status":"closed","template":"elementor_header_footer","meta":{"footnotes":""},"class_list":["post-67","page","type-page","status-publish"],"_links":{"self":[{"href":"https:\/\/www.valencia.es\/estrategiamalilla\/wp-json\/wp\/v2\/pages\/67","targetHints":{"allow":["GET"]}}],"collection":[{"href":"https:\/\/www.valencia.es\/estrategiamalilla\/wp-json\/wp\/v2\/pages"}],"about":[{"href":"https:\/\/www.valencia.es\/estrategiamalilla\/wp-json\/wp\/v2\/types\/page"}],"author":[{"embeddable":true,"href":"https:\/\/www.valencia.es\/estrategiamalilla\/wp-json\/wp\/v2\/users\/1"}],"replies":[{"embeddable":true,"href":"https:\/\/www.valencia.es\/estrategiamalilla\/wp-json\/wp\/v2\/comments?post=67"}],"version-history":[{"count":222,"href":"https:\/\/www.valencia.es\/estrategiamalilla\/wp-json\/wp\/v2\/pages\/67\/revisions"}],"predecessor-version":[{"id":2002,"href":"https:\/\/www.valencia.es\/estrategiamalilla\/wp-json\/wp\/v2\/pages\/67\/revisions\/2002"}],"wp:attachment":[{"href":"https:\/\/www.valencia.es\/estrategiamalilla\/wp-json\/wp\/v2\/media?parent=67"}],"curies":[{"name":"wp","href":"https:\/\/api.w.org\/{rel}","templated":true}]}}