{"id":75,"date":"2021-07-11T14:46:33","date_gmt":"2021-07-11T14:46:33","guid":{"rendered":"https:\/\/malilla.suerostudio.com\/?page_id=75"},"modified":"2021-10-17T09:46:12","modified_gmt":"2021-10-17T09:46:12","slug":"contacto","status":"publish","type":"page","link":"https:\/\/www.valencia.es\/estrategiamalilla\/es\/contacto\/","title":{"rendered":"Contacto"},"content":{"rendered":"<div data-elementor-type=\"wp-page\" data-elementor-id=\"75\" class=\"elementor elementor-75\">\n\t\t\t\t\t\t\t\t\t<section class=\"elementor-section elementor-top-section elementor-element elementor-element-1e8c81a elementor-section-full_width elementor-section-height-default elementor-section-height-default\" data-id=\"1e8c81a\" data-element_type=\"section\" data-settings=\"{&quot;background_background&quot;:&quot;classic&quot;}\">\n\t\t\t\t\t\t<div class=\"elementor-container elementor-column-gap-default\">\n\t\t\t\t\t<div class=\"elementor-column elementor-col-100 elementor-top-column elementor-element elementor-element-019963b\" data-id=\"019963b\" data-element_type=\"column\" data-settings=\"{&quot;background_background&quot;:&quot;classic&quot;}\">\n\t\t\t<div class=\"elementor-widget-wrap elementor-element-populated\">\n\t\t\t\t\t\t\t\t<div class=\"elementor-element elementor-element-85a1f64 elementor-widget elementor-widget-heading\" data-id=\"85a1f64\" data-element_type=\"widget\" data-widget_type=\"heading.default\">\n\t\t\t\t<div class=\"elementor-widget-container\">\n\t\t\t<h2 class=\"elementor-heading-title elementor-size-default\">Contacto<\/h2>\t\t<\/div>\n\t\t\t\t<\/div>\n\t\t\t\t\t<\/div>\n\t\t<\/div>\n\t\t\t\t\t\t\t<\/div>\n\t\t<\/section>\n\t\t\t\t<section class=\"elementor-section elementor-top-section elementor-element elementor-element-bba823b elementor-section-full_width elementor-section-height-default elementor-section-height-default\" data-id=\"bba823b\" data-element_type=\"section\" data-settings=\"{&quot;background_background&quot;:&quot;classic&quot;}\">\n\t\t\t\t\t\t<div class=\"elementor-container elementor-column-gap-default\">\n\t\t\t\t\t<div class=\"elementor-column elementor-col-100 elementor-top-column elementor-element elementor-element-9267837\" data-id=\"9267837\" data-element_type=\"column\">\n\t\t\t<div class=\"elementor-widget-wrap elementor-element-populated\">\n\t\t\t\t\t\t\t\t<div class=\"elementor-element elementor-element-88cc3bc elementor-widget elementor-widget-text-editor\" data-id=\"88cc3bc\" data-element_type=\"widget\" data-widget_type=\"text-editor.default\">\n\t\t\t\t<div class=\"elementor-widget-container\">\n\t\t\t\t\t\t\t<p style=\"font-size: 22px;\" class=\" translation-block\">Si tienes alguna duda y\/o sugerencia para el proyecto <em><strong>Hola Malilla, Estartegia participada de barrio<\/strong><\/em> puedes rellenar el siguiente formulario o enviarnos un correo a: estrategiamalilla@valencia.es<\/p>\n\nEste projecte s\u2019impulsa per la Regidoria de Participaci\u00f3 de l\u2019Ajuntament de Val\u00e8ncia amb l\u2019objectiu de facilitar la participaci\u00f3 de la ciutadania en la vida pol\u00edtica, econ\u00f2mica, cultural i social, alhora que s\u2019assenten els valors democr\u00e0tics, fomentant la participaci\u00f3 activa de la ciutadania, no sols en la presa de decisions sin\u00f2 tamb\u00e9 en la coproducci\u00f3 de les pol\u00edtiques p\u00fabliques i en la resoluci\u00f3 de problem\u00e0tiques al seu territori.\n\nL\u2019equip t\u00e8cnic que coordina i realitza aquest projecte som Crearqci\u00f3 Coop. V. junt amb Aida Vizca\u00edno\t\t\t\t\t\t<\/div>\n\t\t\t\t<\/div>\n\t\t\t\t<div class=\"elementor-element elementor-element-d5b6c6a elementor-widget elementor-widget-text-editor\" data-id=\"d5b6c6a\" data-element_type=\"widget\" data-widget_type=\"text-editor.default\">\n\t\t\t\t<div class=\"elementor-widget-container\">\n\t\t\t\t\t\t\t<p style=\"text-decoration: underline;\">Crearqci\u00f3 Coop. V.<\/p><p>Cooperativa de arquitectas con experiencia profesional en los campos de la arquitectura y del urbanismo. Con el objetivo de conseguir una pr\u00e1ctica arraigada y comprometida, centran su trabajo a trav\u00e9s de dos ejes de especializaci\u00f3n: Espacios de proximidad y Ciudades Inclusivas.<\/p><p>Su trabajo busca poner en el centro de los proyectos las necesidades de las usuarias y habitantes de los espacios. Si experiencia en coordinaci\u00f3n y dinamizaci\u00f3n de espacios de participaci\u00f3n les da las herramientas clave para activar procesos de pensamiento y dise\u00f1o colectivo, que aseguran el cuidado, la diversidad de voces y la riqueza de resultados y de proceso.<\/p><p style=\"text-decoration: underline;\">Aida Vizca\u00edno<\/p><p>Sociologa y polit\u00f3loga, es consultora pol\u00edtica y de la administraci\u00f3n. A lo largo de los a\u00f1os ha trabajado proyectos relacionados con el an\u00e1lisis sociopol\u00edtico, la evaluaci\u00f3n, la participaci\u00f3n y la transparencia en la administraci\u00f3n y las pol\u00edticas p\u00fablicas, los procesos de patrimonializaci\u00f3n y la igualdad y temas de g\u00e9nero.<\/p><p>Forma parte del Estudi Mirador, un estudi multidisciplinar que desarrolla proyectos integrales de investigaci\u00f3n y experimentaci\u00f3n sociocultural. Trabajamos sobre el patrimonio, el territorio y las memorias colectivas. Nos mueve el inter\u00e9s por conocer y dar a conocer nuestro entorno desde una perspectiva comprometida con el presente.<\/p><p>Junto con la consultor\u00eda, la formaci\u00f3n universitaria es la otra cara de su perfil profesional. Es profesora asociada de Ciencia Pol\u00edtica y de la Administraci\u00f3n en la Universidad de Val\u00e8ncia.<\/p><p>En su vertiente divulgativa, es autora del \u201cEl barri que vam imaginar. Cartografia de la lluita ve\u00efnal a Sant Marcel\u00b7l\u00ed\u201d (2017) y \u201cReceptari Extraviat. Hist\u00f2ries al voltant de la taula a Bonrep\u00f2s i Mirambell (Horta Nord)<\/p>\t\t\t\t\t\t<\/div>\n\t\t\t\t<\/div>\n\t\t\t\t\t<\/div>\n\t\t<\/div>\n\t\t\t\t\t\t\t<\/div>\n\t\t<\/section>\n\t\t\t\t\t\t\t<\/div>","protected":false},"excerpt":{"rendered":"<p>Contacte Si tens algun dubte i\/o suggeriment per al projecte Hola Malilla, Estrat\u00e8gia participada de barri pots enviar-nos un correu a: estrategiamalilla@valencia.es Este projecte s\u2019impulsa per la Regidoria de Participaci\u00f3 de l\u2019Ajuntament de Val\u00e8ncia amb l\u2019objectiu de facilitar la participaci\u00f3 de la ciutadania en la vida pol\u00edtica, econ\u00f2mica, cultural i social, alhora que s\u2019assenten els &#8230; <a title=\"Contacto\" class=\"read-more\" href=\"https:\/\/www.valencia.es\/estrategiamalilla\/es\/contacto\/\" aria-label=\"M\u00e1s en Contacte\">Leer m\u00e1s<\/a><\/p>","protected":false},"author":1,"featured_media":0,"parent":0,"menu_order":0,"comment_status":"closed","ping_status":"closed","template":"elementor_header_footer","meta":{"footnotes":""},"class_list":["post-75","page","type-page","status-publish"],"_links":{"self":[{"href":"https:\/\/www.valencia.es\/estrategiamalilla\/es\/wp-json\/wp\/v2\/pages\/75","targetHints":{"allow":["GET"]}}],"collection":[{"href":"https:\/\/www.valencia.es\/estrategiamalilla\/es\/wp-json\/wp\/v2\/pages"}],"about":[{"href":"https:\/\/www.valencia.es\/estrategiamalilla\/es\/wp-json\/wp\/v2\/types\/page"}],"author":[{"embeddable":true,"href":"https:\/\/www.valencia.es\/estrategiamalilla\/es\/wp-json\/wp\/v2\/users\/1"}],"replies":[{"embeddable":true,"href":"https:\/\/www.valencia.es\/estrategiamalilla\/es\/wp-json\/wp\/v2\/comments?post=75"}],"version-history":[{"count":85,"href":"https:\/\/www.valencia.es\/estrategiamalilla\/es\/wp-json\/wp\/v2\/pages\/75\/revisions"}],"predecessor-version":[{"id":1578,"href":"https:\/\/www.valencia.es\/estrategiamalilla\/es\/wp-json\/wp\/v2\/pages\/75\/revisions\/1578"}],"wp:attachment":[{"href":"https:\/\/www.valencia.es\/estrategiamalilla\/es\/wp-json\/wp\/v2\/media?parent=75"}],"curies":[{"name":"wp","href":"https:\/\/api.w.org\/{rel}","templated":true}]}}