{"id":595,"date":"2020-12-02T14:10:15","date_gmt":"2020-12-02T14:10:15","guid":{"rendered":"http:\/\/www.valencia.es\/superilla-petxina\/?page_id=595"},"modified":"2020-12-02T16:08:48","modified_gmt":"2020-12-02T16:08:48","slug":"guia-disseny-transformacio-sostenible-espai-public","status":"publish","type":"page","link":"http:\/\/www.valencia.es\/superilla-petxina\/guia-disseny-transformacio-sostenible-espai-public\/","title":{"rendered":"GUIA DISSENY TRANSFORMACI\u00d3 SOSTENIBLE ESPAI P\u00daBLIC"},"content":{"rendered":"\n<p>Amb l\u2019objectiu d\u2019agilitzar totes les intervencions sobre l\u2019espai p\u00fablic, l\u2019Ajuntament de Val\u00e8ncia ha redactat el document \u201cGu\u00eda dise\u00f1o transformaci\u00f3n sostenible espacio p\u00fablico Val\u00e8ncia\u201d, en el qu\u00e8 s\u2019establixen una s\u00e8rie d\u2019elements urbans predefinits que es podran utilitzar en projectes de reurbanitzaci\u00f3 flexible.<\/p>\n\n\n\n<figure class=\"wp-block-image size-large\"><img src=\"http:\/\/www.valencia.es\/superilla-petxina\/wp-content\/uploads\/2020\/12\/38_Ejemplo_2.jpg\" alt=\"\"\/><figcaption>Gu\u00eda de dise\u00f1o y transformaci\u00f3n sostenible del espacio p\u00fablico. Font: <a href=\"https:\/\/lekustudio.com\/\">LEKU Studio<\/a><\/figcaption><\/figure>\n\n\n\n<p>Dins de la guia, estos elements urbans s\u2019han organitzat en una s\u00e8rie de grups:<br><br>-Plantilla de pintura<br>-Gamma de colors<br>-Mobiliari constru\u00eft<br>-Mobiliari complementari<br>-Vegetaci\u00f3.<\/p>\n\n\n\n<figure class=\"wp-block-image size-large\"><img src=\"http:\/\/www.valencia.es\/superilla-petxina\/wp-content\/uploads\/2020\/12\/Elementos_Guia.jpg\" alt=\"\"\/><figcaption>Gu\u00eda de dise\u00f1o y transformaci\u00f3n sostenible del espacio p\u00fablico. Font: <a href=\"https:\/\/lekustudio.com\/\">LEKU Studio<\/a><\/figcaption><\/figure>\n\n\n\n<figure class=\"wp-block-image size-large\"><img src=\"http:\/\/www.valencia.es\/superilla-petxina\/wp-content\/uploads\/2020\/12\/Proceso_transformacion.png\" alt=\"\"\/><figcaption>Gu\u00eda de dise\u00f1o y transformaci\u00f3n sostenible del espacio p\u00fablico. Font: <a href=\"https:\/\/lekustudio.com\/\">LEKU Studio<\/a><\/figcaption><\/figure>\n","protected":false},"excerpt":{"rendered":"<p>Amb l\u2019objectiu d\u2019agilitzar totes les intervencions sobre l\u2019espai p\u00fablic, l\u2019Ajuntament de Val\u00e8ncia ha redactat el document \u201cGu\u00eda dise\u00f1o transformaci\u00f3n sostenible espacio p\u00fablico Val\u00e8ncia\u201d, en el qu\u00e8 s\u2019establixen una s\u00e8rie d\u2019elements urbans predefinits que es podran utilitzar en projectes de reurbanitzaci\u00f3 flexible. Dins de la guia, estos elements urbans s\u2019han organitzat en una s\u00e8rie de grups:<\/p>\n<div><a class=\"btn-filled btn\" href=\"http:\/\/www.valencia.es\/superilla-petxina\/guia-disseny-transformacio-sostenible-espai-public\/\" title=\"GUIA DISSENY TRANSFORMACI\u00d3 SOSTENIBLE ESPAI P\u00daBLIC\">Leer m\u00e1s<\/a><\/div>\n","protected":false},"author":1,"featured_media":0,"parent":0,"menu_order":0,"comment_status":"closed","ping_status":"closed","template":"","meta":[],"_links":{"self":[{"href":"http:\/\/www.valencia.es\/superilla-petxina\/wp-json\/wp\/v2\/pages\/595"}],"collection":[{"href":"http:\/\/www.valencia.es\/superilla-petxina\/wp-json\/wp\/v2\/pages"}],"about":[{"href":"http:\/\/www.valencia.es\/superilla-petxina\/wp-json\/wp\/v2\/types\/page"}],"author":[{"embeddable":true,"href":"http:\/\/www.valencia.es\/superilla-petxina\/wp-json\/wp\/v2\/users\/1"}],"replies":[{"embeddable":true,"href":"http:\/\/www.valencia.es\/superilla-petxina\/wp-json\/wp\/v2\/comments?post=595"}],"version-history":[{"count":2,"href":"http:\/\/www.valencia.es\/superilla-petxina\/wp-json\/wp\/v2\/pages\/595\/revisions"}],"predecessor-version":[{"id":613,"href":"http:\/\/www.valencia.es\/superilla-petxina\/wp-json\/wp\/v2\/pages\/595\/revisions\/613"}],"wp:attachment":[{"href":"http:\/\/www.valencia.es\/superilla-petxina\/wp-json\/wp\/v2\/media?parent=595"}],"curies":[{"name":"wp","href":"https:\/\/api.w.org\/{rel}","templated":true}]}}