{"id":592,"date":"2020-12-02T14:08:07","date_gmt":"2020-12-02T14:08:07","guid":{"rendered":"http:\/\/www.valencia.es\/superilla-petxina\/?page_id=592"},"modified":"2020-12-02T16:08:18","modified_gmt":"2020-12-02T16:08:18","slug":"guia-diseno-transformacion-sostenible-espacio-publico","status":"publish","type":"page","link":"http:\/\/www.valencia.es\/superilla-petxina\/es\/guia-diseno-transformacion-sostenible-espacio-publico\/","title":{"rendered":"GU\u00cdA DISE\u00d1O TRANSFORMACI\u00d3N SOSTENIBLE DEL ESPACIO P\u00daBLICO"},"content":{"rendered":"\n<p>Con el objetivo de agilizar todas las intervenciones sobre el espacio p\u00fablico, el Ayuntamiento de Val\u00e8ncia ha redactado el documento \u201cGu\u00eda dise\u00f1o transformaci\u00f3n sostenible espacio p\u00fablico Val\u00e8ncia\u201d, en el que se establecen una serie de elementos urbanos predefinidos que se podr\u00e1n utilizar en proyectos de reurbanizaci\u00f3n flexible.<\/p>\n\n\n\n<figure class=\"wp-block-image size-large\"><img src=\"http:\/\/www.valencia.es\/superilla-petxina\/wp-content\/uploads\/2020\/12\/38_Ejemplo_2.jpg\" alt=\"\"\/><figcaption>Gu\u00eda de dise\u00f1o y transformaci\u00f3n sostenible del espacio p\u00fablico. Font: <a href=\"https:\/\/lekustudio.com\/\">LEKU Studio<\/a><\/figcaption><\/figure>\n\n\n\n<p>Dentro de la gu\u00eda, \u00e9stos elementos urbanos se han organizado en una serie de grupos:<br><br>-Plantilla de pintura<br>-Gama de colores<br>-Mobiliario construido<br>-Mobiliario complementario<br>-Vegetaci\u00f3n.<\/p>\n\n\n\n<figure class=\"wp-block-image size-large\"><img src=\"http:\/\/www.valencia.es\/superilla-petxina\/wp-content\/uploads\/2020\/12\/Elementos_Guia.jpg\" alt=\"\"\/><figcaption>Gu\u00eda de dise\u00f1o y transformaci\u00f3n sostenible del espacio p\u00fablico. Font: <a href=\"https:\/\/lekustudio.com\/\">LEKU Studio<\/a><\/figcaption><\/figure>\n\n\n\n<figure class=\"wp-block-image size-large\"><img src=\"http:\/\/www.valencia.es\/superilla-petxina\/wp-content\/uploads\/2020\/12\/Proceso_transformacion.png\" alt=\"\"\/><figcaption>Gu\u00eda de dise\u00f1o y transformaci\u00f3n sostenible del espacio p\u00fablico. Font: <a href=\"https:\/\/lekustudio.com\/\">LEKU Studio<\/a><\/figcaption><\/figure>\n","protected":false},"excerpt":{"rendered":"<p>Con el objetivo de agilizar todas las intervenciones sobre el espacio p\u00fablico, el Ayuntamiento de Val\u00e8ncia ha redactado el documento \u201cGu\u00eda dise\u00f1o transformaci\u00f3n sostenible espacio p\u00fablico Val\u00e8ncia\u201d, en el que se establecen una serie de elementos urbanos predefinidos que se podr\u00e1n utilizar en proyectos de reurbanizaci\u00f3n flexible. Dentro de la gu\u00eda, \u00e9stos elementos urbanos se<\/p>\n<div><a class=\"btn-filled btn\" href=\"http:\/\/www.valencia.es\/superilla-petxina\/es\/guia-diseno-transformacion-sostenible-espacio-publico\/\" title=\"GU\u00cdA DISE\u00d1O TRANSFORMACI\u00d3N SOSTENIBLE DEL ESPACIO P\u00daBLICO\">Leer m\u00e1s<\/a><\/div>\n","protected":false},"author":1,"featured_media":0,"parent":0,"menu_order":0,"comment_status":"closed","ping_status":"closed","template":"","meta":[],"_links":{"self":[{"href":"http:\/\/www.valencia.es\/superilla-petxina\/wp-json\/wp\/v2\/pages\/592"}],"collection":[{"href":"http:\/\/www.valencia.es\/superilla-petxina\/wp-json\/wp\/v2\/pages"}],"about":[{"href":"http:\/\/www.valencia.es\/superilla-petxina\/wp-json\/wp\/v2\/types\/page"}],"author":[{"embeddable":true,"href":"http:\/\/www.valencia.es\/superilla-petxina\/wp-json\/wp\/v2\/users\/1"}],"replies":[{"embeddable":true,"href":"http:\/\/www.valencia.es\/superilla-petxina\/wp-json\/wp\/v2\/comments?post=592"}],"version-history":[{"count":2,"href":"http:\/\/www.valencia.es\/superilla-petxina\/wp-json\/wp\/v2\/pages\/592\/revisions"}],"predecessor-version":[{"id":612,"href":"http:\/\/www.valencia.es\/superilla-petxina\/wp-json\/wp\/v2\/pages\/592\/revisions\/612"}],"wp:attachment":[{"href":"http:\/\/www.valencia.es\/superilla-petxina\/wp-json\/wp\/v2\/media?parent=592"}],"curies":[{"name":"wp","href":"https:\/\/api.w.org\/{rel}","templated":true}]}}