{"id":551,"date":"2020-11-30T22:20:00","date_gmt":"2020-11-30T22:20:00","guid":{"rendered":"http:\/\/www.valencia.es\/superilla-petxina\/?page_id=551"},"modified":"2020-12-02T21:31:39","modified_gmt":"2020-12-02T21:31:39","slug":"enquesta-fisica","status":"publish","type":"page","link":"http:\/\/www.valencia.es\/superilla-petxina\/enquesta-fisica\/","title":{"rendered":"Enquesta f\u00edsica"},"content":{"rendered":"\n<p>Es repartir\u00e0 l&#8217;enquesta en format f\u00edsic en les vivendes vinculades directament amb l&#8217;espaci p\u00fablic de la Superilla.<br>-Calle Palleter (36 a 61)<br>-Calle Calixto III (1 a 29)<br>-Calle del Padre Rico<\/p>\n\n\n\n<figure class=\"wp-block-image size-large\"><img src=\"http:\/\/www.valencia.es\/superilla-petxina\/wp-content\/uploads\/2020\/12\/A3_Superilla_Enquesta1-1-scaled.jpg\" alt=\"\"\/><\/figure>\n\n\n\n<figure class=\"wp-block-image size-large\"><img src=\"http:\/\/www.valencia.es\/superilla-petxina\/wp-content\/uploads\/2020\/12\/A3_Superilla_Enquesta1-2-scaled.jpg\" alt=\"\"\/><\/figure>\n\n\n\n<p>Tamb\u00e9 es podran trobar copies impreses del fullet de l&#8217;enquesta d&#8217;alguns dels comer\u00e7os de l&#8217;\u00e0mbit, on es podr\u00e0 realitzar l&#8217;entrega de la mateixa:<br>-Punto costura (c\/ Calixto III, 8)<br>-Bodega Valero (c\/ Palleter, 51)<br>-JAPART. Arte y dise\u00f1o en piel (c\/ Calixto III, 15)<br>-Forn i pastisseria Tonet i Roseta (c\/ Calixto III, 23)<\/p>\n","protected":false},"excerpt":{"rendered":"<p>Es repartir\u00e0 l&#8217;enquesta en format f\u00edsic en les vivendes vinculades directament amb l&#8217;espaci p\u00fablic de la Superilla.-Calle Palleter (36 a 61)-Calle Calixto III (1 a 29)-Calle del Padre Rico Tamb\u00e9 es podran trobar copies impreses del fullet de l&#8217;enquesta d&#8217;alguns dels comer\u00e7os de l&#8217;\u00e0mbit, on es podr\u00e0 realitzar l&#8217;entrega de la mateixa:-Punto costura (c\/ Calixto<\/p>\n<div><a class=\"btn-filled btn\" href=\"http:\/\/www.valencia.es\/superilla-petxina\/enquesta-fisica\/\" title=\"Enquesta f\u00edsica\">Leer m\u00e1s<\/a><\/div>\n","protected":false},"author":1,"featured_media":0,"parent":0,"menu_order":0,"comment_status":"closed","ping_status":"closed","template":"","meta":[],"_links":{"self":[{"href":"http:\/\/www.valencia.es\/superilla-petxina\/wp-json\/wp\/v2\/pages\/551"}],"collection":[{"href":"http:\/\/www.valencia.es\/superilla-petxina\/wp-json\/wp\/v2\/pages"}],"about":[{"href":"http:\/\/www.valencia.es\/superilla-petxina\/wp-json\/wp\/v2\/types\/page"}],"author":[{"embeddable":true,"href":"http:\/\/www.valencia.es\/superilla-petxina\/wp-json\/wp\/v2\/users\/1"}],"replies":[{"embeddable":true,"href":"http:\/\/www.valencia.es\/superilla-petxina\/wp-json\/wp\/v2\/comments?post=551"}],"version-history":[{"count":4,"href":"http:\/\/www.valencia.es\/superilla-petxina\/wp-json\/wp\/v2\/pages\/551\/revisions"}],"predecessor-version":[{"id":632,"href":"http:\/\/www.valencia.es\/superilla-petxina\/wp-json\/wp\/v2\/pages\/551\/revisions\/632"}],"wp:attachment":[{"href":"http:\/\/www.valencia.es\/superilla-petxina\/wp-json\/wp\/v2\/media?parent=551"}],"curies":[{"name":"wp","href":"https:\/\/api.w.org\/{rel}","templated":true}]}}