{"id":548,"date":"2020-11-30T22:14:46","date_gmt":"2020-11-30T22:14:46","guid":{"rendered":"http:\/\/www.valencia.es\/superilla-petxina\/?page_id=548"},"modified":"2020-12-02T21:20:06","modified_gmt":"2020-12-02T21:20:06","slug":"encuesta-fisica","status":"publish","type":"page","link":"http:\/\/www.valencia.es\/superilla-petxina\/es\/encuesta-fisica\/","title":{"rendered":"Encuesta f\u00edsica"},"content":{"rendered":"\n<p>Se repartir\u00e1 la encuesta en formato f\u00edsico en las viviendas vinculadas directamente con el espacio p\u00fablico de la Supermanzana.<br>-Carrer Palleter (36 a 61)<br>-Carrer Calixto III (1 a 29)<br>-Carrer del Pare Rico<\/p>\n\n\n\n<figure class=\"wp-block-image size-large\"><img src=\"http:\/\/www.valencia.es\/superilla-petxina\/wp-content\/uploads\/2020\/12\/A3_Superilla_Encuesta1-1-scaled.jpg\" alt=\"\"\/><\/figure>\n\n\n\n<figure class=\"wp-block-image size-large\"><img src=\"http:\/\/www.valencia.es\/superilla-petxina\/wp-content\/uploads\/2020\/12\/A3_Superilla_Encuesta1-2.jpg\" alt=\"\"\/><\/figure>\n\n\n\n<p>Tambi\u00e9n se podr\u00e1n encontrar copias impresas del folleto de la encuesta en algunos de los comercios del \u00e1mbito, donde se podr\u00e1 realizar la entrega de la misma:<br>-Punto costura (c\/ Calixto III, 8)<br>-Bodega Valero (c\/ Palleter, 51)<br>-JAPART. Arte y dise\u00f1o en piel (c\/ Calixto III, 15)<br>-Forn i pastisseria Tonet i Roseta (c\/ Calixto III, 23)<\/p>\n\n\n\n<p><br><\/p>\n","protected":false},"excerpt":{"rendered":"<p>Se repartir\u00e1 la encuesta en formato f\u00edsico en las viviendas vinculadas directamente con el espacio p\u00fablico de la Supermanzana.-Carrer Palleter (36 a 61)-Carrer Calixto III (1 a 29)-Carrer del Pare Rico Tambi\u00e9n se podr\u00e1n encontrar copias impresas del folleto de la encuesta en algunos de los comercios del \u00e1mbito, donde se podr\u00e1 realizar la entrega<\/p>\n<div><a class=\"btn-filled btn\" href=\"http:\/\/www.valencia.es\/superilla-petxina\/es\/encuesta-fisica\/\" title=\"Encuesta f\u00edsica\">Leer m\u00e1s<\/a><\/div>\n","protected":false},"author":1,"featured_media":0,"parent":0,"menu_order":0,"comment_status":"closed","ping_status":"closed","template":"","meta":[],"_links":{"self":[{"href":"http:\/\/www.valencia.es\/superilla-petxina\/wp-json\/wp\/v2\/pages\/548"}],"collection":[{"href":"http:\/\/www.valencia.es\/superilla-petxina\/wp-json\/wp\/v2\/pages"}],"about":[{"href":"http:\/\/www.valencia.es\/superilla-petxina\/wp-json\/wp\/v2\/types\/page"}],"author":[{"embeddable":true,"href":"http:\/\/www.valencia.es\/superilla-petxina\/wp-json\/wp\/v2\/users\/1"}],"replies":[{"embeddable":true,"href":"http:\/\/www.valencia.es\/superilla-petxina\/wp-json\/wp\/v2\/comments?post=548"}],"version-history":[{"count":2,"href":"http:\/\/www.valencia.es\/superilla-petxina\/wp-json\/wp\/v2\/pages\/548\/revisions"}],"predecessor-version":[{"id":626,"href":"http:\/\/www.valencia.es\/superilla-petxina\/wp-json\/wp\/v2\/pages\/548\/revisions\/626"}],"wp:attachment":[{"href":"http:\/\/www.valencia.es\/superilla-petxina\/wp-json\/wp\/v2\/media?parent=548"}],"curies":[{"name":"wp","href":"https:\/\/api.w.org\/{rel}","templated":true}]}}