{"id":537,"date":"2020-11-29T16:47:44","date_gmt":"2020-11-29T16:47:44","guid":{"rendered":"http:\/\/www.valencia.es\/superilla-petxina\/?page_id=537"},"modified":"2021-01-12T10:09:19","modified_gmt":"2021-01-12T10:09:19","slug":"enquesta-co-disseny-superilla-petxina","status":"publish","type":"page","link":"http:\/\/www.valencia.es\/superilla-petxina\/enquesta-co-disseny-superilla-petxina\/","title":{"rendered":"Enquesta co-disseny Superilla Petxina"},"content":{"rendered":"\n<p>Les enquestes estan tancades.<\/p>\n\n\n\n<p>En breu informarem a totes les persones interessades que han participat i facilitat el seu correu electr\u00f2nic sobre els resultats d&#8217;aquestes.<\/p>\n\n\n\n<p>Les conclusions de les mateixes estaran tamb\u00e9 accesibles en breu a l&#8217;apartat de <a href=\"http:\/\/www.valencia.es\/superilla-petxina\/resultats\/\">Resultats<\/a>.<\/p>\n\n\n\n<p>Si tens qualsevol dubte ens pots contactar a trav\u00e9s de <a href=\"mailto:superillapetxina@particip.es\">superillapetxina@particip.es<\/a><\/p>\n\n\n\n<figure class=\"wp-block-image size-large\"><img src=\"http:\/\/www.valencia.es\/superilla-petxina\/wp-content\/uploads\/2021\/01\/44128-scaled.jpg\" alt=\"\"\/><\/figure>\n\n\n\n<p><a href=\"http:\/\/www.freepik.com\"><sub><span style=\"color:#d9edf5\" class=\"has-inline-color\">Designed by rawpixel.com \/ Freepik<\/span><\/sub><\/a><\/p>\n","protected":false},"excerpt":{"rendered":"<p>Les enquestes estan tancades. En breu informarem a totes les persones interessades que han participat i facilitat el seu correu electr\u00f2nic sobre els resultats d&#8217;aquestes. Les conclusions de les mateixes estaran tamb\u00e9 accesibles en breu a l&#8217;apartat de Resultats. Si tens qualsevol dubte ens pots contactar a trav\u00e9s de superillapetxina@particip.es Designed by rawpixel.com \/ Freepik<\/p>\n","protected":false},"author":1,"featured_media":0,"parent":0,"menu_order":0,"comment_status":"closed","ping_status":"closed","template":"","meta":[],"_links":{"self":[{"href":"http:\/\/www.valencia.es\/superilla-petxina\/wp-json\/wp\/v2\/pages\/537"}],"collection":[{"href":"http:\/\/www.valencia.es\/superilla-petxina\/wp-json\/wp\/v2\/pages"}],"about":[{"href":"http:\/\/www.valencia.es\/superilla-petxina\/wp-json\/wp\/v2\/types\/page"}],"author":[{"embeddable":true,"href":"http:\/\/www.valencia.es\/superilla-petxina\/wp-json\/wp\/v2\/users\/1"}],"replies":[{"embeddable":true,"href":"http:\/\/www.valencia.es\/superilla-petxina\/wp-json\/wp\/v2\/comments?post=537"}],"version-history":[{"count":4,"href":"http:\/\/www.valencia.es\/superilla-petxina\/wp-json\/wp\/v2\/pages\/537\/revisions"}],"predecessor-version":[{"id":653,"href":"http:\/\/www.valencia.es\/superilla-petxina\/wp-json\/wp\/v2\/pages\/537\/revisions\/653"}],"wp:attachment":[{"href":"http:\/\/www.valencia.es\/superilla-petxina\/wp-json\/wp\/v2\/media?parent=537"}],"curies":[{"name":"wp","href":"https:\/\/api.w.org\/{rel}","templated":true}]}}