{"id":400,"date":"2020-11-17T18:05:26","date_gmt":"2020-11-17T18:05:26","guid":{"rendered":"http:\/\/www.valencia.es\/superilla-petxina\/?page_id=400"},"modified":"2021-01-12T10:09:17","modified_gmt":"2021-01-12T10:09:17","slug":"encuesta","status":"publish","type":"page","link":"http:\/\/www.valencia.es\/superilla-petxina\/es\/encuesta\/","title":{"rendered":"Encuesta co-dise\u00f1o Supermanzana Petxina"},"content":{"rendered":"\n<p>Las encuestas est\u00e1n cerradas.<br><br>En breve informaremos a todas las personas interesadas que han participado y facilitado su correo electr\u00f3nico sobre los resultados de las mismas.<br><br>Las conclusiones estar\u00e1n tambi\u00e9n accesibles en breve en el apartado de <a href=\"http:\/\/www.valencia.es\/superilla-petxina\/es\/resultados\/\">Resultados<\/a>.<\/p>\n\n\n\n<p>Si tienes alguna duda puedes contactarnos a trav\u00e9s de <a href=\"mailto:superillapetxina@particip.es\">superillapetxina@particip.es<\/a><\/p>\n\n\n\n<figure class=\"wp-block-image size-large\"><img src=\"http:\/\/www.valencia.es\/superilla-petxina\/wp-content\/uploads\/2021\/01\/44128-scaled.jpg\" alt=\"\"\/><\/figure>\n\n\n\n<p><a href=\"http:\/\/www.freepik.com\"><sub><span style=\"color:#d9edf5\" class=\"has-inline-color\">Designed by rawpixel.com \/ Freepik<\/span><\/sub><\/a><\/p>\n","protected":false},"excerpt":{"rendered":"<p>Las encuestas est\u00e1n cerradas. En breve informaremos a todas las personas interesadas que han participado y facilitado su correo electr\u00f3nico sobre los resultados de las mismas. Las conclusiones estar\u00e1n tambi\u00e9n accesibles en breve en el apartado de Resultados. Si tienes alguna duda puedes contactarnos a trav\u00e9s de superillapetxina@particip.es Designed by rawpixel.com \/ Freepik<\/p>\n","protected":false},"author":1,"featured_media":0,"parent":0,"menu_order":0,"comment_status":"closed","ping_status":"closed","template":"","meta":[],"_links":{"self":[{"href":"http:\/\/www.valencia.es\/superilla-petxina\/wp-json\/wp\/v2\/pages\/400"}],"collection":[{"href":"http:\/\/www.valencia.es\/superilla-petxina\/wp-json\/wp\/v2\/pages"}],"about":[{"href":"http:\/\/www.valencia.es\/superilla-petxina\/wp-json\/wp\/v2\/types\/page"}],"author":[{"embeddable":true,"href":"http:\/\/www.valencia.es\/superilla-petxina\/wp-json\/wp\/v2\/users\/1"}],"replies":[{"embeddable":true,"href":"http:\/\/www.valencia.es\/superilla-petxina\/wp-json\/wp\/v2\/comments?post=400"}],"version-history":[{"count":7,"href":"http:\/\/www.valencia.es\/superilla-petxina\/wp-json\/wp\/v2\/pages\/400\/revisions"}],"predecessor-version":[{"id":654,"href":"http:\/\/www.valencia.es\/superilla-petxina\/wp-json\/wp\/v2\/pages\/400\/revisions\/654"}],"wp:attachment":[{"href":"http:\/\/www.valencia.es\/superilla-petxina\/wp-json\/wp\/v2\/media?parent=400"}],"curies":[{"name":"wp","href":"https:\/\/api.w.org\/{rel}","templated":true}]}}