{"id":386,"date":"2020-10-30T12:25:57","date_gmt":"2020-10-30T12:25:57","guid":{"rendered":"http:\/\/www.valencia.es\/superilla-petxina\/?page_id=386"},"modified":"2020-10-30T12:57:40","modified_gmt":"2020-10-30T12:57:40","slug":"proteccion-de-datos","status":"publish","type":"page","link":"http:\/\/www.valencia.es\/superilla-petxina\/es\/proteccion-de-datos\/","title":{"rendered":"PROTECCI\u00d3N DE DATOS"},"content":{"rendered":"\n<p>Seg\u00fan la Ley 15\/1999 (Protecci\u00f3n de Datos) le informamos que sus datos est\u00e1n incluidos en ficheros propiedad de EL FABRICANTE DE ESPHERAS, COOP. V., para la prestaci\u00f3n del servicio acordado, pudiendo ejercer los derechos de acceso, rectificaci\u00f3n, cancelaci\u00f3n y oposici\u00f3n mediante correo electr\u00f3nico a la direcci\u00f3n\u00a0<a href=\"mailto:arco@elfabricantedeespheras.com\">arco@elfabricantedeespheras.com<\/a>.<\/p>\n\n\n\n<p>En nombre de la empresa tratamos la informaci\u00f3n que nos facilita con el fin de invitarle a eventos relacionados con el proceso de participaci\u00f3n de la Superilla Petxina. Los datos proporcionados se conservar\u00e1n mientras no solicite el cese de la actividad. Los datos no se ceder\u00e1n a terceros salvo en los casos en que exista una obligaci\u00f3n legal. Usted tiene derecho a obtener confirmaci\u00f3n sobre si en el fabricante de espheras, coop. v. estamos tratando sus datos personales, y por tanto, tiene derecho a acceder a sus datos personales, rectificar los datos inexacto o solicitar su supresi\u00f3n cuando los datos ya no sean necesarios para los fines que fueron recogidos.<\/p>\n\n\n\n<p>Responsable: el fabricante de espheras, coop. v.&nbsp; <br>Dir. postal: C. Padre Hu\u00e9rfanos, 16 bajo derecha <br>Tel\u00e9fono: 961930080 &nbsp;&nbsp;&nbsp;E-mail: oficina@elfabricantedeespheras.com<\/p>\n","protected":false},"excerpt":{"rendered":"<p>Seg\u00fan la Ley 15\/1999 (Protecci\u00f3n de Datos) le informamos que sus datos est\u00e1n incluidos en ficheros propiedad de EL FABRICANTE DE ESPHERAS, COOP. V., para la prestaci\u00f3n del servicio acordado, pudiendo ejercer los derechos de acceso, rectificaci\u00f3n, cancelaci\u00f3n y oposici\u00f3n mediante correo electr\u00f3nico a la direcci\u00f3n\u00a0arco@elfabricantedeespheras.com. En nombre de la empresa tratamos la informaci\u00f3n que<\/p>\n<div><a class=\"btn-filled btn\" href=\"http:\/\/www.valencia.es\/superilla-petxina\/es\/proteccion-de-datos\/\" title=\"PROTECCI\u00d3N DE DATOS\">Leer m\u00e1s<\/a><\/div>\n","protected":false},"author":1,"featured_media":0,"parent":0,"menu_order":0,"comment_status":"closed","ping_status":"closed","template":"","meta":[],"_links":{"self":[{"href":"http:\/\/www.valencia.es\/superilla-petxina\/wp-json\/wp\/v2\/pages\/386"}],"collection":[{"href":"http:\/\/www.valencia.es\/superilla-petxina\/wp-json\/wp\/v2\/pages"}],"about":[{"href":"http:\/\/www.valencia.es\/superilla-petxina\/wp-json\/wp\/v2\/types\/page"}],"author":[{"embeddable":true,"href":"http:\/\/www.valencia.es\/superilla-petxina\/wp-json\/wp\/v2\/users\/1"}],"replies":[{"embeddable":true,"href":"http:\/\/www.valencia.es\/superilla-petxina\/wp-json\/wp\/v2\/comments?post=386"}],"version-history":[{"count":2,"href":"http:\/\/www.valencia.es\/superilla-petxina\/wp-json\/wp\/v2\/pages\/386\/revisions"}],"predecessor-version":[{"id":390,"href":"http:\/\/www.valencia.es\/superilla-petxina\/wp-json\/wp\/v2\/pages\/386\/revisions\/390"}],"wp:attachment":[{"href":"http:\/\/www.valencia.es\/superilla-petxina\/wp-json\/wp\/v2\/media?parent=386"}],"curies":[{"name":"wp","href":"https:\/\/api.w.org\/{rel}","templated":true}]}}