{"id":36,"date":"2020-09-02T09:42:53","date_gmt":"2020-09-02T09:42:53","guid":{"rendered":"http:\/\/www.valencia.es\/superilla-petxina\/?page_id=36"},"modified":"2023-01-10T09:48:07","modified_gmt":"2023-01-10T09:48:07","slug":"contacto","status":"publish","type":"page","link":"http:\/\/www.valencia.es\/superilla-petxina\/es\/contacto\/","title":{"rendered":"CONTACTO"},"content":{"rendered":"\n<p>Puedes contactarnos para realizar cualquier consulta relativa al proceso de participaci\u00f3n de la Superilla de la Petxina a trav\u00e9s del correo electr\u00f3nico:<\/p>\n\n\n\n<p class=\"has-text-align-center\"><strong><a href=\"mailto:participacionciudadana@valencia.es\" target=\"_blank\" rel=\"noreferrer noopener\">participacionciudadana@valencia.es<\/a><\/strong><\/p>\n\n\n\n<pre class=\"wp-block-preformatted\"><iframe src=\"https:\/\/elfabricante.carto.com\/builder\/6b95625d-d8ff-4b0b-b782-468705693c82\/embed\" allowfullscreen=\"\" webkitallowfullscreen=\"\" mozallowfullscreen=\"\" oallowfullscreen=\"\" msallowfullscreen=\"\" width=\"100%\" height=\"520\" frameborder=\"0\"><\/iframe><\/pre>\n","protected":false},"excerpt":{"rendered":"<p>Puedes contactarnos para realizar cualquier consulta relativa al proceso de participaci\u00f3n de la Superilla de la Petxina a trav\u00e9s del correo electr\u00f3nico: participacionciudadana@valencia.es<\/p>\n","protected":false},"author":1,"featured_media":0,"parent":0,"menu_order":0,"comment_status":"closed","ping_status":"closed","template":"","meta":[],"_links":{"self":[{"href":"http:\/\/www.valencia.es\/superilla-petxina\/wp-json\/wp\/v2\/pages\/36"}],"collection":[{"href":"http:\/\/www.valencia.es\/superilla-petxina\/wp-json\/wp\/v2\/pages"}],"about":[{"href":"http:\/\/www.valencia.es\/superilla-petxina\/wp-json\/wp\/v2\/types\/page"}],"author":[{"embeddable":true,"href":"http:\/\/www.valencia.es\/superilla-petxina\/wp-json\/wp\/v2\/users\/1"}],"replies":[{"embeddable":true,"href":"http:\/\/www.valencia.es\/superilla-petxina\/wp-json\/wp\/v2\/comments?post=36"}],"version-history":[{"count":9,"href":"http:\/\/www.valencia.es\/superilla-petxina\/wp-json\/wp\/v2\/pages\/36\/revisions"}],"predecessor-version":[{"id":703,"href":"http:\/\/www.valencia.es\/superilla-petxina\/wp-json\/wp\/v2\/pages\/36\/revisions\/703"}],"wp:attachment":[{"href":"http:\/\/www.valencia.es\/superilla-petxina\/wp-json\/wp\/v2\/media?parent=36"}],"curies":[{"name":"wp","href":"https:\/\/api.w.org\/{rel}","templated":true}]}}