{"id":34,"date":"2020-09-02T09:42:39","date_gmt":"2020-09-02T09:42:39","guid":{"rendered":"http:\/\/www.valencia.es\/superilla-petxina\/?page_id=34"},"modified":"2023-01-10T09:47:34","modified_gmt":"2023-01-10T09:47:34","slug":"contacte","status":"publish","type":"page","link":"http:\/\/www.valencia.es\/superilla-petxina\/contacte\/","title":{"rendered":"CONTACTE"},"content":{"rendered":"\n<p>Pots posar-te en contacte amb nosaltres per tal de realitzar qualsevol consulta relativa al proc\u00e9s de participaci\u00f3 de la Superilla de la Petxina a trav\u00e9s del correu electr\u00f2nic: <\/p>\n\n\n\n<p class=\"has-text-align-center\"><strong><a href=\"mailto:participacionciudadana@valencia.es\" target=\"_blank\" rel=\"noreferrer noopener\">participacionciudadana@valencia.es<\/a><\/strong><\/p>\n\n\n","protected":false},"excerpt":{"rendered":"<p>Pots posar-te en contacte amb nosaltres per tal de realitzar qualsevol consulta relativa al proc\u00e9s de participaci\u00f3 de la Superilla de la Petxina a trav\u00e9s del correu electr\u00f2nic: participacionciudadana@valencia.es<\/p>\n","protected":false},"author":1,"featured_media":0,"parent":0,"menu_order":0,"comment_status":"closed","ping_status":"closed","template":"","meta":[],"_links":{"self":[{"href":"http:\/\/www.valencia.es\/superilla-petxina\/wp-json\/wp\/v2\/pages\/34"}],"collection":[{"href":"http:\/\/www.valencia.es\/superilla-petxina\/wp-json\/wp\/v2\/pages"}],"about":[{"href":"http:\/\/www.valencia.es\/superilla-petxina\/wp-json\/wp\/v2\/types\/page"}],"author":[{"embeddable":true,"href":"http:\/\/www.valencia.es\/superilla-petxina\/wp-json\/wp\/v2\/users\/1"}],"replies":[{"embeddable":true,"href":"http:\/\/www.valencia.es\/superilla-petxina\/wp-json\/wp\/v2\/comments?post=34"}],"version-history":[{"count":4,"href":"http:\/\/www.valencia.es\/superilla-petxina\/wp-json\/wp\/v2\/pages\/34\/revisions"}],"predecessor-version":[{"id":702,"href":"http:\/\/www.valencia.es\/superilla-petxina\/wp-json\/wp\/v2\/pages\/34\/revisions\/702"}],"wp:attachment":[{"href":"http:\/\/www.valencia.es\/superilla-petxina\/wp-json\/wp\/v2\/media?parent=34"}],"curies":[{"name":"wp","href":"https:\/\/api.w.org\/{rel}","templated":true}]}}