{"id":32,"date":"2020-09-02T09:42:11","date_gmt":"2020-09-02T09:42:11","guid":{"rendered":"http:\/\/www.valencia.es\/superilla-petxina\/?page_id=32"},"modified":"2022-04-08T19:17:30","modified_gmt":"2022-04-08T19:17:30","slug":"resultados","status":"publish","type":"page","link":"http:\/\/www.valencia.es\/superilla-petxina\/es\/resultados\/","title":{"rendered":"RESULTADOS"},"content":{"rendered":"\n<p>Estos son los diferentes documentos de resultados del proceso de participaci\u00f3n:<\/p>\n\n\n\n<p class=\"has-text-align-center\"><strong><a href=\"http:\/\/www.valencia.es\/superilla-petxina\/wp-content\/uploads\/2022\/04\/281-SUPERILLA-PETXINA-Resultados-encuesta-CAST.pdf\" target=\"_blank\" rel=\"noreferrer noopener\">AN\u00c1LISIS RESULTADOS ENCUESTAS<\/a><\/strong><\/p>\n\n\n\n<p class=\"has-text-align-center\"><strong><a href=\"http:\/\/www.valencia.es\/superilla-petxina\/wp-content\/uploads\/2022\/04\/281-SUPERILLA-PETXINA-Resultados-talleres-infantiles-CAST.pdf\" target=\"_blank\" rel=\"noreferrer noopener\">AN\u00c1LISIS RESULTADO TALLERES INFANTILES<\/a><\/strong><\/p>\n\n\n\n<p class=\"has-text-align-center\"><strong><a href=\"http:\/\/www.valencia.es\/superilla-petxina\/wp-content\/uploads\/2022\/04\/281-SUPERILLA-PETXINA-Taller-online-CAST.pdf\" target=\"_blank\" rel=\"noreferrer noopener\">TALLER ONLINE<\/a><\/strong><\/p>\n\n\n\n<p class=\"has-text-align-center\"><strong><a href=\"http:\/\/www.valencia.es\/superilla-petxina\/wp-content\/uploads\/2022\/04\/281-SUPERILLA-PETXINA-Boceto-propuesta-CAST.pdf\" target=\"_blank\" rel=\"noreferrer noopener\">BOCETO PROPUESTA<\/a><\/strong><\/p>\n\n\n\n<p class=\"has-text-align-center\"><strong><a href=\"http:\/\/www.valencia.es\/superilla-petxina\/wp-content\/uploads\/2022\/04\/281-SUPERILLA-PETXINA-Directrices-CAST.pdf\" target=\"_blank\" rel=\"noreferrer noopener\">DOCUMENTO DE DIRECTRICES<\/a><\/strong><\/p>\n","protected":false},"excerpt":{"rendered":"<p>Estos son los diferentes documentos de resultados del proceso de participaci\u00f3n: AN\u00c1LISIS RESULTADOS ENCUESTAS AN\u00c1LISIS RESULTADO TALLERES INFANTILES TALLER ONLINE BOCETO PROPUESTA DOCUMENTO DE DIRECTRICES<\/p>\n","protected":false},"author":1,"featured_media":0,"parent":0,"menu_order":0,"comment_status":"closed","ping_status":"closed","template":"","meta":[],"_links":{"self":[{"href":"http:\/\/www.valencia.es\/superilla-petxina\/wp-json\/wp\/v2\/pages\/32"}],"collection":[{"href":"http:\/\/www.valencia.es\/superilla-petxina\/wp-json\/wp\/v2\/pages"}],"about":[{"href":"http:\/\/www.valencia.es\/superilla-petxina\/wp-json\/wp\/v2\/types\/page"}],"author":[{"embeddable":true,"href":"http:\/\/www.valencia.es\/superilla-petxina\/wp-json\/wp\/v2\/users\/1"}],"replies":[{"embeddable":true,"href":"http:\/\/www.valencia.es\/superilla-petxina\/wp-json\/wp\/v2\/comments?post=32"}],"version-history":[{"count":5,"href":"http:\/\/www.valencia.es\/superilla-petxina\/wp-json\/wp\/v2\/pages\/32\/revisions"}],"predecessor-version":[{"id":698,"href":"http:\/\/www.valencia.es\/superilla-petxina\/wp-json\/wp\/v2\/pages\/32\/revisions\/698"}],"wp:attachment":[{"href":"http:\/\/www.valencia.es\/superilla-petxina\/wp-json\/wp\/v2\/media?parent=32"}],"curies":[{"name":"wp","href":"https:\/\/api.w.org\/{rel}","templated":true}]}}