{"id":30,"date":"2020-09-02T09:41:56","date_gmt":"2020-09-02T09:41:56","guid":{"rendered":"http:\/\/www.valencia.es\/superilla-petxina\/?page_id=30"},"modified":"2022-04-08T19:21:52","modified_gmt":"2022-04-08T19:21:52","slug":"resultats","status":"publish","type":"page","link":"http:\/\/www.valencia.es\/superilla-petxina\/resultats\/","title":{"rendered":"RESULTATS"},"content":{"rendered":"\n<p>Aquestos son els diferents documents de resultats del proc\u00e9s de participaci\u00f3:<\/p>\n\n\n\n<p class=\"has-text-align-center\"><strong><a href=\"http:\/\/www.valencia.es\/superilla-petxina\/wp-content\/uploads\/2022\/04\/281-SUPERILLA-PETXINA-Entrevistas-VAL.pdf\" target=\"_blank\" rel=\"noreferrer noopener\">AN\u00c0LISI DE RESULTATS DE LES ENQUESTES<\/a><\/strong><\/p>\n\n\n\n<p class=\"has-text-align-center\"><strong><a href=\"http:\/\/www.valencia.es\/superilla-petxina\/wp-content\/uploads\/2022\/04\/281-SUPERILLA-PETXINA-Resultados-talleres-infantiles-VAL.pdf\" target=\"_blank\" rel=\"noreferrer noopener\">AN\u00c0LISI DELS RESULTATS DELS TALLERS INFANTILS<\/a><\/strong><\/p>\n\n\n\n<p class=\"has-text-align-center\"><strong><a href=\"http:\/\/www.valencia.es\/superilla-petxina\/wp-content\/uploads\/2022\/04\/281-SUPERILLA-PETXINA-Taller-online-VAL.pdf\" target=\"_blank\" rel=\"noreferrer noopener\">TALLER ONLINE<\/a><\/strong><\/p>\n\n\n\n<p class=\"has-text-align-center\"><strong><a href=\"http:\/\/www.valencia.es\/superilla-petxina\/wp-content\/uploads\/2022\/04\/281-SUPERILLA-PETXINA-Boceto-propuesta-VAL.pdf\" target=\"_blank\" rel=\"noreferrer noopener\">ESBO\u00c7 DE PROPOSTA<\/a><\/strong><\/p>\n\n\n\n<p class=\"has-text-align-center\"><strong><a href=\"http:\/\/www.valencia.es\/superilla-petxina\/wp-content\/uploads\/2022\/04\/281-SUPERILLA-PETXINA-Directrices-VAL.pdf\" target=\"_blank\" rel=\"noreferrer noopener\">DOCUMENT DE DIRECTRIUS<\/a><\/strong><\/p>\n","protected":false},"excerpt":{"rendered":"<p>Aquestos son els diferents documents de resultats del proc\u00e9s de participaci\u00f3: AN\u00c0LISI DE RESULTATS DE LES ENQUESTES AN\u00c0LISI DELS RESULTATS DELS TALLERS INFANTILS TALLER ONLINE ESBO\u00c7 DE PROPOSTA DOCUMENT DE DIRECTRIUS<\/p>\n","protected":false},"author":1,"featured_media":0,"parent":0,"menu_order":0,"comment_status":"closed","ping_status":"closed","template":"","meta":[],"_links":{"self":[{"href":"http:\/\/www.valencia.es\/superilla-petxina\/wp-json\/wp\/v2\/pages\/30"}],"collection":[{"href":"http:\/\/www.valencia.es\/superilla-petxina\/wp-json\/wp\/v2\/pages"}],"about":[{"href":"http:\/\/www.valencia.es\/superilla-petxina\/wp-json\/wp\/v2\/types\/page"}],"author":[{"embeddable":true,"href":"http:\/\/www.valencia.es\/superilla-petxina\/wp-json\/wp\/v2\/users\/1"}],"replies":[{"embeddable":true,"href":"http:\/\/www.valencia.es\/superilla-petxina\/wp-json\/wp\/v2\/comments?post=30"}],"version-history":[{"count":4,"href":"http:\/\/www.valencia.es\/superilla-petxina\/wp-json\/wp\/v2\/pages\/30\/revisions"}],"predecessor-version":[{"id":699,"href":"http:\/\/www.valencia.es\/superilla-petxina\/wp-json\/wp\/v2\/pages\/30\/revisions\/699"}],"wp:attachment":[{"href":"http:\/\/www.valencia.es\/superilla-petxina\/wp-json\/wp\/v2\/media?parent=30"}],"curies":[{"name":"wp","href":"https:\/\/api.w.org\/{rel}","templated":true}]}}