{"id":24,"date":"2020-09-02T09:38:40","date_gmt":"2020-09-02T09:38:40","guid":{"rendered":"http:\/\/www.valencia.es\/superilla-petxina\/?page_id=24"},"modified":"2022-04-08T19:11:46","modified_gmt":"2022-04-08T19:11:46","slug":"proceso","status":"publish","type":"page","link":"http:\/\/www.valencia.es\/superilla-petxina\/es\/proceso\/","title":{"rendered":"PROCESO"},"content":{"rendered":"\n<p>Como complemento a la \u201cGu\u00eda dise\u00f1o transformaci\u00f3n sostenible espacio p\u00fablico Val\u00e8ncia\u201d se va a llevar a cabo un proceso de Co-Dise\u00f1o que sirva para recopilar las preferencias de las vecinas y los vecinos que orienten la selecci\u00f3n y distribuci\u00f3n de los elementos urbanos de la Supermanzana.<\/p>\n\n\n\n<figure class=\"wp-block-image size-large\"><img src=\"http:\/\/www.valencia.es\/superilla-petxina\/wp-content\/uploads\/2020\/12\/Proceso_codiseno_cast.jpg\" alt=\"\"\/><\/figure>\n\n\n\n<p>Este es el cronograma aproximado con el que se pretenden llevar a cabo las diferentes actividades de participaci\u00f3n que conforman el proceso de co-dise\u00f1o:<\/p>\n\n\n\n<figure class=\"wp-block-image size-large\"><img src=\"http:\/\/www.valencia.es\/superilla-petxina\/wp-content\/uploads\/2021\/01\/Cronograma_cast.jpg\" alt=\"\"\/><\/figure>\n\n\n\n<p>Estas son las actividades que conforman el proceso de co-dise\u00f1o:<br>&#8211;<a href=\"http:\/\/www.valencia.es\/superilla-petxina\/es\/index\/\">PRESENTACI\u00d3N<\/a><br>&#8211;<a href=\"http:\/\/www.valencia.es\/superilla-petxina\/encuesta\/\">ENCUESTA DIGITAL<\/a><br>&#8211;<a href=\"http:\/\/www.valencia.es\/superilla-petxina\/encuesta-fisica\/\">ENCUESTA F\u00cdSICA<\/a><br>&#8211;<a rel=\"noreferrer noopener\" href=\"http:\/\/www.valencia.es\/superilla-petxina\/wp-content\/uploads\/2022\/04\/281-SUPERILLA-PETXINA-Entrevistas-CAST.pdf\" target=\"_blank\">ENTREVISTAS<\/a><br>-TALLER INFANTIL<br>&#8211;<a href=\"http:\/\/www.valencia.es\/superilla-petxina\/wp-content\/uploads\/2022\/04\/281-SUPERILLA-PETXINA-Presentacion-taller-online-CAST.pdf\">TALLER ON-LINE DEVOLUCI\u00d3N<\/a><br><\/p>\n","protected":false},"excerpt":{"rendered":"<p>Como complemento a la \u201cGu\u00eda dise\u00f1o transformaci\u00f3n sostenible espacio p\u00fablico Val\u00e8ncia\u201d se va a llevar a cabo un proceso de Co-Dise\u00f1o que sirva para recopilar las preferencias de las vecinas y los vecinos que orienten la selecci\u00f3n y distribuci\u00f3n de los elementos urbanos de la Supermanzana. Este es el cronograma aproximado con el que se<\/p>\n<div><a class=\"btn-filled btn\" href=\"http:\/\/www.valencia.es\/superilla-petxina\/es\/proceso\/\" title=\"PROCESO\">Leer m\u00e1s<\/a><\/div>\n","protected":false},"author":1,"featured_media":0,"parent":0,"menu_order":0,"comment_status":"closed","ping_status":"closed","template":"","meta":[],"_links":{"self":[{"href":"http:\/\/www.valencia.es\/superilla-petxina\/wp-json\/wp\/v2\/pages\/24"}],"collection":[{"href":"http:\/\/www.valencia.es\/superilla-petxina\/wp-json\/wp\/v2\/pages"}],"about":[{"href":"http:\/\/www.valencia.es\/superilla-petxina\/wp-json\/wp\/v2\/types\/page"}],"author":[{"embeddable":true,"href":"http:\/\/www.valencia.es\/superilla-petxina\/wp-json\/wp\/v2\/users\/1"}],"replies":[{"embeddable":true,"href":"http:\/\/www.valencia.es\/superilla-petxina\/wp-json\/wp\/v2\/comments?post=24"}],"version-history":[{"count":20,"href":"http:\/\/www.valencia.es\/superilla-petxina\/wp-json\/wp\/v2\/pages\/24\/revisions"}],"predecessor-version":[{"id":696,"href":"http:\/\/www.valencia.es\/superilla-petxina\/wp-json\/wp\/v2\/pages\/24\/revisions\/696"}],"wp:attachment":[{"href":"http:\/\/www.valencia.es\/superilla-petxina\/wp-json\/wp\/v2\/media?parent=24"}],"curies":[{"name":"wp","href":"https:\/\/api.w.org\/{rel}","templated":true}]}}