{"id":22,"date":"2020-09-02T09:38:03","date_gmt":"2020-09-02T09:38:03","guid":{"rendered":"http:\/\/www.valencia.es\/superilla-petxina\/?page_id=22"},"modified":"2022-04-08T19:12:34","modified_gmt":"2022-04-08T19:12:34","slug":"proces","status":"publish","type":"page","link":"http:\/\/www.valencia.es\/superilla-petxina\/proces\/","title":{"rendered":"PROC\u00c9S"},"content":{"rendered":"\n<p>Per a complementar l&#8217;aplicaci\u00f3 de la \u201cGu\u00eda dise\u00f1o transformaci\u00f3n sostenible espacio p\u00fablico Val\u00e8ncia\u201d es portar\u00e0 a terme un proc\u00e9s de Co-Disseny que servir\u00e0 per a recopilar les prefer\u00e8ncies de les veines i els veins que orienten la selecci\u00f3 i distribuci\u00f3 dels elements urbans de la Superilla.<\/p>\n\n\n\n<figure class=\"wp-block-image size-large\"><img src=\"http:\/\/www.valencia.es\/superilla-petxina\/wp-content\/uploads\/2020\/12\/Proceso_codiseno_val.jpg\" alt=\"\"\/><\/figure>\n\n\n\n<p>Aqu\u00e9st es el cronograma aproximat amb el que es pretenten portar a terme les diferents activitats de participaci\u00f3 que conformen el proc\u00e9s de co-disseny:<\/p>\n\n\n\n<figure class=\"wp-block-image size-large\"><img src=\"http:\/\/www.valencia.es\/superilla-petxina\/wp-content\/uploads\/2021\/01\/Cronograma_val.jpg\" alt=\"\"\/><\/figure>\n\n\n\n<p>Aquestes s\u00f3n les activitats que conformen el proc\u00e9s de co-diseny:<br><br>&#8211;<a href=\"http:\/\/www.valencia.es\/superilla-petxina\/index-2\/\">PRESENTACI\u00d3<\/a><br>&#8211;<a href=\"http:\/\/www.valencia.es\/superilla-petxina\/enquesta-co-disseny-superilla-petxina\/\">ENQUESTA DIGITAL<\/a><br>&#8211;<a href=\"http:\/\/www.valencia.es\/superilla-petxina\/enquesta-fisica\/(abre en una nueva pesta\u00f1a)\">ENQUESTA F\u00cdSICA<\/a><br>&#8211;<a href=\"http:\/\/www.valencia.es\/superilla-petxina\/wp-content\/uploads\/2022\/04\/281-SUPERILLA-PETXINA-Entrevistas-VAL.pdf\" target=\"_blank\" rel=\"noreferrer noopener\">ENTREVISTES<\/a><br>-TALLERS INFANTILS<br>&#8211;<a href=\"http:\/\/www.valencia.es\/superilla-petxina\/wp-content\/uploads\/2022\/04\/281-SUPERILLA-PETXINA-Presentacion-taller-online-VAL.pdf\" target=\"_blank\" rel=\"noreferrer noopener\">TALLER ON-LINE DEVOLUCI\u00d3<\/a><br><\/p>\n\n\n\n<p><\/p>\n","protected":false},"excerpt":{"rendered":"<p>Per a complementar l&#8217;aplicaci\u00f3 de la \u201cGu\u00eda dise\u00f1o transformaci\u00f3n sostenible espacio p\u00fablico Val\u00e8ncia\u201d es portar\u00e0 a terme un proc\u00e9s de Co-Disseny que servir\u00e0 per a recopilar les prefer\u00e8ncies de les veines i els veins que orienten la selecci\u00f3 i distribuci\u00f3 dels elements urbans de la Superilla. Aqu\u00e9st es el cronograma aproximat amb el que es<\/p>\n<div><a class=\"btn-filled btn\" href=\"http:\/\/www.valencia.es\/superilla-petxina\/proces\/\" title=\"PROC\u00c9S\">Leer m\u00e1s<\/a><\/div>\n","protected":false},"author":1,"featured_media":0,"parent":0,"menu_order":0,"comment_status":"closed","ping_status":"closed","template":"","meta":[],"_links":{"self":[{"href":"http:\/\/www.valencia.es\/superilla-petxina\/wp-json\/wp\/v2\/pages\/22"}],"collection":[{"href":"http:\/\/www.valencia.es\/superilla-petxina\/wp-json\/wp\/v2\/pages"}],"about":[{"href":"http:\/\/www.valencia.es\/superilla-petxina\/wp-json\/wp\/v2\/types\/page"}],"author":[{"embeddable":true,"href":"http:\/\/www.valencia.es\/superilla-petxina\/wp-json\/wp\/v2\/users\/1"}],"replies":[{"embeddable":true,"href":"http:\/\/www.valencia.es\/superilla-petxina\/wp-json\/wp\/v2\/comments?post=22"}],"version-history":[{"count":15,"href":"http:\/\/www.valencia.es\/superilla-petxina\/wp-json\/wp\/v2\/pages\/22\/revisions"}],"predecessor-version":[{"id":697,"href":"http:\/\/www.valencia.es\/superilla-petxina\/wp-json\/wp\/v2\/pages\/22\/revisions\/697"}],"wp:attachment":[{"href":"http:\/\/www.valencia.es\/superilla-petxina\/wp-json\/wp\/v2\/media?parent=22"}],"curies":[{"name":"wp","href":"https:\/\/api.w.org\/{rel}","templated":true}]}}