{"id":20,"date":"2020-09-02T09:35:05","date_gmt":"2020-09-02T09:35:05","guid":{"rendered":"http:\/\/www.valencia.es\/superilla-petxina\/?page_id=20"},"modified":"2020-12-08T19:47:14","modified_gmt":"2020-12-08T19:47:14","slug":"index-2","status":"publish","type":"page","link":"http:\/\/www.valencia.es\/superilla-petxina\/index-2\/","title":{"rendered":"PRESENTACI\u00d3"},"content":{"rendered":"\n<p>El projecte de la Superilla al barri de la Petxina contempla la redistribuci\u00f3 i el calmat del tr\u00e0nsit alliberant una \u00e0mplia superf\u00edcie als carrers i generant una nova pla\u00e7a en l&#8217;encreuament dels carrers Palleter i Calixto III.<\/p>\n\n\n\n<figure class=\"wp-block-embed-vimeo wp-block-embed is-type-video is-provider-vimeo wp-embed-aspect-16-9 wp-has-aspect-ratio\"><div class=\"wp-block-embed__wrapper\">\n<iframe title=\"Proceso co-dise&amp;ntilde;o Superilla Petxina Val&amp;egrave;ncia\" src=\"https:\/\/player.vimeo.com\/video\/487298119?dnt=1&amp;app_id=122963\" width=\"1140\" height=\"641\" frameborder=\"0\" allow=\"autoplay; fullscreen\" allowfullscreen><\/iframe>\n<\/div><\/figure>\n\n\n\n<p>La Superilla del barri de la Petxina \u00e9s la primera de les superilles que preveu implantar l&#8217;Ajuntament de Val\u00e8ncia per tota la ciutat i respon a la voluntat d&#8217;aconseguir que Val\u00e8ncia siga una ciutat m\u00e9s amable per a les persones a trav\u00e9s de la pacificaci\u00f3 del tr\u00e0nsit rodat, la reducci\u00f3 de l&#8217;espai d&#8217;aparcament lliure en cal\u00e7ada, i la generaci\u00f3 de nous espais p\u00fablics m\u00e9s socials, integradors, verds i saludables.<\/p>\n\n\n\n<p>Aquesta estrat\u00e8gia de millora de l&#8217;espai p\u00fablic de la ciutat est\u00e0 alineada amb plantejaments previs i recopila estudis anteriors com el <em><a href=\"http:\/\/Amb l'objectiu d'agilitar els llargs processos d'intervenci\u00f3 sobre la ciutat, l'actuacions de les superilles es realitzaran mitjan\u00e7ant actuacions blanes (o flexibles) provisionals. Aquestes actuacions estaran coordinades mitjan\u00e7ant una Guia T\u00e8cnica per a Actuacions de Reurbanitzaci\u00f3 Flexible a Val\u00e8ncia (2020), i serviran perqu\u00e8 la necess\u00e0ria transformaci\u00f3 urbana responga de manera r\u00e0pida a les demandes de la ciutadania i brinde un nou marc de participaci\u00f3 fins que desenvolupen les reurbanitzacions definitives.\" target=\"_blank\" rel=\"noreferrer noopener\">Pla de Mobilitat Urbana de Val\u00e8ncia<\/a> <\/em>(2013), les <em><a href=\"http:\/\/www.valencia.es\/revisionplan\/sites\/default\/files\/docs\/die_directrices_web.pdf\" target=\"_blank\" rel=\"noreferrer noopener\">Directrius per a la millora de la qualitat urbana dels barris de Val\u00e8ncia<\/a><\/em> (2017) o l&#8217;estrat\u00e8gia <em><a href=\"https:\/\/valenciaplaza.com\/el-ayuntamiento-plasma-en-valencia-ciudad-de-plazas-su-modelo-de-ciudad-en-favor-del-espacio-publico\" target=\"_blank\" rel=\"noreferrer noopener\">Val\u00e8ncia Ciutat de Places<\/a><\/em> (2020).<\/p>\n\n\n\n<p>Amb l&#8217;objectiu d&#8217;agilitar els llargs processos d&#8217;intervenci\u00f3 sobre la ciutat, l&#8217;actuacions de les superilles es realitzaran mitjan\u00e7ant actuacions blanes (o flexibles) provisionals. Aquestes actuacions estaran coordinades mitjan\u00e7ant una Guia T\u00e8cnica per a Actuacions de Reurbanitzaci\u00f3 Flexible a Val\u00e8ncia (2020), i serviran perqu\u00e8 la necess\u00e0ria transformaci\u00f3 urbana responga de manera r\u00e0pida a les demandes de la ciutadania mentre es getionen i desenvolupen les reurbanitzacions definitives.<\/p>\n","protected":false},"excerpt":{"rendered":"<p>El projecte de la Superilla al barri de la Petxina contempla la redistribuci\u00f3 i el calmat del tr\u00e0nsit alliberant una \u00e0mplia superf\u00edcie als carrers i generant una nova pla\u00e7a en l&#8217;encreuament dels carrers Palleter i Calixto III. La Superilla del barri de la Petxina \u00e9s la primera de les superilles que preveu implantar l&#8217;Ajuntament de<\/p>\n<div><a class=\"btn-filled btn\" href=\"http:\/\/www.valencia.es\/superilla-petxina\/index-2\/\" title=\"PRESENTACI\u00d3\">Leer m\u00e1s<\/a><\/div>\n","protected":false},"author":1,"featured_media":0,"parent":0,"menu_order":0,"comment_status":"closed","ping_status":"closed","template":"","meta":[],"_links":{"self":[{"href":"http:\/\/www.valencia.es\/superilla-petxina\/wp-json\/wp\/v2\/pages\/20"}],"collection":[{"href":"http:\/\/www.valencia.es\/superilla-petxina\/wp-json\/wp\/v2\/pages"}],"about":[{"href":"http:\/\/www.valencia.es\/superilla-petxina\/wp-json\/wp\/v2\/types\/page"}],"author":[{"embeddable":true,"href":"http:\/\/www.valencia.es\/superilla-petxina\/wp-json\/wp\/v2\/users\/1"}],"replies":[{"embeddable":true,"href":"http:\/\/www.valencia.es\/superilla-petxina\/wp-json\/wp\/v2\/comments?post=20"}],"version-history":[{"count":7,"href":"http:\/\/www.valencia.es\/superilla-petxina\/wp-json\/wp\/v2\/pages\/20\/revisions"}],"predecessor-version":[{"id":637,"href":"http:\/\/www.valencia.es\/superilla-petxina\/wp-json\/wp\/v2\/pages\/20\/revisions\/637"}],"wp:attachment":[{"href":"http:\/\/www.valencia.es\/superilla-petxina\/wp-json\/wp\/v2\/media?parent=20"}],"curies":[{"name":"wp","href":"https:\/\/api.w.org\/{rel}","templated":true}]}}