{"id":18,"date":"2020-09-02T09:36:33","date_gmt":"2020-09-02T09:36:33","guid":{"rendered":"http:\/\/www.valencia.es\/superilla-petxina\/?page_id=18"},"modified":"2020-12-08T19:48:28","modified_gmt":"2020-12-08T19:48:28","slug":"index","status":"publish","type":"page","link":"http:\/\/www.valencia.es\/superilla-petxina\/es\/index\/","title":{"rendered":"PRESENTACI\u00d3N"},"content":{"rendered":"\n<p>El proyecto de la Supermanzana en el barrio de la Petxina contempla la redistribuci\u00f3n y el calmado del tr\u00e1fico liberando una amplia superficie en las calles y generando una nueva plaza en el cruce.<\/p>\n\n\n\n<figure class=\"wp-block-embed-vimeo wp-block-embed is-type-video is-provider-vimeo wp-embed-aspect-16-9 wp-has-aspect-ratio\"><div class=\"wp-block-embed__wrapper\">\n<iframe title=\"Proceso co-dise&amp;ntilde;o Superilla Petxina Val&amp;egrave;ncia\" src=\"https:\/\/player.vimeo.com\/video\/487298119?dnt=1&amp;app_id=122963\" width=\"1140\" height=\"641\" frameborder=\"0\" allow=\"autoplay; fullscreen\" allowfullscreen><\/iframe>\n<\/div><\/figure>\n\n\n\n<p>La Supermanzana del barrio de la Petxina es la primera de las supermanzanas que prev\u00e9 implantar el Ayuntamiento de Valencia por toda la ciudad y responde a la voluntad de conseguir que Valencia sea una ciudad m\u00e1s amable para las personas a trav\u00e9s de la pacificaci\u00f3n del tr\u00e1fico rodado, el reequilibrado del reparto modal en la v\u00eda p\u00fablica, y la generaci\u00f3n de nuevos espacios m\u00e1s sociales, integradores, verdes y saludables. <\/p>\n\n\n\n<p>Esta estrategia de mejora del espacio p\u00fablico de la ciudad est\u00e1 alineada con planteamientos previos y recopila estudios anteriores como el <em><a rel=\"noreferrer noopener\" href=\"http:\/\/www.valencia.es\/ayuntamiento\/trafico.nsf\/0\/2B6934076BF147A3C1257C5B00451302\/$FILE\/20131211_Documento_PMUS_Cap1%20al%20Cap2%20parte1.pdf?OpenElement&amp;lang=1\" target=\"_blank\">Plan de Movilidad Urbana de Valencia<\/a><\/em> (2013), <em>las <\/em><a rel=\"noreferrer noopener\" href=\"http:\/\/www.valencia.es\/revisionplan\/sites\/default\/files\/docs\/die_directrices_web.pdf\" target=\"_blank\"><em>Directrices para la mejora de la calidad urbana de los barrios de Valencia<\/em> <\/a>(2017) o la estrategia <a rel=\"noreferrer noopener\" href=\"https:\/\/valenciaplaza.com\/el-ayuntamiento-plasma-en-valencia-ciudad-de-plazas-su-modelo-de-ciudad-en-favor-del-espacio-publico\" target=\"_blank\"><em>Valencia Ciudad de Plazas<\/em> <\/a>(2020).<\/p>\n\n\n\n<p>Con el objetivo de agilizar los largos procesos de intervenci\u00f3n sobre la ciudad, la actuaciones de las supermanzanas se realizar\u00e1n mediante actuaciones blandas (o flexibles) provisionales. Estas actuaciones estar\u00e1n coordinadas mediante una Gu\u00eda T\u00e9cnica para Actuaciones de Reurbanizaci\u00f3n Flexible en Val\u00e8ncia (2020), y servir\u00e1n para que la necesaria transformaci\u00f3n urbana responda de forma r\u00e1pida a las demandas de la ciudadan\u00eda mientras se gestionan y desarrollan las reurbanizaciones definitivas.<\/p>\n\n\n\n<figure class=\"wp-block-image size-large\"><img src=\"http:\/\/www.valencia.es\/superilla-petxina\/wp-content\/uploads\/2020\/09\/metalocus_leku_superilla-st-antoni_01.jpg\" alt=\"\"\/><figcaption>Superilla Sant Antoni (Barcelona). Fuente: <a href=\"http:\/\/www.lekustudio.com\/\" target=\"_blank\" rel=\"noreferrer noopener\">Leku studio<\/a><\/figcaption><\/figure>\n","protected":false},"excerpt":{"rendered":"<p>El proyecto de la Supermanzana en el barrio de la Petxina contempla la redistribuci\u00f3n y el calmado del tr\u00e1fico liberando una amplia superficie en las calles y generando una nueva plaza en el cruce. La Supermanzana del barrio de la Petxina es la primera de las supermanzanas que prev\u00e9 implantar el Ayuntamiento de Valencia por<\/p>\n<div><a class=\"btn-filled btn\" href=\"http:\/\/www.valencia.es\/superilla-petxina\/es\/index\/\" title=\"PRESENTACI\u00d3N\">Leer m\u00e1s<\/a><\/div>\n","protected":false},"author":1,"featured_media":0,"parent":0,"menu_order":0,"comment_status":"closed","ping_status":"closed","template":"","meta":[],"_links":{"self":[{"href":"http:\/\/www.valencia.es\/superilla-petxina\/wp-json\/wp\/v2\/pages\/18"}],"collection":[{"href":"http:\/\/www.valencia.es\/superilla-petxina\/wp-json\/wp\/v2\/pages"}],"about":[{"href":"http:\/\/www.valencia.es\/superilla-petxina\/wp-json\/wp\/v2\/types\/page"}],"author":[{"embeddable":true,"href":"http:\/\/www.valencia.es\/superilla-petxina\/wp-json\/wp\/v2\/users\/1"}],"replies":[{"embeddable":true,"href":"http:\/\/www.valencia.es\/superilla-petxina\/wp-json\/wp\/v2\/comments?post=18"}],"version-history":[{"count":14,"href":"http:\/\/www.valencia.es\/superilla-petxina\/wp-json\/wp\/v2\/pages\/18\/revisions"}],"predecessor-version":[{"id":638,"href":"http:\/\/www.valencia.es\/superilla-petxina\/wp-json\/wp\/v2\/pages\/18\/revisions\/638"}],"wp:attachment":[{"href":"http:\/\/www.valencia.es\/superilla-petxina\/wp-json\/wp\/v2\/media?parent=18"}],"curies":[{"name":"wp","href":"https:\/\/api.w.org\/{rel}","templated":true}]}}