{"id":131,"date":"2020-09-15T07:36:43","date_gmt":"2020-09-15T07:36:43","guid":{"rendered":"http:\/\/www.valencia.es\/superilla-petxina\/?page_id=131"},"modified":"2020-12-02T13:59:57","modified_gmt":"2020-12-02T13:59:57","slug":"barri-petxina","status":"publish","type":"page","link":"http:\/\/www.valencia.es\/superilla-petxina\/barri-petxina\/","title":{"rendered":"BARRI PETXINA"},"content":{"rendered":"\n<p>L&#8217;Ajuntament de Val\u00e8ncia ha decidit implantar la primera superilla a de la ciutat de Val\u00e8ncia l&#8217;interior del per\u00edmetre format pels carrers <strong>Literat Gabriel Mir\u00f3<\/strong>, <strong>Juan Llorens<\/strong>, <strong>Erudit Orellana<\/strong> i <strong>Gran Via Fernando el Cat\u00f2lic<\/strong>.<\/p>\n\n\n\n<p>El principal \u00e0mbit d&#8217;intervenci\u00f3 es troba en la intersecci\u00f3 entre el <strong>carrer Palleter<\/strong> (n\u00fameros 36 a 61) i <strong>Calixt III<\/strong> (n\u00fameros 1 a 29), incloent tamb\u00e9 el carrer <strong>Pare Rico<\/strong>.<\/p>\n\n\n\n<figure class=\"wp-block-image size-large\"><img src=\"http:\/\/www.valencia.es\/superilla-petxina\/wp-content\/uploads\/2020\/09\/A4_Superilla-scaled.jpeg\" alt=\"\"\/><figcaption>Situaci\u00f3 de la superilla. Font: Elaboraci\u00f3 pr\u00f2pia<\/figcaption><\/figure>\n\n\n\n<p>L\u2019encreuament dels carrers Palleter i Calixto III t\u00e9 al seu voltant una estaci\u00f3 de metro (\u00c0ngel Guimer\u00e0) i varies parades d\u2019autob\u00fas urb\u00e0 i interurb\u00e0. Al seu entorn compta tamb\u00e9 amb dos aparcaments p\u00fablics i numerosos privats, a m\u00e9s dels aparcaments privats als edificis residencials.<\/p>\n\n\n\n<figure class=\"wp-block-image size-large\"><img src=\"http:\/\/www.valencia.es\/superilla-petxina\/wp-content\/uploads\/2020\/12\/Plano_Petxina_val.jpg\" alt=\"\"\/><figcaption>Gu\u00eda de dise\u00f1o y transformaci\u00f3n sostenible del espacio p\u00fablico. Font: <a href=\"https:\/\/lekustudio.com\/\">LEKU Studio<\/a><\/figcaption><\/figure>\n\n\n\n<p><em>\u201cEntenem que \u00e9s una bona zona per a donar seguretat en els accessos al centres escolars de l&#8217;\u00e0mbit.\u201d<\/em><\/p>\n\n\n\n<p><em>\u201cA l&#8217;entorn d&#8217;aquest \u00e0mbit hi ha diversos aparcaments infrautilitzats que poden donar alternativa a la p\u00e8rdua de places d&#8217;estacionament lliure en superf\u00edcie.\u201d<\/em><\/p>\n\n\n\n<p>Aquest \u00e0mbit forma part del primer eixample a l&#8217;oest del centre hist\u00f2ric i es troba empla\u00e7at en el districte extramurs, m\u00e9s concretament en el barri de la Petxina. Els carrers del barri de la Petxina estan clarament caracteritzades per ser amples, obertes al tr\u00e0nsit i predominantment quadriculades (paral\u00b7leles i perpendiculars entre si). Aquest barri queda delimitat per dues grans vies paral\u00b7leles: l&#8217;avinguda P\u00e9rez Gald\u00f3s, a l&#8217;oest, i la Gran Via Fernando el Cat\u00f2lic, a l&#8217;est. A m\u00e9s d&#8217;aquestes dues grans vies, el barri est\u00e0 delimitat pel passeig de la Petxina al nord i els carrers \u00c0ngel Guimer\u00e0 i Erudit Orellana al sud.<\/p>\n\n\n\n<figure class=\"wp-block-image size-large\"><img src=\"http:\/\/www.valencia.es\/superilla-petxina\/wp-content\/uploads\/2020\/09\/A4_2-copia-scaled.jpg\" alt=\"\"\/><figcaption>Situaci\u00f3n de la superilla en la ciutat de Val\u00e8ncia. Font: Elaboraci\u00f3 pr\u00f2pia<\/figcaption><\/figure>\n\n\n\n<p>Els eixamples de la ciutat de Val\u00e8ncia es defineixen a trav\u00e9s d&#8217;una trama hipod\u00e1mica, a l&#8217;estil del <a rel=\"noreferrer noopener\" href=\"https:\/\/es.wikipedia.org\/wiki\/Plan_Cerd%C3%A1\" target=\"_blank\">Pla Cerd\u00e0 a Barcelona<\/a> o del <a rel=\"noreferrer noopener\" href=\"https:\/\/es.wikipedia.org\/wiki\/Ensanche_de_Madrid\" target=\"_blank\">Pla Castro a Madrid<\/a>. Aquesta estructura, en l&#8217;espai privat, es basa a concentrar els usos en illes quadrades o rectangulars, amb xamfrans, en qu\u00e8 cada parcel\u00b7la t\u00e9 acc\u00e9s des del carrer. La xarxa vi\u00e0ria tendeix a ser homog\u00e8nia, amb l&#8217;excepci\u00f3 de les grans vies que actuen com a col\u00b7lectores de tr\u00e0nsit rodat.<\/p>\n\n\n\n<figure class=\"wp-block-image\"><img src=\"http:\/\/www.valencia.es\/superilla-petxina\/wp-content\/uploads\/2020\/09\/recorte_plan_ensanche.png\" alt=\"La imagen tiene un atributo ALT vac\u00edo; su nombre de archivo es recorte_plan_ensanche.png\"\/><figcaption>Projecte d&#8217;eixample de Val\u00e8ncia i ampliaci\u00f3 de l&#8217;existent (1907).<br>Font: Llopis; Perdig\u00f3 (2016). Cartografia hist\u00f2rica de la ciutat de Val\u00e8ncia (1608-1944). UPV<\/figcaption><\/figure>\n\n\n\n<p>A trav\u00e9s del segle XX aquestaa trama de carrers homogenis s&#8217;ha anat dedicant, en un alt percentatge, a aparcament i servei del vehicle privat. En aquest esquema ha anat perdent pes la vida de barri. En aquesta trama urbana les zones verdes i els espais lliures es troben molt limitats, i nom\u00e9s els equipaments troben el seu lloc assumint la f\u00e8rria estructura de la trama imposada. Dins d&#8217;aquesta evoluci\u00f3 de l&#8217;esquema viari s&#8217;ha anat limitant al m\u00e0xim l&#8217;espai per als despla\u00e7aments no motoritzats, que troben tots els obstacles possibles en la seua actual formalitzaci\u00f3. El disseny urb\u00e0 queda al servei de l&#8217;efici\u00e8ncia en els despla\u00e7aments motoritzats.<\/p>\n\n\n<style>#jtg-285 .modula-item .jtg-social a, .lightbox-socials.jtg-social a{ color: #ffffff }#jtg-285 .modula-item .jtg-social svg, .lightbox-socials.jtg-social svg { height: 16px; width: 16px }#jtg-285 .modula-item .jtg-social a:not(:last-child), .lightbox-socials.jtg-social a:not(:last-child) { margin-right: 10px }#jtg-285 .modula-item .caption { background-color: #ffffff;  }#jtg-285 .modula-item .figc {color:#ffffff;}#jtg-285 .modula-item .modula-item-content { transform: scale(1) }#jtg-285 { width:100%;}#jtg-285 .modula-items .figc p.description { font-size:14px; }#jtg-285 .modula-items .figc p.description { color:#ffffff;}#jtg-285 .modula-items .figc .jtg-title { color:#ffffff; }#jtg-285.modula-gallery .modula-item > a, #jtg-285.modula-gallery .modula-item, #jtg-285.modula-gallery .modula-item-content > a { cursor:zoom-in; } #jtg-285.modula-gallery .modula-item, .modula-gallery .modula-grid-sizer { width: calc(25% - 7.5px) !important ; } #jtg-285 .modula-items{position:relative;}@media screen and (max-width:480px){#jtg-285 .modula-item .figc .jtg-title {  font-size: 12px; }#jtg-285 .modula-items .figc p.description { color:#ffffff;font-size:10px; }}<\/style>\n<!-- Gallery Container -->\n<div  id=\"jtg-285\" class=\"modula modula-gallery modula-columns\" data-config=\"{&quot;enableTwitter&quot;:false,&quot;enableWhatsapp&quot;:false,&quot;enableFacebook&quot;:false,&quot;enablePinterest&quot;:false,&quot;enableLinkedin&quot;:false,&quot;enableEmail&quot;:false,&quot;randomFactor&quot;:0.5,&quot;type&quot;:&quot;grid&quot;,&quot;columns&quot;:12,&quot;gutter&quot;:10,&quot;enableResponsive&quot;:&quot;0&quot;,&quot;tabletColumns&quot;:&quot;2&quot;,&quot;mobileColumns&quot;:&quot;1&quot;,&quot;lazyLoad&quot;:&quot;0&quot;,&quot;lightboxOpts&quot;:{&quot;loop&quot;:false,&quot;arrows&quot;:true,&quot;toolbar&quot;:true,&quot;keyboard&quot;:false,&quot;wheel&quot;:false,&quot;buttons&quot;:[&quot;close&quot;],&quot;hash&quot;:false,&quot;lang&quot;:&quot;en&quot;,&quot;touch&quot;:false,&quot;protect&quot;:false,&quot;i18n&quot;:{&quot;en&quot;:{&quot;CLOSE&quot;:&quot;Close&quot;,&quot;NEXT&quot;:&quot;Next&quot;,&quot;PREV&quot;:&quot;Previous&quot;,&quot;Error&quot;:&quot;The requested content cannot be loaded. Please try again later.&quot;,&quot;PLAY_START&quot;:&quot;Start slideshow&quot;,&quot;PLAY_STOP&quot;:&quot;Pause slideshow&quot;,&quot;FULL_SCREEN&quot;:&quot;Full screen&quot;,&quot;THUMBS&quot;:&quot;Thumbnails&quot;,&quot;DOWNLOAD&quot;:&quot;Download&quot;,&quot;SHARE&quot;:&quot;Share&quot;,&quot;ZOOM&quot;:&quot;Zoom&quot;}},&quot;clickSlide&quot;:false,&quot;clickOutside&quot;:false,&quot;dblclickContent&quot;:false,&quot;dblclickSlide&quot;:false,&quot;dblclickOutside&quot;:false,&quot;clickContent&quot;:false,&quot;baseTpl&quot;:&quot;&lt;div class=\\&quot;modula-fancybox-container modula-lightbox-jtg-285\\&quot; role=\\&quot;dialog\\&quot; tabindex=\\&quot;-1\\&quot;&gt;&lt;div class=\\&quot;modula-fancybox-bg\\&quot;&gt;&lt;\\\/div&gt;&lt;div class=\\&quot;modula-fancybox-inner\\&quot;&gt;&lt;div class=\\&quot;modula-fancybox-infobar\\&quot;&gt;&lt;span data-fancybox-index&gt;&lt;\\\/span&gt;&nbsp;\\\/&nbsp;&lt;span data-fancybox-count&gt;&lt;\\\/span&gt;&lt;\\\/div&gt;&lt;div class=\\&quot;modula-fancybox-toolbar\\&quot;&gt;{{buttons}}&lt;\\\/div&gt;&lt;div class=\\&quot;modula-fancybox-navigation\\&quot;&gt;{{arrows}}&lt;\\\/div&gt;&lt;div class=\\&quot;modula-fancybox-stage\\&quot;&gt;&lt;\\\/div&gt;&lt;div class=\\&quot;modula-fancybox-caption\\&quot;&gt;&lt;div class=\\&quot;modula-fancybox-caption__body\\&quot;&gt;&lt;\\\/div&gt;&lt;\\\/div&gt;&lt;\\\/div&gt;&lt;\\\/div&gt;&quot;},&quot;inView&quot;:false,&quot;email_subject&quot;:&quot;Check out this awesome image !!&quot;,&quot;email_message&quot;:&quot;Here is the link to the image : %%image_link%% and this is the link to the gallery : %%gallery_link%%&quot;,&quot;grid_type&quot;:&quot;4&quot;,&quot;rowHeight&quot;:150,&quot;lastRow&quot;:&quot;justify&quot;,&quot;lightbox&quot;:&quot;fancybox&quot;}\">\n\n\t<div class=\"modula-grid-sizer\"> <\/div>\n\t<!-- Items Container -->\n\t<div  class=\"modula-items grid-gallery\">\n\t\t<div class=\"modula-item effect-pufrobo\" >\n\t<div class=\"modula-item-overlay\"><\/div>\n\n\t<div class=\"modula-item-content\">\n\n\t\t\t\t\n\t\t\t\t\t<a data-image-id=\"282\" href=\"http:\/\/www.valencia.es\/superilla-petxina\/wp-content\/uploads\/2020\/09\/Banco-copia.jpg\" rel=\"jtg-285\" data-caption=\"\" class=\"tile-inner modula-item-link\"><\/a>\n\t\t\n\t\t\n\t\t<img class='pic' data-valign=\"middle\" data-halign=\"center\" alt=\"\" data-full=\"http:\/\/www.valencia.es\/superilla-petxina\/wp-content\/uploads\/2020\/09\/Banco-copia.jpg\" width=\"300\" height=\"300\" src=\"http:\/\/www.valencia.es\/superilla-petxina\/wp-content\/uploads\/2020\/09\/Banco-copia-300x300_c.jpg\" data-src=\"http:\/\/www.valencia.es\/superilla-petxina\/wp-content\/uploads\/2020\/09\/Banco-copia-300x300_c.jpg\" data-caption=\"\"\/>\n\n\t\t\n\t\t<div class=\"figc no-description\">\n\t\t\t<div class=\"figc-inner\">\n\t\t\t\t\t\t\t\t\t\t\t\t\t\t\t<\/div>\n\t\t<\/div>\n\n\t<\/div>\n\n<\/div><div class=\"modula-item effect-pufrobo\" >\n\t<div class=\"modula-item-overlay\"><\/div>\n\n\t<div class=\"modula-item-content\">\n\n\t\t\t\t\n\t\t\t\t\t<a data-image-id=\"281\" href=\"http:\/\/www.valencia.es\/superilla-petxina\/wp-content\/uploads\/2020\/09\/Aparcamiento-copia.jpg\" rel=\"jtg-285\" data-caption=\"\" class=\"tile-inner modula-item-link\"><\/a>\n\t\t\n\t\t\n\t\t<img class='pic' data-valign=\"middle\" data-halign=\"center\" alt=\"\" data-full=\"http:\/\/www.valencia.es\/superilla-petxina\/wp-content\/uploads\/2020\/09\/Aparcamiento-copia.jpg\" width=\"300\" height=\"300\" src=\"http:\/\/www.valencia.es\/superilla-petxina\/wp-content\/uploads\/2020\/09\/Aparcamiento-copia-300x300_c.jpg\" data-src=\"http:\/\/www.valencia.es\/superilla-petxina\/wp-content\/uploads\/2020\/09\/Aparcamiento-copia-300x300_c.jpg\" data-caption=\"\"\/>\n\n\t\t\n\t\t<div class=\"figc no-description\">\n\t\t\t<div class=\"figc-inner\">\n\t\t\t\t\t\t\t\t\t\t\t\t\t\t\t<\/div>\n\t\t<\/div>\n\n\t<\/div>\n\n<\/div><div class=\"modula-item effect-pufrobo\" >\n\t<div class=\"modula-item-overlay\"><\/div>\n\n\t<div class=\"modula-item-content\">\n\n\t\t\t\t\n\t\t\t\t\t<a data-image-id=\"280\" href=\"http:\/\/www.valencia.es\/superilla-petxina\/wp-content\/uploads\/2020\/09\/Vegetacion-copia.jpg\" rel=\"jtg-285\" data-caption=\"\" class=\"tile-inner modula-item-link\"><\/a>\n\t\t\n\t\t\n\t\t<img class='pic' data-valign=\"middle\" data-halign=\"center\" alt=\"\" data-full=\"http:\/\/www.valencia.es\/superilla-petxina\/wp-content\/uploads\/2020\/09\/Vegetacion-copia.jpg\" width=\"300\" height=\"300\" src=\"http:\/\/www.valencia.es\/superilla-petxina\/wp-content\/uploads\/2020\/09\/Vegetacion-copia-300x300_c.jpg\" data-src=\"http:\/\/www.valencia.es\/superilla-petxina\/wp-content\/uploads\/2020\/09\/Vegetacion-copia-300x300_c.jpg\" data-caption=\"\"\/>\n\n\t\t\n\t\t<div class=\"figc no-description\">\n\t\t\t<div class=\"figc-inner\">\n\t\t\t\t\t\t\t\t\t\t\t\t\t\t\t<\/div>\n\t\t<\/div>\n\n\t<\/div>\n\n<\/div><div class=\"modula-item effect-pufrobo\" >\n\t<div class=\"modula-item-overlay\"><\/div>\n\n\t<div class=\"modula-item-content\">\n\n\t\t\t\t\n\t\t\t\t\t<a data-image-id=\"279\" href=\"http:\/\/www.valencia.es\/superilla-petxina\/wp-content\/uploads\/2020\/09\/Terraza-copia.jpg\" rel=\"jtg-285\" data-caption=\"\" class=\"tile-inner modula-item-link\"><\/a>\n\t\t\n\t\t\n\t\t<img class='pic' data-valign=\"middle\" data-halign=\"center\" alt=\"\" data-full=\"http:\/\/www.valencia.es\/superilla-petxina\/wp-content\/uploads\/2020\/09\/Terraza-copia.jpg\" width=\"300\" height=\"300\" src=\"http:\/\/www.valencia.es\/superilla-petxina\/wp-content\/uploads\/2020\/09\/Terraza-copia-300x300_c.jpg\" data-src=\"http:\/\/www.valencia.es\/superilla-petxina\/wp-content\/uploads\/2020\/09\/Terraza-copia-300x300_c.jpg\" data-caption=\"\"\/>\n\n\t\t\n\t\t<div class=\"figc no-description\">\n\t\t\t<div class=\"figc-inner\">\n\t\t\t\t\t\t\t\t\t\t\t\t\t\t\t<\/div>\n\t\t<\/div>\n\n\t<\/div>\n\n<\/div><div class=\"modula-item effect-pufrobo\" >\n\t<div class=\"modula-item-overlay\"><\/div>\n\n\t<div class=\"modula-item-content\">\n\n\t\t\t\t\n\t\t\t\t\t<a data-image-id=\"278\" href=\"http:\/\/www.valencia.es\/superilla-petxina\/wp-content\/uploads\/2020\/09\/Motos-copia.jpg\" rel=\"jtg-285\" data-caption=\"\" class=\"tile-inner modula-item-link\"><\/a>\n\t\t\n\t\t\n\t\t<img class='pic' data-valign=\"middle\" data-halign=\"center\" alt=\"\" data-full=\"http:\/\/www.valencia.es\/superilla-petxina\/wp-content\/uploads\/2020\/09\/Motos-copia.jpg\" width=\"300\" height=\"300\" src=\"http:\/\/www.valencia.es\/superilla-petxina\/wp-content\/uploads\/2020\/09\/Motos-copia-300x300_c.jpg\" data-src=\"http:\/\/www.valencia.es\/superilla-petxina\/wp-content\/uploads\/2020\/09\/Motos-copia-300x300_c.jpg\" data-caption=\"\"\/>\n\n\t\t\n\t\t<div class=\"figc no-description\">\n\t\t\t<div class=\"figc-inner\">\n\t\t\t\t\t\t\t\t\t\t\t\t\t\t\t<\/div>\n\t\t<\/div>\n\n\t<\/div>\n\n<\/div><div class=\"modula-item effect-pufrobo\" >\n\t<div class=\"modula-item-overlay\"><\/div>\n\n\t<div class=\"modula-item-content\">\n\n\t\t\t\t\n\t\t\t\t\t<a data-image-id=\"276\" href=\"http:\/\/www.valencia.es\/superilla-petxina\/wp-content\/uploads\/2020\/09\/Karate-copia.jpg\" rel=\"jtg-285\" data-caption=\"\" class=\"tile-inner modula-item-link\"><\/a>\n\t\t\n\t\t\n\t\t<img class='pic' data-valign=\"middle\" data-halign=\"center\" alt=\"\" data-full=\"http:\/\/www.valencia.es\/superilla-petxina\/wp-content\/uploads\/2020\/09\/Karate-copia.jpg\" width=\"300\" height=\"300\" src=\"http:\/\/www.valencia.es\/superilla-petxina\/wp-content\/uploads\/2020\/09\/Karate-copia-300x300_c.jpg\" data-src=\"http:\/\/www.valencia.es\/superilla-petxina\/wp-content\/uploads\/2020\/09\/Karate-copia-300x300_c.jpg\" data-caption=\"\"\/>\n\n\t\t\n\t\t<div class=\"figc no-description\">\n\t\t\t<div class=\"figc-inner\">\n\t\t\t\t\t\t\t\t\t\t\t\t\t\t\t<\/div>\n\t\t<\/div>\n\n\t<\/div>\n\n<\/div><div class=\"modula-item effect-pufrobo\" >\n\t<div class=\"modula-item-overlay\"><\/div>\n\n\t<div class=\"modula-item-content\">\n\n\t\t\t\t\n\t\t\t\t\t<a data-image-id=\"273\" href=\"http:\/\/www.valencia.es\/superilla-petxina\/wp-content\/uploads\/2020\/09\/Cruzar-mal-copia.jpg\" rel=\"jtg-285\" data-caption=\"\" class=\"tile-inner modula-item-link\"><\/a>\n\t\t\n\t\t\n\t\t<img class='pic' data-valign=\"middle\" data-halign=\"center\" alt=\"\" data-full=\"http:\/\/www.valencia.es\/superilla-petxina\/wp-content\/uploads\/2020\/09\/Cruzar-mal-copia.jpg\" width=\"300\" height=\"300\" src=\"http:\/\/www.valencia.es\/superilla-petxina\/wp-content\/uploads\/2020\/09\/Cruzar-mal-copia-300x300_c.jpg\" data-src=\"http:\/\/www.valencia.es\/superilla-petxina\/wp-content\/uploads\/2020\/09\/Cruzar-mal-copia-300x300_c.jpg\" data-caption=\"\"\/>\n\n\t\t\n\t\t<div class=\"figc no-description\">\n\t\t\t<div class=\"figc-inner\">\n\t\t\t\t\t\t\t\t\t\t\t\t\t\t\t<\/div>\n\t\t<\/div>\n\n\t<\/div>\n\n<\/div><div class=\"modula-item effect-pufrobo\" >\n\t<div class=\"modula-item-overlay\"><\/div>\n\n\t<div class=\"modula-item-content\">\n\n\t\t\t\t\n\t\t\t\t\t<a data-image-id=\"272\" href=\"http:\/\/www.valencia.es\/superilla-petxina\/wp-content\/uploads\/2020\/09\/Bici-copia.jpg\" rel=\"jtg-285\" data-caption=\"\" class=\"tile-inner modula-item-link\"><\/a>\n\t\t\n\t\t\n\t\t<img class='pic' data-valign=\"middle\" data-halign=\"center\" alt=\"\" data-full=\"http:\/\/www.valencia.es\/superilla-petxina\/wp-content\/uploads\/2020\/09\/Bici-copia.jpg\" width=\"300\" height=\"300\" src=\"http:\/\/www.valencia.es\/superilla-petxina\/wp-content\/uploads\/2020\/09\/Bici-copia-300x300_c.jpg\" data-src=\"http:\/\/www.valencia.es\/superilla-petxina\/wp-content\/uploads\/2020\/09\/Bici-copia-300x300_c.jpg\" data-caption=\"\"\/>\n\n\t\t\n\t\t<div class=\"figc no-description\">\n\t\t\t<div class=\"figc-inner\">\n\t\t\t\t\t\t\t\t\t\t\t\t\t\t\t<\/div>\n\t\t<\/div>\n\n\t<\/div>\n\n<\/div>\t\t\n\t<\/div>\n\n\t\n\t\n\t<script type=\"application\/ld+json\">\n\t{\n\t\t\"@context\": \"http:\/\/schema.org\",\n\t\t\"@type\"   : \"ImageGallery\",\n\t\t\"id\"      : \"http:\/\/www.valencia.es\/superilla-petxina\/wp-json\/wp\/v2\/pages\/131\",\n\t\t\"url\"     : \"http:\/\/www.valencia.es\/superilla-petxina\/wp-json\/wp\/v2\/pages\/131\"\n\t}\n\n    <\/script>\n\n\t\n<\/div>","protected":false},"excerpt":{"rendered":"<p>L&#8217;Ajuntament de Val\u00e8ncia ha decidit implantar la primera superilla a de la ciutat de Val\u00e8ncia l&#8217;interior del per\u00edmetre format pels carrers Literat Gabriel Mir\u00f3, Juan Llorens, Erudit Orellana i Gran Via Fernando el Cat\u00f2lic. El principal \u00e0mbit d&#8217;intervenci\u00f3 es troba en la intersecci\u00f3 entre el carrer Palleter (n\u00fameros 36 a 61) i Calixt III (n\u00fameros<\/p>\n<div><a class=\"btn-filled btn\" href=\"http:\/\/www.valencia.es\/superilla-petxina\/barri-petxina\/\" title=\"BARRI PETXINA\">Leer m\u00e1s<\/a><\/div>\n","protected":false},"author":1,"featured_media":0,"parent":0,"menu_order":0,"comment_status":"closed","ping_status":"closed","template":"","meta":[],"_links":{"self":[{"href":"http:\/\/www.valencia.es\/superilla-petxina\/wp-json\/wp\/v2\/pages\/131"}],"collection":[{"href":"http:\/\/www.valencia.es\/superilla-petxina\/wp-json\/wp\/v2\/pages"}],"about":[{"href":"http:\/\/www.valencia.es\/superilla-petxina\/wp-json\/wp\/v2\/types\/page"}],"author":[{"embeddable":true,"href":"http:\/\/www.valencia.es\/superilla-petxina\/wp-json\/wp\/v2\/users\/1"}],"replies":[{"embeddable":true,"href":"http:\/\/www.valencia.es\/superilla-petxina\/wp-json\/wp\/v2\/comments?post=131"}],"version-history":[{"count":4,"href":"http:\/\/www.valencia.es\/superilla-petxina\/wp-json\/wp\/v2\/pages\/131\/revisions"}],"predecessor-version":[{"id":589,"href":"http:\/\/www.valencia.es\/superilla-petxina\/wp-json\/wp\/v2\/pages\/131\/revisions\/589"}],"wp:attachment":[{"href":"http:\/\/www.valencia.es\/superilla-petxina\/wp-json\/wp\/v2\/media?parent=131"}],"curies":[{"name":"wp","href":"https:\/\/api.w.org\/{rel}","templated":true}]}}