{"id":123,"date":"2020-09-15T07:34:16","date_gmt":"2020-09-15T07:34:16","guid":{"rendered":"http:\/\/www.valencia.es\/superilla-petxina\/?page_id=123"},"modified":"2020-09-23T15:55:05","modified_gmt":"2020-09-23T15:55:05","slug":"introduccion","status":"publish","type":"page","link":"http:\/\/www.valencia.es\/superilla-petxina\/es\/introduccion\/","title":{"rendered":"INTRODUCCI\u00d3N"},"content":{"rendered":"\n<p>Atendiendo a los datos que ofrece las <a href=\"https:\/\/www.un.org\/sustainabledevelopment\/es\/cities\/\">Naciones Unidas<\/a> para el planteamiento del Objetivo de Desarrollo Sostenible (ODS) n.\u00ba11 (<a href=\"https:\/\/www.un.org\/sustainabledevelopment\/es\/cities\/\"><strong>ciudades sean m\u00e1s inclusivas, seguras, resilientes y sostenibles<\/strong><\/a>), las ciudades y las \u00e1reas metropolitanas son centros neur\u00e1lgicos del crecimiento econ\u00f3mico, ya que contribuyen al 60&nbsp;% aproximadamente del PIB mundial, sin embargo, tambi\u00e9n representan alrededor del 70&nbsp;% de las emisiones de carbono mundiales y m\u00e1s del 60&nbsp;% del uso de recursos.<\/p>\n\n\n\n<p><em>\u201cNueve de cada diez residentes urbanos en 2016 respiraban aire contaminado, es decir, aire que no cumpl\u00eda con las pautas de calidad del aire de la OMS para niveles medios anuales de part\u00edculas finas (PM2.5) de 10 microgramos o menos por metro c\u00fabico. M\u00e1s de la mitad de esas personas estuvieron expuestas a niveles de contaminaci\u00f3n del aire al menos 2,5 veces superiores al valor de referencia. La calidad del aire empeor\u00f3 entre 2010 y 2016 para m\u00e1s del 50% de la poblaci\u00f3n mundial. Asia central y meridional y \u00c1frica subsahariana son las dos regiones que experimentaron los mayores aumentos en las concentraciones de part\u00edculas.\u201d<\/em><\/p>\n\n\n\n<p><em>\u201cLa red de viario y espacios p\u00fablicos forma el esqueleto de la ciudad sobre la que descansa todo lo dem\u00e1s. Donde el espacio p\u00fablico es inadecuado, mal dise\u00f1ado o privatizado, la ciudad se vuelve cada vez m\u00e1s segregada. La inversi\u00f3n en redes de calles y espacios p\u00fablicos abiertos mejora la productividad urbana, los medios de vida y el acceso a los mercados, empleos y servicios p\u00fablicos, especialmente en pa\u00edses donde m\u00e1s de la mitad de la fuerza laboral urbana es informal.\u201d<\/em><\/p>\n\n\n\n<figure class=\"wp-block-image size-large\"><img src=\"http:\/\/www.valencia.es\/superilla-petxina\/wp-content\/uploads\/2020\/09\/ODS.jpg\" alt=\"\"\/><\/figure>\n\n\n\n<p>En septiembre de 2017 el Ayuntamiento de Valencia, a trav\u00e9s de AUMSA (Actuaciones Urbanas de Valencia Sociedad An\u00f3nima Municipal) redact\u00f3 un documento de <strong>Directrices para la mejora de la calidad urbana de los barrios de Valencia<\/strong> como documento inicial para la consulta y participaci\u00f3n ciudadana. Con el objetivo de conseguir una <strong>ciudad m\u00e1s habitable<\/strong> para sus ciudadanos, dicho documento establec\u00eda la mejora de la calidad urbana del suelo consolidado como una de las directrices b\u00e1sicas para el planeamiento del futuro.<\/p>\n\n\n\n<p><em>\u201cEste documento eval\u00faa la calidad urbana de los barrios existentes mediante la aplicaci\u00f3n de&nbsp; una serie de indicadores que sirven para establecer unas directrices que deben guiar los procesos de mejora de la calidad urbana.&nbsp; Las Directrices para la Mejora de la Calidad Urbana ser\u00e1n la base a partir de las cuales se elaborar\u00e1n las intervenciones urbanas, que es un concepto m\u00e1s amplio que el de regeneraci\u00f3n o rehabilitaci\u00f3n, ya que puede incluir programas para la mejora de la cohesi\u00f3n social o incluso de renovaci\u00f3n.\u201d<\/em><\/p>\n\n\n\n<p><em>\u201cLa ciudad es un soporte f\u00edsico indisoluble de sus ciudadanos por lo que este mecanismo de an\u00e1lisis, diagn\u00f3stico y propuestas necesita el aval de la ciudadan\u00eda, y es por ello que se incorporar\u00e1n las propuestas, que en materia de planificaci\u00f3n urban\u00edstica, surjan de la estrategia integral participativa que en estos momentos se est\u00e1 realizando en diferentes barrios de Val\u00e8ncia.\u201d<\/em><\/p>\n\n\n\n<p>Cada d\u00eda somos m\u00e1s conscientes que el modelo actual de las ciudades necesita una revisi\u00f3n que atienda las necesidades b\u00e1sicas y la calidad de vida de las personas.<\/p>\n\n\n\n<p><em>\u201cLas ciudades ya ten\u00edan el reto de recuperar espacio p\u00fablicoy reducir la contaminaci\u00f3n desde hace tiempo, pero la actual pandemia nos demuestra que no podemos esperar para garantizar la seguridad y la calidad de vida de las personas, por lo que es urgente un plan de recuperaci\u00f3n de espacio p\u00fablico para adaptarse a las necesidades de la ciudadan\u00eda en el actual escenario creado por el coronavirus.\u201d<\/em><\/p>\n\n\n\n<p><em>\u201c<strong><a rel=\"noreferrer noopener\" href=\"https:\/\/valenciaplaza.com\/el-ayuntamiento-plasma-en-valencia-ciudad-de-plazas-su-modelo-de-ciudad-en-favor-del-espacio-publico\" target=\"_blank\">Valencia Ciudad de Plazas<\/a><\/strong> es una respuesta a la necesidad de seguir transformando nuestras plazas y generando nuevas para que sean espacios de encuentro comunitario, espacios seguros, verdes y limpios.\u201d<\/em><\/p>\n\n\n<style>#jtg-311 .modula-item .jtg-social a, .lightbox-socials.jtg-social a{ color: #ffffff }#jtg-311 .modula-item .jtg-social svg, .lightbox-socials.jtg-social svg { height: 16px; width: 16px }#jtg-311 .modula-item .jtg-social a:not(:last-child), .lightbox-socials.jtg-social a:not(:last-child) { margin-right: 10px }#jtg-311 .modula-item .caption { background-color: #ffffff;  }#jtg-311 .modula-item .figc {color:#ffffff;}#jtg-311 .modula-item .modula-item-content { transform: scale(1) }#jtg-311 { width:100%;}#jtg-311 .modula-items .figc p.description { font-size:14px; }#jtg-311 .modula-items .figc p.description { color:#ffffff;}#jtg-311 .modula-items .figc .jtg-title { color:#ffffff; }#jtg-311.modula-gallery .modula-item > a, #jtg-311.modula-gallery .modula-item, #jtg-311.modula-gallery .modula-item-content > a { cursor:zoom-in; } #jtg-311.modula-gallery .modula-item, .modula-gallery .modula-grid-sizer { width: calc(33.333333333333% - 6.6666666666667px) !important ; } #jtg-311 .modula-items{position:relative;}@media screen and (max-width:480px){#jtg-311 .modula-item .figc .jtg-title {  font-size: 12px; }#jtg-311 .modula-items .figc p.description { color:#ffffff;font-size:10px; }}<\/style>\n<!-- Gallery Container -->\n<div  id=\"jtg-311\" class=\"modula modula-gallery modula-columns\" data-config=\"{&quot;enableTwitter&quot;:false,&quot;enableWhatsapp&quot;:false,&quot;enableFacebook&quot;:false,&quot;enablePinterest&quot;:false,&quot;enableLinkedin&quot;:false,&quot;enableEmail&quot;:false,&quot;randomFactor&quot;:0.5,&quot;type&quot;:&quot;grid&quot;,&quot;columns&quot;:12,&quot;gutter&quot;:10,&quot;enableResponsive&quot;:&quot;0&quot;,&quot;tabletColumns&quot;:&quot;2&quot;,&quot;mobileColumns&quot;:&quot;1&quot;,&quot;lazyLoad&quot;:&quot;0&quot;,&quot;lightboxOpts&quot;:{&quot;loop&quot;:false,&quot;arrows&quot;:true,&quot;toolbar&quot;:true,&quot;keyboard&quot;:false,&quot;wheel&quot;:false,&quot;buttons&quot;:[&quot;close&quot;],&quot;hash&quot;:false,&quot;lang&quot;:&quot;en&quot;,&quot;touch&quot;:false,&quot;protect&quot;:false,&quot;i18n&quot;:{&quot;en&quot;:{&quot;CLOSE&quot;:&quot;Close&quot;,&quot;NEXT&quot;:&quot;Next&quot;,&quot;PREV&quot;:&quot;Previous&quot;,&quot;Error&quot;:&quot;The requested content cannot be loaded. Please try again later.&quot;,&quot;PLAY_START&quot;:&quot;Start slideshow&quot;,&quot;PLAY_STOP&quot;:&quot;Pause slideshow&quot;,&quot;FULL_SCREEN&quot;:&quot;Full screen&quot;,&quot;THUMBS&quot;:&quot;Thumbnails&quot;,&quot;DOWNLOAD&quot;:&quot;Download&quot;,&quot;SHARE&quot;:&quot;Share&quot;,&quot;ZOOM&quot;:&quot;Zoom&quot;}},&quot;clickSlide&quot;:false,&quot;clickOutside&quot;:false,&quot;dblclickContent&quot;:false,&quot;dblclickSlide&quot;:false,&quot;dblclickOutside&quot;:false,&quot;clickContent&quot;:false,&quot;baseTpl&quot;:&quot;&lt;div class=\\&quot;modula-fancybox-container modula-lightbox-jtg-311\\&quot; role=\\&quot;dialog\\&quot; tabindex=\\&quot;-1\\&quot;&gt;&lt;div class=\\&quot;modula-fancybox-bg\\&quot;&gt;&lt;\\\/div&gt;&lt;div class=\\&quot;modula-fancybox-inner\\&quot;&gt;&lt;div class=\\&quot;modula-fancybox-infobar\\&quot;&gt;&lt;span data-fancybox-index&gt;&lt;\\\/span&gt;&nbsp;\\\/&nbsp;&lt;span data-fancybox-count&gt;&lt;\\\/span&gt;&lt;\\\/div&gt;&lt;div class=\\&quot;modula-fancybox-toolbar\\&quot;&gt;{{buttons}}&lt;\\\/div&gt;&lt;div class=\\&quot;modula-fancybox-navigation\\&quot;&gt;{{arrows}}&lt;\\\/div&gt;&lt;div class=\\&quot;modula-fancybox-stage\\&quot;&gt;&lt;\\\/div&gt;&lt;div class=\\&quot;modula-fancybox-caption\\&quot;&gt;&lt;div class=\\&quot;modula-fancybox-caption__body\\&quot;&gt;&lt;\\\/div&gt;&lt;\\\/div&gt;&lt;\\\/div&gt;&lt;\\\/div&gt;&quot;},&quot;inView&quot;:false,&quot;email_subject&quot;:&quot;Check out this awesome image !!&quot;,&quot;email_message&quot;:&quot;Here is the link to the image : %%image_link%% and this is the link to the gallery : %%gallery_link%%&quot;,&quot;grid_type&quot;:&quot;3&quot;,&quot;rowHeight&quot;:150,&quot;lastRow&quot;:&quot;justify&quot;,&quot;lightbox&quot;:&quot;fancybox&quot;}\">\n\n\t<div class=\"modula-grid-sizer\"> <\/div>\n\t<!-- Items Container -->\n\t<div  class=\"modula-items grid-gallery\">\n\t\t<div class=\"modula-item effect-pufrobo\" >\n\t<div class=\"modula-item-overlay\"><\/div>\n\n\t<div class=\"modula-item-content\">\n\n\t\t\t\t\n\t\t\t\t\t<a data-image-id=\"310\" href=\"http:\/\/www.valencia.es\/superilla-petxina\/wp-content\/uploads\/2020\/09\/PMUS.jpg\" rel=\"jtg-311\" data-caption=\"\" class=\"tile-inner modula-item-link\"><\/a>\n\t\t\n\t\t\n\t\t<img class='pic' data-valign=\"middle\" data-halign=\"center\" alt=\"\" data-full=\"http:\/\/www.valencia.es\/superilla-petxina\/wp-content\/uploads\/2020\/09\/PMUS.jpg\" width=\"300\" height=\"200\" src=\"http:\/\/www.valencia.es\/superilla-petxina\/wp-content\/uploads\/2020\/09\/PMUS-300x200_c.jpg\" data-src=\"http:\/\/www.valencia.es\/superilla-petxina\/wp-content\/uploads\/2020\/09\/PMUS-300x200_c.jpg\" data-caption=\"\"\/>\n\n\t\t\n\t\t<div class=\"figc no-description\">\n\t\t\t<div class=\"figc-inner\">\n\t\t\t\t\t\t\t\t\t\t\t\t\t\t\t<\/div>\n\t\t<\/div>\n\n\t<\/div>\n\n<\/div><div class=\"modula-item effect-pufrobo\" >\n\t<div class=\"modula-item-overlay\"><\/div>\n\n\t<div class=\"modula-item-content\">\n\n\t\t\t\t\n\t\t\t\t\t<a data-image-id=\"308\" href=\"http:\/\/www.valencia.es\/superilla-petxina\/wp-content\/uploads\/2020\/09\/Directrices_mejora_calidad_urbana_vlc-1.jpg\" rel=\"jtg-311\" data-caption=\"\" class=\"tile-inner modula-item-link\"><\/a>\n\t\t\n\t\t\n\t\t<img class='pic' data-valign=\"middle\" data-halign=\"center\" alt=\"\" data-full=\"http:\/\/www.valencia.es\/superilla-petxina\/wp-content\/uploads\/2020\/09\/Directrices_mejora_calidad_urbana_vlc-1.jpg\" width=\"300\" height=\"200\" src=\"http:\/\/www.valencia.es\/superilla-petxina\/wp-content\/uploads\/2020\/09\/Directrices_mejora_calidad_urbana_vlc-1-300x200_c.jpg\" data-src=\"http:\/\/www.valencia.es\/superilla-petxina\/wp-content\/uploads\/2020\/09\/Directrices_mejora_calidad_urbana_vlc-1-300x200_c.jpg\" data-caption=\"\"\/>\n\n\t\t\n\t\t<div class=\"figc no-description\">\n\t\t\t<div class=\"figc-inner\">\n\t\t\t\t\t\t\t\t\t\t\t\t\t\t\t<\/div>\n\t\t<\/div>\n\n\t<\/div>\n\n<\/div><div class=\"modula-item effect-pufrobo\" >\n\t<div class=\"modula-item-overlay\"><\/div>\n\n\t<div class=\"modula-item-content\">\n\n\t\t\t\t\n\t\t\t\t\t<a data-image-id=\"309\" href=\"http:\/\/www.valencia.es\/superilla-petxina\/wp-content\/uploads\/2020\/09\/fotonoticia_20200217164905_1920_NoticiaAmpliada.jpg\" rel=\"jtg-311\" data-caption=\"\" class=\"tile-inner modula-item-link\"><\/a>\n\t\t\n\t\t\n\t\t<img class='pic' data-valign=\"middle\" data-halign=\"center\" alt=\"\" data-full=\"http:\/\/www.valencia.es\/superilla-petxina\/wp-content\/uploads\/2020\/09\/fotonoticia_20200217164905_1920_NoticiaAmpliada.jpg\" width=\"300\" height=\"200\" src=\"http:\/\/www.valencia.es\/superilla-petxina\/wp-content\/uploads\/2020\/09\/fotonoticia_20200217164905_1920_NoticiaAmpliada-300x200_c.jpg\" data-src=\"http:\/\/www.valencia.es\/superilla-petxina\/wp-content\/uploads\/2020\/09\/fotonoticia_20200217164905_1920_NoticiaAmpliada-300x200_c.jpg\" data-caption=\"\"\/>\n\n\t\t\n\t\t<div class=\"figc no-description\">\n\t\t\t<div class=\"figc-inner\">\n\t\t\t\t\t\t\t\t\t\t\t\t\t\t\t<\/div>\n\t\t<\/div>\n\n\t<\/div>\n\n<\/div>\t\t\n\t<\/div>\n\n\t\n\t\n\t<script type=\"application\/ld+json\">\n\t{\n\t\t\"@context\": \"http:\/\/schema.org\",\n\t\t\"@type\"   : \"ImageGallery\",\n\t\t\"id\"      : \"http:\/\/www.valencia.es\/superilla-petxina\/wp-json\/wp\/v2\/pages\/123\",\n\t\t\"url\"     : \"http:\/\/www.valencia.es\/superilla-petxina\/wp-json\/wp\/v2\/pages\/123\"\n\t}\n\n    <\/script>\n\n\t\n<\/div>\n\n\n<p><\/p>\n\n\n\n<p>Con el objetivo de agilizar la intervenci\u00f3n sobre el espacio p\u00fablico se ha redactado recientemente una <strong>Gu\u00eda T\u00e9cnica para Actuaciones de Reurbanizaci\u00f3n Flexible en Val\u00e8ncia<\/strong>. La urbanizaci\u00f3n blanda es una herramienta de intervenci\u00f3n que permite una transformaci\u00f3n r\u00e1pida al mismo tiempo que se testean y comprueban previamente las ideas, los criterios de sostenibilidad, de accesibilidad universal, de g\u00e9nero y ecol\u00f3gicos, contenidos en las propuestas que acabar\u00e1n formalizando el proyecto a largo plazo. La intervenci\u00f3n del \u00abmientras-tanto\u00bb, de urgencia, con reurbanizaci\u00f3n blanda, permite adaptar y ajustar las propuestas para finalmente definir un proyecto definitivo.<\/p>\n\n\n\n<p><em>\u201cHay cada vez una demanda m\u00e1s urgente de recuperaci\u00f3n de espacio p\u00fablico basada en tres pilares fundamentales: que tengamos una ciudad m\u00e1s social, m\u00e1s integradora, m\u00e1s verde y m\u00e1s saludable. Eso requiere una pol\u00edtica de amplia transformaci\u00f3n urbana y herramientas que permitan agilizar los procesos, y en ese sentido queremos ofrecer una respuesta r\u00e1pida que d\u00e9 soluci\u00f3n a las demandas de la ciudadan\u00eda, pero no queremos hacerlo de cualquier manera. Las pol\u00edticas de recuperaci\u00f3n de espacio p\u00fablico tienen que cumplir unos criterios de calidad urbana.\u201d<\/em><\/p>\n","protected":false},"excerpt":{"rendered":"<p>Atendiendo a los datos que ofrece las Naciones Unidas para el planteamiento del Objetivo de Desarrollo Sostenible (ODS) n.\u00ba11 (ciudades sean m\u00e1s inclusivas, seguras, resilientes y sostenibles), las ciudades y las \u00e1reas metropolitanas son centros neur\u00e1lgicos del crecimiento econ\u00f3mico, ya que contribuyen al 60&nbsp;% aproximadamente del PIB mundial, sin embargo, tambi\u00e9n representan alrededor del 70&nbsp;%<\/p>\n<div><a class=\"btn-filled btn\" href=\"http:\/\/www.valencia.es\/superilla-petxina\/es\/introduccion\/\" title=\"INTRODUCCI\u00d3N\">Leer m\u00e1s<\/a><\/div>\n","protected":false},"author":1,"featured_media":0,"parent":0,"menu_order":0,"comment_status":"closed","ping_status":"closed","template":"","meta":[],"_links":{"self":[{"href":"http:\/\/www.valencia.es\/superilla-petxina\/wp-json\/wp\/v2\/pages\/123"}],"collection":[{"href":"http:\/\/www.valencia.es\/superilla-petxina\/wp-json\/wp\/v2\/pages"}],"about":[{"href":"http:\/\/www.valencia.es\/superilla-petxina\/wp-json\/wp\/v2\/types\/page"}],"author":[{"embeddable":true,"href":"http:\/\/www.valencia.es\/superilla-petxina\/wp-json\/wp\/v2\/users\/1"}],"replies":[{"embeddable":true,"href":"http:\/\/www.valencia.es\/superilla-petxina\/wp-json\/wp\/v2\/comments?post=123"}],"version-history":[{"count":8,"href":"http:\/\/www.valencia.es\/superilla-petxina\/wp-json\/wp\/v2\/pages\/123\/revisions"}],"predecessor-version":[{"id":328,"href":"http:\/\/www.valencia.es\/superilla-petxina\/wp-json\/wp\/v2\/pages\/123\/revisions\/328"}],"wp:attachment":[{"href":"http:\/\/www.valencia.es\/superilla-petxina\/wp-json\/wp\/v2\/media?parent=123"}],"curies":[{"name":"wp","href":"https:\/\/api.w.org\/{rel}","templated":true}]}}