{"id":121,"date":"2020-09-15T07:33:57","date_gmt":"2020-09-15T07:33:57","guid":{"rendered":"http:\/\/www.valencia.es\/superilla-petxina\/?page_id=121"},"modified":"2020-10-19T15:45:04","modified_gmt":"2020-10-19T15:45:04","slug":"introduccio","status":"publish","type":"page","link":"http:\/\/www.valencia.es\/superilla-petxina\/introduccio\/","title":{"rendered":"INTRODUCCI\u00d3"},"content":{"rendered":"\n<p>Atesos les dades que ofereix les <a href=\"https:\/\/www.un.org\/sustainabledevelopment\/es\/cities\/\" target=\"_blank\" rel=\"noreferrer noopener\">Nacions Unides<\/a> per al plantejament de l&#8217;Objectiu de Desenvolupament Sostenible (ODS) n\u00fam.11 (<a href=\"https:\/\/www.un.org\/sustainabledevelopment\/es\/cities\/\" target=\"_blank\" rel=\"noreferrer noopener\">ciutats siguen m\u00e9s inclusives, segures, resilients i sostenibles<\/a>), les ciutats i les \u00e0rees metropolitanes s\u00f3n centres neur\u00e0lgics del creixement econ\u00f2mic, ja que contribueixen al 60% aproximadament del PIB mundial, no obstant aix\u00f2, tamb\u00e9 representen al voltant del 70% de les emissions de carboni mundials i m\u00e9s del 60% de l&#8217;\u00fas de recursos.<\/p>\n\n\n\n<p><em>\u201cNou de cada deu residents urbans en 2016 respiraven aire contaminat, \u00e9s a dir, aire que no complia amb les pautes de qualitat de l&#8217;aire de l&#8217;OMS per a nivells mitjans anuals de part\u00edcules fines (PM2.5) de 10 micrograms o menys per metre c\u00fabic. M\u00e9s de la meitat d&#8217;aqueixes persones van estar exposades a nivells de contaminaci\u00f3 de l&#8217;aire almenys 2,5 vegades superiors al valor de refer\u00e8ncia. La qualitat de l&#8217;aire va empitjorar entre 2010 i 2016 per a m\u00e9s del 50% de la poblaci\u00f3 mundial. \u00c0sia central i meridional i \u00c0frica subsahariana s\u00f3n les dues regions que van experimentar els majors augments en les concentracions de part\u00edcules.\u201d<\/em><\/p>\n\n\n\n<p><em>\u201cLa xarxa de viari i espais p\u00fablics forma l&#8217;esquelet de la ciutat sobre la qual descansa tota la resta. On l&#8217;espai p\u00fablic \u00e9s inadequat, mal dissenyat o privatitzat, la ciutat es torna cada vegada m\u00e9s segregada. La inversi\u00f3 en xarxes de carrers i espais p\u00fablics oberts millora la productivitat urbana, els mitjans de vida i l&#8217;acc\u00e9s als mercats, ocupacions i serveis p\u00fablics, especialment en pa\u00efsos on m\u00e9s de la meitat de la for\u00e7a laboral urbana \u00e9s informal.\u201d<\/em><\/p>\n\n\n\n<figure class=\"wp-block-image size-large\"><img src=\"http:\/\/www.valencia.es\/superilla-petxina\/wp-content\/uploads\/2020\/09\/ODS.jpg\" alt=\"\"\/><\/figure>\n\n\n\n<p>Al setembre de 2017 l&#8217;Ajuntament de Val\u00e8ncia, a trav\u00e9s de AUMSA (Actuacions Urbanes de Val\u00e8ncia Societat An\u00f2nima Municipal) va redactar un document de <strong>Directrius per a la millora de la qualitat urbana dels barris de Val\u00e8ncia<\/strong> com a document inicial per a la consulta i participaci\u00f3 ciutadana. Amb l&#8217;objectiu d&#8217;aconseguir una <strong>ciutat m\u00e9s habitable<\/strong> per als seus ciutadans, aquest document establia la millora de la qualitat urbana del s\u00f2l consolidat com una de les directrius b\u00e0siques per al planejament del futur.<\/p>\n\n\n\n<p><em>\u201cAquest document avalua la qualitat urbana dels barris existents mitjan\u00e7ant l&#8217;aplicaci\u00f3 d&#8217;una s\u00e8rie d&#8217;indicadors que serveixen per a establir unes directrius que han de guiar els processos de millora de la qualitat urbana. Les Directrius per a la Millora de la Qualitat Urbana seran la base a partir de les quals s&#8217;elaboraran les intervencions urbanes, que \u00e9s un concepte m\u00e9s ampli que el de regeneraci\u00f3 o rehabilitaci\u00f3, ja que pot incloure programes per a la millora de la cohesi\u00f3 social o fins i tot de renovaci\u00f3.\u201d<\/em><\/p>\n\n\n\n<p><em>\u201cLa ciutat \u00e9s un suport f\u00edsic indissoluble dels seus ciutadans pel que aquest mecanisme d&#8217;an\u00e0lisi, diagn\u00f2stic i propostes necessita l&#8217;aval de la ciutadania, i \u00e9s per aix\u00f2 que s&#8217;incorporaran les propostes, que en mat\u00e8ria de planificaci\u00f3 urban\u00edstica, sorgisquen de l&#8217;estrat\u00e8gia integral participativa que en aquests moments s&#8217;est\u00e0 realitzant en diferents barris de Val\u00e8ncia.\u201d<\/em><\/p>\n\n\n\n<p>Cada dia som m\u00e9s conscients que el model actual de les ciutats necessita una revisi\u00f3 que atenga les necessitats b\u00e0siques i la qualitat de vida de les persones.<\/p>\n\n\n\n<p><em>\u201cLes ciutats ja tenien el repte de recuperar espai p\u00fablico i reduir la contaminaci\u00f3 des de fa temps, per\u00f2 l&#8217;actual pand\u00e8mia ens demostra que no podem esperar per a garantir la seguretat i la qualitat de vida de les persones, per la qual cosa \u00e9s urgent un pla de recuperaci\u00f3 d&#8217;espai p\u00fablic per a adaptar-se a les necessitats de la ciutadania en l&#8217;actual escenari creat pel coronavirus.\u201d<\/em><\/p>\n\n\n\n<p><em>\u201c<a href=\"https:\/\/valenciaplaza.com\/el-ayuntamiento-plasma-en-valencia-ciudad-de-plazas-su-modelo-de-ciudad-en-favor-del-espacio-publico\" target=\"_blank\" rel=\"noreferrer noopener\">Val\u00e8ncia Ciutat de Places<\/a> \u00e9s una resposta a la necessitat de continuar transformant les nostres places i generant noves perqu\u00e8 siguen espais de trobada comunit\u00e0ria, espais segurs, verds i nets.\u201d<\/em><\/p>\n\n\n<style>#jtg-311 .modula-item .jtg-social a, .lightbox-socials.jtg-social a{ color: #ffffff }#jtg-311 .modula-item .jtg-social svg, .lightbox-socials.jtg-social svg { height: 16px; width: 16px }#jtg-311 .modula-item .jtg-social a:not(:last-child), .lightbox-socials.jtg-social a:not(:last-child) { margin-right: 10px }#jtg-311 .modula-item .caption { background-color: #ffffff;  }#jtg-311 .modula-item .figc {color:#ffffff;}#jtg-311 .modula-item .modula-item-content { transform: scale(1) }#jtg-311 { width:100%;}#jtg-311 .modula-items .figc p.description { font-size:14px; }#jtg-311 .modula-items .figc p.description { color:#ffffff;}#jtg-311 .modula-items .figc .jtg-title { color:#ffffff; }#jtg-311.modula-gallery .modula-item > a, #jtg-311.modula-gallery .modula-item, #jtg-311.modula-gallery .modula-item-content > a { cursor:zoom-in; } #jtg-311.modula-gallery .modula-item, .modula-gallery .modula-grid-sizer { width: calc(33.333333333333% - 6.6666666666667px) !important ; } #jtg-311 .modula-items{position:relative;}@media screen and (max-width:480px){#jtg-311 .modula-item .figc .jtg-title {  font-size: 12px; }#jtg-311 .modula-items .figc p.description { color:#ffffff;font-size:10px; }}<\/style>\n<!-- Gallery Container -->\n<div  id=\"jtg-311\" class=\"modula modula-gallery modula-columns\" data-config=\"{&quot;enableTwitter&quot;:false,&quot;enableWhatsapp&quot;:false,&quot;enableFacebook&quot;:false,&quot;enablePinterest&quot;:false,&quot;enableLinkedin&quot;:false,&quot;enableEmail&quot;:false,&quot;randomFactor&quot;:0.5,&quot;type&quot;:&quot;grid&quot;,&quot;columns&quot;:12,&quot;gutter&quot;:10,&quot;enableResponsive&quot;:&quot;0&quot;,&quot;tabletColumns&quot;:&quot;2&quot;,&quot;mobileColumns&quot;:&quot;1&quot;,&quot;lazyLoad&quot;:&quot;0&quot;,&quot;lightboxOpts&quot;:{&quot;loop&quot;:false,&quot;arrows&quot;:true,&quot;toolbar&quot;:true,&quot;keyboard&quot;:false,&quot;wheel&quot;:false,&quot;buttons&quot;:[&quot;close&quot;],&quot;hash&quot;:false,&quot;lang&quot;:&quot;en&quot;,&quot;touch&quot;:false,&quot;protect&quot;:false,&quot;i18n&quot;:{&quot;en&quot;:{&quot;CLOSE&quot;:&quot;Close&quot;,&quot;NEXT&quot;:&quot;Next&quot;,&quot;PREV&quot;:&quot;Previous&quot;,&quot;Error&quot;:&quot;The requested content cannot be loaded. Please try again later.&quot;,&quot;PLAY_START&quot;:&quot;Start slideshow&quot;,&quot;PLAY_STOP&quot;:&quot;Pause slideshow&quot;,&quot;FULL_SCREEN&quot;:&quot;Full screen&quot;,&quot;THUMBS&quot;:&quot;Thumbnails&quot;,&quot;DOWNLOAD&quot;:&quot;Download&quot;,&quot;SHARE&quot;:&quot;Share&quot;,&quot;ZOOM&quot;:&quot;Zoom&quot;}},&quot;clickSlide&quot;:false,&quot;clickOutside&quot;:false,&quot;dblclickContent&quot;:false,&quot;dblclickSlide&quot;:false,&quot;dblclickOutside&quot;:false,&quot;clickContent&quot;:false,&quot;baseTpl&quot;:&quot;&lt;div class=\\&quot;modula-fancybox-container modula-lightbox-jtg-311\\&quot; role=\\&quot;dialog\\&quot; tabindex=\\&quot;-1\\&quot;&gt;&lt;div class=\\&quot;modula-fancybox-bg\\&quot;&gt;&lt;\\\/div&gt;&lt;div class=\\&quot;modula-fancybox-inner\\&quot;&gt;&lt;div class=\\&quot;modula-fancybox-infobar\\&quot;&gt;&lt;span data-fancybox-index&gt;&lt;\\\/span&gt;&nbsp;\\\/&nbsp;&lt;span data-fancybox-count&gt;&lt;\\\/span&gt;&lt;\\\/div&gt;&lt;div class=\\&quot;modula-fancybox-toolbar\\&quot;&gt;{{buttons}}&lt;\\\/div&gt;&lt;div class=\\&quot;modula-fancybox-navigation\\&quot;&gt;{{arrows}}&lt;\\\/div&gt;&lt;div class=\\&quot;modula-fancybox-stage\\&quot;&gt;&lt;\\\/div&gt;&lt;div class=\\&quot;modula-fancybox-caption\\&quot;&gt;&lt;div class=\\&quot;modula-fancybox-caption__body\\&quot;&gt;&lt;\\\/div&gt;&lt;\\\/div&gt;&lt;\\\/div&gt;&lt;\\\/div&gt;&quot;},&quot;inView&quot;:false,&quot;email_subject&quot;:&quot;Check out this awesome image !!&quot;,&quot;email_message&quot;:&quot;Here is the link to the image : %%image_link%% and this is the link to the gallery : %%gallery_link%%&quot;,&quot;grid_type&quot;:&quot;3&quot;,&quot;rowHeight&quot;:150,&quot;lastRow&quot;:&quot;justify&quot;,&quot;lightbox&quot;:&quot;fancybox&quot;}\">\n\n\t<div class=\"modula-grid-sizer\"> <\/div>\n\t<!-- Items Container -->\n\t<div  class=\"modula-items grid-gallery\">\n\t\t<div class=\"modula-item effect-pufrobo\" >\n\t<div class=\"modula-item-overlay\"><\/div>\n\n\t<div class=\"modula-item-content\">\n\n\t\t\t\t\n\t\t\t\t\t<a data-image-id=\"310\" href=\"http:\/\/www.valencia.es\/superilla-petxina\/wp-content\/uploads\/2020\/09\/PMUS.jpg\" rel=\"jtg-311\" data-caption=\"\" class=\"tile-inner modula-item-link\"><\/a>\n\t\t\n\t\t\n\t\t<img class='pic' data-valign=\"middle\" data-halign=\"center\" alt=\"\" data-full=\"http:\/\/www.valencia.es\/superilla-petxina\/wp-content\/uploads\/2020\/09\/PMUS.jpg\" width=\"300\" height=\"200\" src=\"http:\/\/www.valencia.es\/superilla-petxina\/wp-content\/uploads\/2020\/09\/PMUS-300x200_c.jpg\" data-src=\"http:\/\/www.valencia.es\/superilla-petxina\/wp-content\/uploads\/2020\/09\/PMUS-300x200_c.jpg\" data-caption=\"\"\/>\n\n\t\t\n\t\t<div class=\"figc no-description\">\n\t\t\t<div class=\"figc-inner\">\n\t\t\t\t\t\t\t\t\t\t\t\t\t\t\t<\/div>\n\t\t<\/div>\n\n\t<\/div>\n\n<\/div><div class=\"modula-item effect-pufrobo\" >\n\t<div class=\"modula-item-overlay\"><\/div>\n\n\t<div class=\"modula-item-content\">\n\n\t\t\t\t\n\t\t\t\t\t<a data-image-id=\"308\" href=\"http:\/\/www.valencia.es\/superilla-petxina\/wp-content\/uploads\/2020\/09\/Directrices_mejora_calidad_urbana_vlc-1.jpg\" rel=\"jtg-311\" data-caption=\"\" class=\"tile-inner modula-item-link\"><\/a>\n\t\t\n\t\t\n\t\t<img class='pic' data-valign=\"middle\" data-halign=\"center\" alt=\"\" data-full=\"http:\/\/www.valencia.es\/superilla-petxina\/wp-content\/uploads\/2020\/09\/Directrices_mejora_calidad_urbana_vlc-1.jpg\" width=\"300\" height=\"200\" src=\"http:\/\/www.valencia.es\/superilla-petxina\/wp-content\/uploads\/2020\/09\/Directrices_mejora_calidad_urbana_vlc-1-300x200_c.jpg\" data-src=\"http:\/\/www.valencia.es\/superilla-petxina\/wp-content\/uploads\/2020\/09\/Directrices_mejora_calidad_urbana_vlc-1-300x200_c.jpg\" data-caption=\"\"\/>\n\n\t\t\n\t\t<div class=\"figc no-description\">\n\t\t\t<div class=\"figc-inner\">\n\t\t\t\t\t\t\t\t\t\t\t\t\t\t\t<\/div>\n\t\t<\/div>\n\n\t<\/div>\n\n<\/div><div class=\"modula-item effect-pufrobo\" >\n\t<div class=\"modula-item-overlay\"><\/div>\n\n\t<div class=\"modula-item-content\">\n\n\t\t\t\t\n\t\t\t\t\t<a data-image-id=\"309\" href=\"http:\/\/www.valencia.es\/superilla-petxina\/wp-content\/uploads\/2020\/09\/fotonoticia_20200217164905_1920_NoticiaAmpliada.jpg\" rel=\"jtg-311\" data-caption=\"\" class=\"tile-inner modula-item-link\"><\/a>\n\t\t\n\t\t\n\t\t<img class='pic' data-valign=\"middle\" data-halign=\"center\" alt=\"\" data-full=\"http:\/\/www.valencia.es\/superilla-petxina\/wp-content\/uploads\/2020\/09\/fotonoticia_20200217164905_1920_NoticiaAmpliada.jpg\" width=\"300\" height=\"200\" src=\"http:\/\/www.valencia.es\/superilla-petxina\/wp-content\/uploads\/2020\/09\/fotonoticia_20200217164905_1920_NoticiaAmpliada-300x200_c.jpg\" data-src=\"http:\/\/www.valencia.es\/superilla-petxina\/wp-content\/uploads\/2020\/09\/fotonoticia_20200217164905_1920_NoticiaAmpliada-300x200_c.jpg\" data-caption=\"\"\/>\n\n\t\t\n\t\t<div class=\"figc no-description\">\n\t\t\t<div class=\"figc-inner\">\n\t\t\t\t\t\t\t\t\t\t\t\t\t\t\t<\/div>\n\t\t<\/div>\n\n\t<\/div>\n\n<\/div>\t\t\n\t<\/div>\n\n\t\n\t\n\t<script type=\"application\/ld+json\">\n\t{\n\t\t\"@context\": \"http:\/\/schema.org\",\n\t\t\"@type\"   : \"ImageGallery\",\n\t\t\"id\"      : \"http:\/\/www.valencia.es\/superilla-petxina\/wp-json\/wp\/v2\/pages\/121\",\n\t\t\"url\"     : \"http:\/\/www.valencia.es\/superilla-petxina\/wp-json\/wp\/v2\/pages\/121\"\n\t}\n\n    <\/script>\n\n\t\n<\/div>\n\n\n<p><\/p>\n\n\n\n<p>Amb l&#8217;objectiu d&#8217;agilitar la intervenci\u00f3 sobre l&#8217;espai p\u00fablic s&#8217;ha redactat recentment una <strong>Guia T\u00e8cnica per a Actuacions de Reurbanitzaci\u00f3 Flexible a Val\u00e8ncia<\/strong>. La urbanitzaci\u00f3 blana \u00e9s una eina d&#8217;intervenci\u00f3 que permet una transformaci\u00f3 r\u00e0pida al mateix temps que es testen i comproven pr\u00e8viament les idees, els criteris de sostenibilitat, d&#8217;accessibilitat universal, de g\u00e8nere i ecol\u00f2gics, continguts en les propostes que acabaran formalitzant el projecte a llarg termini. La intervenci\u00f3 del \u00abmentrestant\u00bb, d&#8217;urg\u00e8ncia, amb reurbanitzaci\u00f3 blana, permet adaptar i ajustar les propostes per a finalment definir un projecte definitiu.<\/p>\n\n\n\n<p><em>\u201cHi ha cada vegada una demanda m\u00e9s urgent de recuperaci\u00f3 d&#8217;espai p\u00fablic basada en tres pilars fonamentals: que tinguem una ciutat m\u00e9s social, m\u00e9s integradora, m\u00e9s verda i m\u00e9s saludable. Aix\u00f2 requereix una pol\u00edtica d&#8217;\u00e0mplia transformaci\u00f3 urbana i eines que permeten agilitar els processos, i en aqueix sentit volem oferir una resposta r\u00e0pida que done soluci\u00f3 a les demandes de la ciutadania, per\u00f2 no volem fer-ho de qualsevol manera. Les pol\u00edtiques de recuperaci\u00f3 d&#8217;espai p\u00fablic han de complir uns criteris de qualitat urbana.\u201d<\/em><\/p>\n","protected":false},"excerpt":{"rendered":"<p>Atesos les dades que ofereix les Nacions Unides per al plantejament de l&#8217;Objectiu de Desenvolupament Sostenible (ODS) n\u00fam.11 (ciutats siguen m\u00e9s inclusives, segures, resilients i sostenibles), les ciutats i les \u00e0rees metropolitanes s\u00f3n centres neur\u00e0lgics del creixement econ\u00f2mic, ja que contribueixen al 60% aproximadament del PIB mundial, no obstant aix\u00f2, tamb\u00e9 representen al voltant del<\/p>\n<div><a class=\"btn-filled btn\" href=\"http:\/\/www.valencia.es\/superilla-petxina\/introduccio\/\" title=\"INTRODUCCI\u00d3\">Leer m\u00e1s<\/a><\/div>\n","protected":false},"author":1,"featured_media":0,"parent":0,"menu_order":0,"comment_status":"closed","ping_status":"closed","template":"","meta":[],"_links":{"self":[{"href":"http:\/\/www.valencia.es\/superilla-petxina\/wp-json\/wp\/v2\/pages\/121"}],"collection":[{"href":"http:\/\/www.valencia.es\/superilla-petxina\/wp-json\/wp\/v2\/pages"}],"about":[{"href":"http:\/\/www.valencia.es\/superilla-petxina\/wp-json\/wp\/v2\/types\/page"}],"author":[{"embeddable":true,"href":"http:\/\/www.valencia.es\/superilla-petxina\/wp-json\/wp\/v2\/users\/1"}],"replies":[{"embeddable":true,"href":"http:\/\/www.valencia.es\/superilla-petxina\/wp-json\/wp\/v2\/comments?post=121"}],"version-history":[{"count":4,"href":"http:\/\/www.valencia.es\/superilla-petxina\/wp-json\/wp\/v2\/pages\/121\/revisions"}],"predecessor-version":[{"id":355,"href":"http:\/\/www.valencia.es\/superilla-petxina\/wp-json\/wp\/v2\/pages\/121\/revisions\/355"}],"wp:attachment":[{"href":"http:\/\/www.valencia.es\/superilla-petxina\/wp-json\/wp\/v2\/media?parent=121"}],"curies":[{"name":"wp","href":"https:\/\/api.w.org\/{rel}","templated":true}]}}