{"id":9,"date":"2017-02-10T01:00:29","date_gmt":"2017-02-10T01:00:29","guid":{"rendered":"http:\/\/www.pladelremei.efgarquitectura.es\/?page_id=9"},"modified":"2018-04-12T22:51:23","modified_gmt":"2018-04-12T21:51:23","slug":"inicio","status":"publish","type":"page","link":"http:\/\/www.valencia.es\/pladelremei\/","title":{"rendered":"PlaDelRemei"},"content":{"rendered":"<p><img loading=\"lazy\" class=\"aligncenter wp-image-644 size-full\" src=\"http:\/\/www.valencia.es\/pladelremei\/wp-content\/uploads\/2018\/04\/181016-Imagina-048r.jpg\" alt=\"\" width=\"1200\" height=\"703\" srcset=\"http:\/\/www.valencia.es\/pladelremei\/wp-content\/uploads\/2018\/04\/181016-Imagina-048r.jpg 1200w, http:\/\/www.valencia.es\/pladelremei\/wp-content\/uploads\/2018\/04\/181016-Imagina-048r-300x176.jpg 300w, http:\/\/www.valencia.es\/pladelremei\/wp-content\/uploads\/2018\/04\/181016-Imagina-048r-768x450.jpg 768w, http:\/\/www.valencia.es\/pladelremei\/wp-content\/uploads\/2018\/04\/181016-Imagina-048r-1024x600.jpg 1024w\" sizes=\"(max-width: 767px) 89vw, (max-width: 1000px) 54vw, (max-width: 1071px) 543px, 580px\" \/><\/p>\n<p><span style=\"font-weight: 400;\">GRAN V\u00cdA MARQU\u00c9S DEL T\u00daRIA I GERMAN\u00cdES \u00a0 ALACANT \u00a0 SOGORB \u00a0 ALCOI \u00a0 CASTELL\u00d3 \u00a0 GENERAL SAN MART\u00cdN \u00a0 RUSSAFA \u00a0 CIRIL AMOR\u00d3S \u00a0 FELIX PIZCUETA \u00a0 \u00a0PIZARRO. \u00a0 HERN\u00c1N CORT\u00c9S \u00a0 \u00a0ISABEL LA CAT\u00d3LICA \u00a0 \u00a0JORGE JUAN \u00a0 \u00a0MART\u00cdNEZ FERRANDO \u00a0 \u00a0 COMTE DE SALVATIERRA \u00a0 \u00a0GRABADOR ESTEVE \u00a0 \u00a0SORNI \u00a0 \u00a0 SERRANO MORALES \u00a0 \u00a0NAVARRO REVERTER \u00a0DEL JUST\u00cdCIA \u00a0\u00a0D\u2019ARCHER I ANNE HUNTINGTON \u00a0\u00a0\u00a0DR. FLEMMING \u00a0\u00a0\u00a0PASSEIG DE LA CIUTADELLA \u00a0\u00a0\u00a0GENERAL NAVARRO SANGRAN\u00a0 D\u2019AM\u00c8RICA \u00a0 \u00a0X\u00c0TIVA<\/span><\/p>\n<p>&nbsp;<\/p>\n<p><img loading=\"lazy\" class=\"aligncenter size-full wp-image-379\" src=\"http:\/\/www.valencia.es\/pladelremei\/wp-content\/uploads\/2017\/02\/Reme-banner-r800c.gif\" alt=\"\" width=\"800\" height=\"250\" \/><\/p>\n","protected":false},"excerpt":{"rendered":"<p>GRAN V\u00cdA MARQU\u00c9S DEL T\u00daRIA I GERMAN\u00cdES \u00a0 ALACANT \u00a0 SOGORB \u00a0 ALCOI \u00a0 CASTELL\u00d3 \u00a0 GENERAL SAN MART\u00cdN \u00a0 RUSSAFA \u00a0 CIRIL AMOR\u00d3S \u00a0 FELIX PIZCUETA \u00a0 \u00a0PIZARRO. \u00a0 HERN\u00c1N CORT\u00c9S \u00a0 \u00a0ISABEL LA CAT\u00d3LICA \u00a0 \u00a0JORGE JUAN \u00a0 \u00a0MART\u00cdNEZ FERRANDO \u00a0 \u00a0 COMTE DE SALVATIERRA \u00a0 \u00a0GRABADOR ESTEVE \u00a0 \u00a0SORNI \u00a0 \u00a0 SERRANO &hellip; <\/p>\n<p class=\"link-more\"><a href=\"http:\/\/www.valencia.es\/pladelremei\/\" class=\"more-link\">Continuar leyendo<span class=\"screen-reader-text\"> \u00abPlaDelRemei\u00bb<\/span><\/a><\/p>\n","protected":false},"author":1,"featured_media":0,"parent":0,"menu_order":0,"comment_status":"closed","ping_status":"closed","template":"","meta":[],"_links":{"self":[{"href":"http:\/\/www.valencia.es\/pladelremei\/wp-json\/wp\/v2\/pages\/9"}],"collection":[{"href":"http:\/\/www.valencia.es\/pladelremei\/wp-json\/wp\/v2\/pages"}],"about":[{"href":"http:\/\/www.valencia.es\/pladelremei\/wp-json\/wp\/v2\/types\/page"}],"author":[{"embeddable":true,"href":"http:\/\/www.valencia.es\/pladelremei\/wp-json\/wp\/v2\/users\/1"}],"replies":[{"embeddable":true,"href":"http:\/\/www.valencia.es\/pladelremei\/wp-json\/wp\/v2\/comments?post=9"}],"version-history":[{"count":11,"href":"http:\/\/www.valencia.es\/pladelremei\/wp-json\/wp\/v2\/pages\/9\/revisions"}],"predecessor-version":[{"id":668,"href":"http:\/\/www.valencia.es\/pladelremei\/wp-json\/wp\/v2\/pages\/9\/revisions\/668"}],"wp:attachment":[{"href":"http:\/\/www.valencia.es\/pladelremei\/wp-json\/wp\/v2\/media?parent=9"}],"curies":[{"name":"wp","href":"https:\/\/api.w.org\/{rel}","templated":true}]}}