{"id":13,"date":"2017-02-10T01:00:29","date_gmt":"2017-02-10T01:00:29","guid":{"rendered":"http:\/\/www.pladelremei.efgarquitectura.es\/?page_id=13"},"modified":"2017-05-02T09:23:03","modified_gmt":"2017-05-02T08:23:03","slug":"una-seccion-de-la-pagina-de-inicio","status":"publish","type":"page","link":"http:\/\/www.valencia.es\/pladelremei\/una-seccion-de-la-pagina-de-inicio\/","title":{"rendered":"Calendario &#8211; Calendari"},"content":{"rendered":"<p>Este es un proceso participativo que se desarrollar\u00e1 durante febrero, marzo y abril de 2017. Est\u00e1s invitado a participar, escoge cuando y c\u00f3mo:<\/p>\n<p><span style=\"color: #999999;\"><strong>02.16 GM01 REUNI\u00d3N INICIO<\/strong><\/span><\/p>\n<p><span style=\"color: #999999;\"><strong>02.25 AP MERCAT DE COL\u00d3N<\/strong><\/span><\/p>\n<p><span style=\"color: #999999;\"><strong>03.02 GM02\u00a0CONTRASTE L\u00cdNEAS DE TRABAJO<\/strong><\/span><\/p>\n<p><span style=\"color: #999999;\"><strong>03.29&#8230; EN\u00a0CEAM JORGE JUAN<\/strong><\/span><\/p>\n<p><span style=\"color: #999999;\"><strong>03.30 GM03<\/strong><\/span><\/p>\n<p>04.03 CE Concurs de Dibuix<\/p>\n<p>04.10 RS\u00a0COMERCIANTES<\/p>\n<p>04.&#8211; RS APARCAMIENTOS P\u00daBLICOS<\/p>\n<p><em>\u00a0 \u00a0 AP \u00a0 \u00a0Actividades P\u00fablicas <\/em><\/p>\n<p><em>\u00a0 \u00a0 GM \u00a0 Grupo Motor<\/em><\/p>\n<p><em>\u00a0 \u00a0 CE \u00a0 \u00a0Actividades Comunidad Escolar <\/em><\/p>\n<p><em>\u00a0 \u00a0 ED \u00a0 \u00a0Encuesta Digital o Normal<\/em><\/p>\n<p><em>\u00a0 \u00a0 RS \u00a0 \u00a0Reuni\u00f3n Sectorial<\/em><\/p>\n<p><span style=\"color: #808000;\">Est \u00e9s un proc\u00e9s participatiu que es desenvolupar\u00e0 durant febrer, mar\u00e7 i abril de 2017. Est\u00e0s convidat a participar, escull quan i com:<\/span><\/p>\n<p><span style=\"color: #999999;\"><strong>02.16 GM01 REUNI\u00d3 INICI<\/strong><\/span><\/p>\n<p><span style=\"color: #999999;\"><strong>02.25 AP MERCAT DE COL\u00d3N<\/strong><\/span><\/p>\n<p><span style=\"color: #999999;\"><strong>03.02 GM02\u00a0CONTRAST L\u00cdNIES DE TREBALL<\/strong><\/span><\/p>\n<p><span style=\"color: #999999;\"><strong>03.29 AP CEAM JORGE JUAN<\/strong><\/span><\/p>\n<p><span style=\"color: #999999;\"><strong>03.30 GM03<\/strong><\/span><\/p>\n<p><span style=\"color: #999999;\"><strong>04.03 CONCURS DE DIBUIX<\/strong><\/span><\/p>\n<p><span style=\"color: #999999;\"><strong>04.06 GM04<\/strong><\/span><\/p>\n<p>&nbsp;<\/p>\n<p><span style=\"color: #808000;\">04.20 RS\u00a0COMERCIANTS<\/span><\/p>\n<p><span style=\"color: #808000;\">04.&#8211; RS APARCAMENTS P\u00daBLICS<\/span><\/p>\n<p><span style=\"color: #808000;\"><em>\u00a0 \u00a0 AP \u00a0 \u00a0Activitats P\u00fabliques<\/em><\/span><\/p>\n<p><span style=\"color: #808000;\"><em>\u00a0 \u00a0 GM \u00a0 Grup Motor<\/em><\/span><\/p>\n<p><span style=\"color: #808000;\"><em>\u00a0 \u00a0 CE \u00a0 Activitats Comunitat Escolar<\/em><\/span><\/p>\n<p><span style=\"color: #808000;\"><em>\u00a0 \u00a0ED \u00a0 \u00a0Enquesta Digital<\/em><\/span><\/p>\n<p><span style=\"color: #808000;\"><em>\u00a0 \u00a0RS Reuni\u00f3 Sectorial<\/em><\/span><\/p>\n<p>&nbsp;<\/p>\n","protected":false},"excerpt":{"rendered":"<p>Este es un proceso participativo que se desarrollar\u00e1 durante febrero, marzo y abril de 2017. Est\u00e1s invitado a participar, escoge cuando y c\u00f3mo: 02.16 GM01 REUNI\u00d3N INICIO 02.25 AP MERCAT DE COL\u00d3N 03.02 GM02\u00a0CONTRASTE L\u00cdNEAS DE TRABAJO 03.29&#8230; EN\u00a0CEAM JORGE JUAN 03.30 GM03 04.03 CE Concurs de Dibuix 04.10 RS\u00a0COMERCIANTES 04.&#8211; RS APARCAMIENTOS P\u00daBLICOS \u00a0 &hellip; <\/p>\n<p class=\"link-more\"><a href=\"http:\/\/www.valencia.es\/pladelremei\/una-seccion-de-la-pagina-de-inicio\/\" class=\"more-link\">Continuar leyendo<span class=\"screen-reader-text\"> \u00abCalendario &#8211; Calendari\u00bb<\/span><\/a><\/p>\n","protected":false},"author":1,"featured_media":388,"parent":0,"menu_order":0,"comment_status":"closed","ping_status":"closed","template":"","meta":[],"_links":{"self":[{"href":"http:\/\/www.valencia.es\/pladelremei\/wp-json\/wp\/v2\/pages\/13"}],"collection":[{"href":"http:\/\/www.valencia.es\/pladelremei\/wp-json\/wp\/v2\/pages"}],"about":[{"href":"http:\/\/www.valencia.es\/pladelremei\/wp-json\/wp\/v2\/types\/page"}],"author":[{"embeddable":true,"href":"http:\/\/www.valencia.es\/pladelremei\/wp-json\/wp\/v2\/users\/1"}],"replies":[{"embeddable":true,"href":"http:\/\/www.valencia.es\/pladelremei\/wp-json\/wp\/v2\/comments?post=13"}],"version-history":[{"count":17,"href":"http:\/\/www.valencia.es\/pladelremei\/wp-json\/wp\/v2\/pages\/13\/revisions"}],"predecessor-version":[{"id":341,"href":"http:\/\/www.valencia.es\/pladelremei\/wp-json\/wp\/v2\/pages\/13\/revisions\/341"}],"wp:featuredmedia":[{"embeddable":true,"href":"http:\/\/www.valencia.es\/pladelremei\/wp-json\/wp\/v2\/media\/388"}],"wp:attachment":[{"href":"http:\/\/www.valencia.es\/pladelremei\/wp-json\/wp\/v2\/media?parent=13"}],"curies":[{"name":"wp","href":"https:\/\/api.w.org\/{rel}","templated":true}]}}