{"id":11,"date":"2017-02-10T01:00:29","date_gmt":"2017-02-10T01:00:29","guid":{"rendered":"http:\/\/www.pladelremei.efgarquitectura.es\/?page_id=11"},"modified":"2017-05-30T19:51:47","modified_gmt":"2017-05-30T18:51:47","slug":"contacto","status":"publish","type":"page","link":"http:\/\/www.valencia.es\/pladelremei\/contacto\/","title":{"rendered":"Participa"},"content":{"rendered":"<p>\u00bfqu\u00e9 pasa en el espacio entre los edificios? \u00a0\u00bfquien lo decide? \u00bfqu\u00e9 falta? \u00bfqu\u00e9 sobra? \u00bfqu\u00e9 propones?<\/p>\n<p>Puede interesarte participar, haz una propuesta para mejorar la movilidad, muestra qu\u00e9 echas en falta, qu\u00e9 sobra o danos tu correo para permanecer al d\u00eda.<\/p>\n<p><iframe width=\"525\" height=\"295\" src=\"https:\/\/www.youtube.com\/embed\/QSFN3nJtpos?feature=oembed\" frameborder=\"0\" allowfullscreen><\/iframe><\/p>\n<p>Escr\u00edbenos un correo a:\u00a0<em>participa [arroba] pladelremei.efgarquitectura.es<\/em><\/p>\n<p><img loading=\"lazy\" class=\"aligncenter size-large wp-image-323\" src=\"http:\/\/www.valencia.es\/pladelremei\/wp-content\/uploads\/2017\/04\/IMG_9031r-1024x768.jpg\" alt=\"\" width=\"525\" height=\"394\" srcset=\"http:\/\/www.valencia.es\/pladelremei\/wp-content\/uploads\/2017\/04\/IMG_9031r-1024x768.jpg 1024w, http:\/\/www.valencia.es\/pladelremei\/wp-content\/uploads\/2017\/04\/IMG_9031r-300x225.jpg 300w, http:\/\/www.valencia.es\/pladelremei\/wp-content\/uploads\/2017\/04\/IMG_9031r-768x576.jpg 768w, http:\/\/www.valencia.es\/pladelremei\/wp-content\/uploads\/2017\/04\/IMG_9031r.jpg 2000w\" sizes=\"(max-width: 525px) 100vw, 525px\" \/><\/p>\n<p><span style=\"color: #808000;\">Qu\u00e8 passa en l&#8217;espai entre els edificis? qui ho decideix? qu\u00e8 \u00a0falta? qu\u00e8 sobra? qu\u00e8 proposes?<\/span><\/p>\n<p><span style=\"color: #808000;\">Pot interessar-te participar, fes una proposta per a millorar la mobilitat, mostra qu\u00e8 trobes a faltar, quina sobra o d\u00f3na&#8217;ns el teu correu per a romandre al dia.<\/span><\/p>\n<p><span style=\"color: #808000;\">\u00a0la informaci\u00f3 que coneixes sobre el barri, la teua experi\u00e8ncia. (eres un expert i ho saps \ud83d\ude09 t&#8217;ho agra\u00efm per endavant)<\/span><\/p>\n<p><span style=\"color: #808000;\">Escriu-nos un correu a: participa [arrova] pladelremei.efgarquitectura.es<\/span><\/p>\n<h3><img loading=\"lazy\" class=\"aligncenter size-full wp-image-378\" src=\"http:\/\/www.valencia.es\/pladelremei\/wp-content\/uploads\/2017\/02\/Reme-banner-r800-1.gif\" alt=\"\" width=\"800\" height=\"250\" \/><\/h3>\n<p>&nbsp;<\/p>\n<div id=\"twenty20-1\" class=\"twenty20\" style=\"width: 100% !important; clear: both;\"><div class=\"twentytwenty-container twenty20-1 \"><img class=\"skip-lazy\" src=\"http:\/\/www.valencia.es\/pladelremei\/wp-content\/uploads\/2017\/03\/QUETECAES2.jpg\" \/><img class=\"skip-lazy\" src=\"http:\/\/www.valencia.es\/pladelremei\/wp-content\/uploads\/2017\/03\/QUETECAES.jpg\" \/><\/div><script>jQuery(window).on(\"load\", function(){jQuery(\".twentytwenty-container.twenty20-1[data-orientation!='vertical']\").twentytwenty({default_offset_pct: 0.5});jQuery(\".twenty20-1 .twentytwenty-overlay\").hide();jQuery(\".twenty20-1 .twentytwenty-overlay\").hide();});<\/script><\/div>\n<p>pla\u00e7a? segur? \u00a0\u00bfplaza? \u00bfde veras?<\/p>\n<h1><a href=\"http:\/\/www.valencia.es\/pladelremei\/expo-imaginant-el-pladelremeiirussfa\/\">Exposici\u00f3 Imaginant el Pla del Remei i Russafa. Mercat de Col\u00f3n 12-19 d&#8217;abril 2017<\/a><\/h1>\n","protected":false},"excerpt":{"rendered":"<p>\u00bfqu\u00e9 pasa en el espacio entre los edificios? \u00a0\u00bfquien lo decide? \u00bfqu\u00e9 falta? \u00bfqu\u00e9 sobra? \u00bfqu\u00e9 propones? Puede interesarte participar, haz una propuesta para mejorar la movilidad, muestra qu\u00e9 echas en falta, qu\u00e9 sobra o danos tu correo para permanecer al d\u00eda. Escr\u00edbenos un correo a:\u00a0participa [arroba] pladelremei.efgarquitectura.es Qu\u00e8 passa en l&#8217;espai entre els edificis? &hellip; <\/p>\n<p class=\"link-more\"><a href=\"http:\/\/www.valencia.es\/pladelremei\/contacto\/\" class=\"more-link\">Continuar leyendo<span class=\"screen-reader-text\"> \u00abParticipa\u00bb<\/span><\/a><\/p>\n","protected":false},"author":1,"featured_media":315,"parent":0,"menu_order":0,"comment_status":"closed","ping_status":"closed","template":"","meta":[],"_links":{"self":[{"href":"http:\/\/www.valencia.es\/pladelremei\/wp-json\/wp\/v2\/pages\/11"}],"collection":[{"href":"http:\/\/www.valencia.es\/pladelremei\/wp-json\/wp\/v2\/pages"}],"about":[{"href":"http:\/\/www.valencia.es\/pladelremei\/wp-json\/wp\/v2\/types\/page"}],"author":[{"embeddable":true,"href":"http:\/\/www.valencia.es\/pladelremei\/wp-json\/wp\/v2\/users\/1"}],"replies":[{"embeddable":true,"href":"http:\/\/www.valencia.es\/pladelremei\/wp-json\/wp\/v2\/comments?post=11"}],"version-history":[{"count":47,"href":"http:\/\/www.valencia.es\/pladelremei\/wp-json\/wp\/v2\/pages\/11\/revisions"}],"predecessor-version":[{"id":639,"href":"http:\/\/www.valencia.es\/pladelremei\/wp-json\/wp\/v2\/pages\/11\/revisions\/639"}],"wp:featuredmedia":[{"embeddable":true,"href":"http:\/\/www.valencia.es\/pladelremei\/wp-json\/wp\/v2\/media\/315"}],"wp:attachment":[{"href":"http:\/\/www.valencia.es\/pladelremei\/wp-json\/wp\/v2\/media?parent=11"}],"curies":[{"name":"wp","href":"https:\/\/api.w.org\/{rel}","templated":true}]}}