{"id":10,"date":"2017-02-10T01:00:29","date_gmt":"2017-02-10T01:00:29","guid":{"rendered":"http:\/\/www.pladelremei.efgarquitectura.es\/?page_id=10"},"modified":"2017-04-07T16:44:18","modified_gmt":"2017-04-07T16:44:18","slug":"acerca-de","status":"publish","type":"page","link":"http:\/\/www.valencia.es\/pladelremei\/acerca-de\/","title":{"rendered":"Acerca de"},"content":{"rendered":"<p><strong>Pla del Pla del Remei<\/strong><\/p>\n<p>Es una iniciativa de participaci\u00f3n p\u00fablica promovida por la concejal\u00eda de <a href=\"http:\/\/www.valencia.es\/ayuntamiento\/trafico.nsf\/vPortadasTituloAux\/Portada?opendocument&amp;lang=2&amp;nivel=1\">Mobilitat Sostenible<\/a> del Ajuntament de Val\u00e8ncia.<\/p>\n<p>El proceso prev\u00e9 incorporar el conocimiento de toda persona que viva, trabaje o visite el \u00e1rea, enfocando su inter\u00e9s sobre los aspectos de la movilidad cotidiana que requieren actualizaci\u00f3n \u00f3ptima. Dise\u00f1ando las l\u00edneas de actuaci\u00f3n sobre el \u00e1mbito de estudio.<\/p>\n<p><a href=\"http:\/\/www.efgarquitectura.es\">EFGarquitectura<\/a> es el equipo multidisciplinar que estar\u00e1 encargado de conducir el proceso durante los meses de febrero, marzo y abril de 2017.<\/p>\n<p><span style=\"color: #808000;\">\u00c9s una iniciativa de participaci\u00f3 p\u00fablica promoguda per la regidoria de <a style=\"color: #808000;\" href=\"http:\/\/www.valencia.es\/ayuntamiento\/trafico.nsf\/vPortadasTituloAux\/Portada?opendocument&amp;lang=2&amp;nivel=1\">Mobilitat Sostenible<\/a> del Ajuntament de Val\u00e8ncia.<\/span><\/p>\n<p><span style=\"color: #808000;\">El proc\u00e9s preveu incorporar el coneixement de tota persona que visca, treballe o visite l&#8217;\u00e0rea, enfocant el seu inter\u00e8s sobre els aspectes de la mobilitat quotidiana que requereixen actualitzaci\u00f3 \u00f2ptima. Dissenyant les l\u00ednies d&#8217;actuaci\u00f3 sobre l&#8217;\u00e0mbit d&#8217;estudi.<\/span><\/p>\n<p><span style=\"color: #808000;\"><a style=\"color: #808000;\" href=\"http:\/\/www.efgarquitectura.es\/\">EFGarquitectura<\/a> \u00e9s l&#8217;equip multidisciplinar que estar\u00e0 encarregat de conduir el proc\u00e9s durant els mesos de febrer, mar\u00e7 i abril de 2017.<\/span><\/p>\n","protected":false},"excerpt":{"rendered":"<p>Pla del Pla del Remei Es una iniciativa de participaci\u00f3n p\u00fablica promovida por la concejal\u00eda de Mobilitat Sostenible del Ajuntament de Val\u00e8ncia. El proceso prev\u00e9 incorporar el conocimiento de toda persona que viva, trabaje o visite el \u00e1rea, enfocando su inter\u00e9s sobre los aspectos de la movilidad cotidiana que requieren actualizaci\u00f3n \u00f3ptima. Dise\u00f1ando las l\u00edneas &hellip; <\/p>\n<p class=\"link-more\"><a href=\"http:\/\/www.valencia.es\/pladelremei\/acerca-de\/\" class=\"more-link\">Continuar leyendo<span class=\"screen-reader-text\"> \u00abAcerca de\u00bb<\/span><\/a><\/p>\n","protected":false},"author":1,"featured_media":108,"parent":0,"menu_order":0,"comment_status":"closed","ping_status":"closed","template":"","meta":[],"_links":{"self":[{"href":"http:\/\/www.valencia.es\/pladelremei\/wp-json\/wp\/v2\/pages\/10"}],"collection":[{"href":"http:\/\/www.valencia.es\/pladelremei\/wp-json\/wp\/v2\/pages"}],"about":[{"href":"http:\/\/www.valencia.es\/pladelremei\/wp-json\/wp\/v2\/types\/page"}],"author":[{"embeddable":true,"href":"http:\/\/www.valencia.es\/pladelremei\/wp-json\/wp\/v2\/users\/1"}],"replies":[{"embeddable":true,"href":"http:\/\/www.valencia.es\/pladelremei\/wp-json\/wp\/v2\/comments?post=10"}],"version-history":[{"count":7,"href":"http:\/\/www.valencia.es\/pladelremei\/wp-json\/wp\/v2\/pages\/10\/revisions"}],"predecessor-version":[{"id":297,"href":"http:\/\/www.valencia.es\/pladelremei\/wp-json\/wp\/v2\/pages\/10\/revisions\/297"}],"wp:featuredmedia":[{"embeddable":true,"href":"http:\/\/www.valencia.es\/pladelremei\/wp-json\/wp\/v2\/media\/108"}],"wp:attachment":[{"href":"http:\/\/www.valencia.es\/pladelremei\/wp-json\/wp\/v2\/media?parent=10"}],"curies":[{"name":"wp","href":"https:\/\/api.w.org\/{rel}","templated":true}]}}