{"id":93,"date":"2019-10-21T13:02:09","date_gmt":"2019-10-21T11:02:09","guid":{"rendered":"http:\/\/localhost:8888\/PMW\/?page_id=93"},"modified":"2019-11-14T12:14:24","modified_gmt":"2019-11-14T11:14:24","slug":"contacte","status":"publish","type":"page","link":"http:\/\/www.valencia.es\/participant-morvedre\/ca\/contacte\/","title":{"rendered":"CONTACTE"},"content":{"rendered":"\n<h2 id=\"kt-adv-heading_e8ea38-95\" class=\"kt-adv-heading_e8ea38-95 wp-block-kadence-advancedheading\">CONTACTA<\/h2>\n\n\n\n<p class=\"has-text-align-center\">Si tens qualsevol dubte o suggeriment pots escriure&#8217;ns a esta adre\u00e7a electr\u00f2nica: <\/p>\n\n\n\n<p class=\"has-text-color has-text-align-center has-medium-font-size has-black-color\">participantmorvedre@gmail.com<\/p>\n\n\n\n<p class=\"has-text-align-center\">Gr\u00e0cies per participar-hi!<\/p>\n\n\n\n<div class=\"wp-block-image\"><figure class=\"aligncenter size-large\"><img src=\"http:\/\/www.valencia.es\/participant-morvedre\/wp-content\/uploads\/2019\/10\/PARTICIPANT-MORVEDRE-CONTACTO.png\" alt=\"\"\/><\/figure><\/div>\n","protected":false},"excerpt":{"rendered":"<p>CONTACTA Si tens qualsevol dubte o suggeriment pots escriure&#8217;ns a esta adre\u00e7a electr\u00f2nica: participantmorvedre@gmail.com Gr\u00e0cies per participar-hi!<\/p>\n","protected":false},"author":1,"featured_media":121,"parent":0,"menu_order":0,"comment_status":"closed","ping_status":"closed","template":"","meta":{"kt_blocks_editor_width":"","spay_email":""},"_links":{"self":[{"href":"http:\/\/www.valencia.es\/participant-morvedre\/wp-json\/wp\/v2\/pages\/93"}],"collection":[{"href":"http:\/\/www.valencia.es\/participant-morvedre\/wp-json\/wp\/v2\/pages"}],"about":[{"href":"http:\/\/www.valencia.es\/participant-morvedre\/wp-json\/wp\/v2\/types\/page"}],"author":[{"embeddable":true,"href":"http:\/\/www.valencia.es\/participant-morvedre\/wp-json\/wp\/v2\/users\/1"}],"replies":[{"embeddable":true,"href":"http:\/\/www.valencia.es\/participant-morvedre\/wp-json\/wp\/v2\/comments?post=93"}],"version-history":[{"count":11,"href":"http:\/\/www.valencia.es\/participant-morvedre\/wp-json\/wp\/v2\/pages\/93\/revisions"}],"predecessor-version":[{"id":327,"href":"http:\/\/www.valencia.es\/participant-morvedre\/wp-json\/wp\/v2\/pages\/93\/revisions\/327"}],"wp:featuredmedia":[{"embeddable":true,"href":"http:\/\/www.valencia.es\/participant-morvedre\/wp-json\/wp\/v2\/media\/121"}],"wp:attachment":[{"href":"http:\/\/www.valencia.es\/participant-morvedre\/wp-json\/wp\/v2\/media?parent=93"}],"curies":[{"name":"wp","href":"https:\/\/api.w.org\/{rel}","templated":true}]}}