{"id":85,"date":"2019-10-21T12:57:25","date_gmt":"2019-10-21T10:57:25","guid":{"rendered":"http:\/\/localhost:8888\/PMW\/?page_id=85"},"modified":"2020-04-09T23:06:33","modified_gmt":"2020-04-09T21:06:33","slug":"inici","status":"publish","type":"page","link":"http:\/\/www.valencia.es\/participant-morvedre\/ca\/inici\/","title":{"rendered":"INICI"},"content":{"rendered":"\t\t<div data-elementor-type=\"wp-page\" data-elementor-id=\"85\" class=\"elementor elementor-85\" data-elementor-settings=\"[]\">\n\t\t\t<div class=\"elementor-inner\">\n\t\t\t\t<div class=\"elementor-section-wrap\">\n\t\t\t\t\t\t\t<section class=\"elementor-element elementor-element-2320396e elementor-section-boxed elementor-section-height-default elementor-section-height-default elementor-section elementor-top-section\" data-id=\"2320396e\" data-element_type=\"section\">\n\t\t\t\t\t\t<div class=\"elementor-container elementor-column-gap-default\">\n\t\t\t\t<div class=\"elementor-row\">\n\t\t\t\t<div class=\"elementor-element elementor-element-41a4a5cb elementor-column elementor-col-100 elementor-top-column\" data-id=\"41a4a5cb\" data-element_type=\"column\">\n\t\t\t<div class=\"elementor-column-wrap  elementor-element-populated\">\n\t\t\t\t\t<div class=\"elementor-widget-wrap\">\n\t\t\t\t<div class=\"elementor-element elementor-element-b9d1316 elementor-arrows-position-inside elementor-pagination-position-outside elementor-widget elementor-widget-image-carousel\" data-id=\"b9d1316\" data-element_type=\"widget\" data-settings=\"{&quot;slides_to_show&quot;:&quot;1&quot;,&quot;speed&quot;:300,&quot;navigation&quot;:&quot;both&quot;,&quot;autoplay&quot;:&quot;yes&quot;,&quot;pause_on_hover&quot;:&quot;yes&quot;,&quot;pause_on_interaction&quot;:&quot;yes&quot;,&quot;autoplay_speed&quot;:5000,&quot;infinite&quot;:&quot;yes&quot;,&quot;effect&quot;:&quot;slide&quot;,&quot;direction&quot;:&quot;ltr&quot;}\" data-widget_type=\"image-carousel.default\">\n\t\t\t\t<div class=\"elementor-widget-container\">\n\t\t\t\t\t<div class=\"elementor-image-carousel-wrapper swiper-container\" dir=\"ltr\">\n\t\t\t<div class=\"elementor-image-carousel swiper-wrapper\">\n\t\t\t\t<div class=\"swiper-slide\"><figure class=\"swiper-slide-inner\"><img class=\"swiper-slide-image\" src=\"http:\/\/www.valencia.es\/participant-morvedre\/wp-content\/uploads\/2019\/11\/PARTICIPANT-MORVEDRE_SLIDER-1-1.jpg\" alt=\"PARTICIPANT-MORVEDRE_SLIDER-1\" \/><\/figure><\/div><div class=\"swiper-slide\"><figure class=\"swiper-slide-inner\"><img class=\"swiper-slide-image\" src=\"http:\/\/www.valencia.es\/participant-morvedre\/wp-content\/uploads\/2020\/01\/ENCUESTA-PARTICIPANT-MORVEDRE_SLIDER-1-1.jpg\" alt=\"ENCUESTA-PARTICIPANT-MORVEDRE_SLIDER-1\" \/><\/figure><\/div><div class=\"swiper-slide\"><figure class=\"swiper-slide-inner\"><img class=\"swiper-slide-image\" src=\"http:\/\/www.valencia.es\/participant-morvedre\/wp-content\/uploads\/2020\/01\/TALLERES-PARTICIPANT-MORVEDRE_SLIDER-1-1.jpg\" alt=\"TALLERES-PARTICIPANT-MORVEDRE_SLIDER-1\" \/><\/figure><\/div>\t\t\t<\/div>\n\t\t\t\t\t\t\t\t\t\t\t\t<div class=\"swiper-pagination\"><\/div>\n\t\t\t\t\t\t\t\t\t\t\t\t\t<div class=\"elementor-swiper-button elementor-swiper-button-prev\">\n\t\t\t\t\t\t<i class=\"eicon-chevron-left\" aria-hidden=\"true\"><\/i>\n\t\t\t\t\t\t<span class=\"elementor-screen-only\">Anterior<\/span>\n\t\t\t\t\t<\/div>\n\t\t\t\t\t<div class=\"elementor-swiper-button elementor-swiper-button-next\">\n\t\t\t\t\t\t<i class=\"eicon-chevron-right\" aria-hidden=\"true\"><\/i>\n\t\t\t\t\t\t<span class=\"elementor-screen-only\">Siguiente<\/span>\n\t\t\t\t\t<\/div>\n\t\t\t\t\t\t\t\t\t<\/div>\n\t\t\t\t<\/div>\n\t\t\t\t<\/div>\n\t\t\t\t<div class=\"elementor-element elementor-element-58c9da9 elementor-shape-circle animated-slow elementor-invisible elementor-widget elementor-widget-social-icons\" data-id=\"58c9da9\" data-element_type=\"widget\" data-settings=\"{&quot;_animation&quot;:&quot;fadeIn&quot;}\" data-widget_type=\"social-icons.default\">\n\t\t\t\t<div class=\"elementor-widget-container\">\n\t\t\t\t\t<div class=\"elementor-social-icons-wrapper\">\n\t\t\t\t\t\t\t<a href=\"https:\/\/www.facebook.com\/pg\/participantmorvedre\" class=\"elementor-icon elementor-social-icon elementor-social-icon-facebook elementor-repeater-item-301c404\" target=\"_blank\">\n\t\t\t\t\t<span class=\"elementor-screen-only\">Facebook<\/span>\n\t\t\t\t\t<i class=\"fab fa-facebook\"><\/i>\t\t\t\t<\/a>\n\t\t\t\t\t\t\t<a href=\"https:\/\/twitter.com\/PMorvedre\" class=\"elementor-icon elementor-social-icon elementor-social-icon-twitter elementor-repeater-item-7f036c2\" target=\"_blank\">\n\t\t\t\t\t<span class=\"elementor-screen-only\">Twitter<\/span>\n\t\t\t\t\t<i class=\"fab fa-twitter\"><\/i>\t\t\t\t<\/a>\n\t\t\t\t\t<\/div>\n\t\t\t\t<\/div>\n\t\t\t\t<\/div>\n\t\t\t\t\t\t<\/div>\n\t\t\t<\/div>\n\t\t<\/div>\n\t\t\t\t\t\t<\/div>\n\t\t\t<\/div>\n\t\t<\/section>\n\t\t\t\t<section class=\"elementor-element elementor-element-55e34cb2 elementor-section-boxed elementor-section-height-default elementor-section-height-default elementor-section elementor-top-section\" data-id=\"55e34cb2\" data-element_type=\"section\">\n\t\t\t\t\t\t<div class=\"elementor-container elementor-column-gap-default\">\n\t\t\t\t<div class=\"elementor-row\">\n\t\t\t\t<div class=\"elementor-element elementor-element-54f6dbf1 elementor-column elementor-col-50 elementor-top-column\" data-id=\"54f6dbf1\" data-element_type=\"column\">\n\t\t\t<div class=\"elementor-column-wrap  elementor-element-populated\">\n\t\t\t\t\t<div class=\"elementor-widget-wrap\">\n\t\t\t\t<div class=\"elementor-element elementor-element-67cc69b elementor-align-left animated-slow elementor-invisible elementor-widget elementor-widget-button\" data-id=\"67cc69b\" data-element_type=\"widget\" data-settings=\"{&quot;_animation&quot;:&quot;fadeIn&quot;}\" data-widget_type=\"button.default\">\n\t\t\t\t<div class=\"elementor-widget-container\">\n\t\t\t\t\t<div class=\"elementor-button-wrapper\">\n\t\t\t<a href=\"http:\/\/www.valencia.es\/participant-morvedre\/enquesta-encuesta\/\" class=\"elementor-button-link elementor-button elementor-size-sm\" role=\"button\">\n\t\t\t\t\t\t<span class=\"elementor-button-content-wrapper\">\n\t\t\t\t\t\t<span class=\"elementor-button-text\">VULL fer l'enquesta!<\/span>\n\t\t<\/span>\n\t\t\t\t\t<\/a>\n\t\t<\/div>\n\t\t\t\t<\/div>\n\t\t\t\t<\/div>\n\t\t\t\t\t\t<\/div>\n\t\t\t<\/div>\n\t\t<\/div>\n\t\t\t\t<div class=\"elementor-element elementor-element-b133cb7 elementor-column elementor-col-50 elementor-top-column\" data-id=\"b133cb7\" data-element_type=\"column\">\n\t\t\t<div class=\"elementor-column-wrap  elementor-element-populated\">\n\t\t\t\t\t<div class=\"elementor-widget-wrap\">\n\t\t\t\t<div class=\"elementor-element elementor-element-aa9137e elementor-align-left animated-slow elementor-invisible elementor-widget elementor-widget-button\" data-id=\"aa9137e\" data-element_type=\"widget\" data-settings=\"{&quot;_animation&quot;:&quot;fadeIn&quot;}\" data-widget_type=\"button.default\">\n\t\t\t\t<div class=\"elementor-widget-container\">\n\t\t\t\t\t<div class=\"elementor-button-wrapper\">\n\t\t\t<a href=\"http:\/\/www.valencia.es\/participant-morvedre\/taller-online-barri-connectat\/\" class=\"elementor-button-link elementor-button elementor-size-sm\" role=\"button\">\n\t\t\t\t\t\t<span class=\"elementor-button-content-wrapper\">\n\t\t\t\t\t\t<span class=\"elementor-button-text\">VULL PARTICIPAR EN EL TALLER ONLINE DE \"BARRI CONNECTAT\"!<\/span>\n\t\t<\/span>\n\t\t\t\t\t<\/a>\n\t\t<\/div>\n\t\t\t\t<\/div>\n\t\t\t\t<\/div>\n\t\t\t\t\t\t<\/div>\n\t\t\t<\/div>\n\t\t<\/div>\n\t\t\t\t\t\t<\/div>\n\t\t\t<\/div>\n\t\t<\/section>\n\t\t\t\t<section class=\"elementor-element elementor-element-2f90ffde elementor-section-boxed elementor-section-height-default elementor-section-height-default elementor-section elementor-top-section\" data-id=\"2f90ffde\" data-element_type=\"section\">\n\t\t\t\t\t\t<div class=\"elementor-container elementor-column-gap-default\">\n\t\t\t\t<div class=\"elementor-row\">\n\t\t\t\t<div class=\"elementor-element elementor-element-7e9ebf8d elementor-column elementor-col-100 elementor-top-column\" data-id=\"7e9ebf8d\" data-element_type=\"column\">\n\t\t\t<div class=\"elementor-column-wrap  elementor-element-populated\">\n\t\t\t\t\t<div class=\"elementor-widget-wrap\">\n\t\t\t\t<div class=\"elementor-element elementor-element-3fbd63fa animated-slow elementor-invisible elementor-widget elementor-widget-divider\" data-id=\"3fbd63fa\" data-element_type=\"widget\" data-settings=\"{&quot;_animation&quot;:&quot;fadeIn&quot;}\" data-widget_type=\"divider.default\">\n\t\t\t\t<div class=\"elementor-widget-container\">\n\t\t\t\t\t<div class=\"elementor-divider\">\n\t\t\t<span class=\"elementor-divider-separator\">\n\t\t\t\t\t\t<\/span>\n\t\t<\/div>\n\t\t\t\t<\/div>\n\t\t\t\t<\/div>\n\t\t\t\t<div class=\"elementor-element elementor-element-1c5165f1 animated-slow elementor-invisible elementor-widget elementor-widget-text-editor\" data-id=\"1c5165f1\" data-element_type=\"widget\" data-settings=\"{&quot;_animation&quot;:&quot;fadeIn&quot;}\" data-widget_type=\"text-editor.default\">\n\t\t\t\t<div class=\"elementor-widget-container\">\n\t\t\t\t\t<div class=\"elementor-text-editor elementor-clearfix\"><h2>QU\u00c8 \u00c9S PARTICIPANT MORVEDRE?<\/h2>\n<h3>QU\u00c8 \u00c9S?<\/h3>\n<span style=\"font-family: Lucida Console, Monaco, monospace;\">PARTICIPANT MORVEDRE \u00e9s un <strong>proc\u00e9s participatiu<\/strong> que vol comptar amb la implicaci\u00f3 ve\u00efnal per a identificar de forma col\u00b7lectiva i consensuada les propostes i estrat\u00e8gies de futur per a\u00a0 millorar la qualitat de vida al barri de <strong>Morvedre.<\/strong>\n<h3>QUI EL PROMOU?<\/h3>\n<span style=\"font-family: Lucida Console, Monaco, monospace;\">El proc\u00e9s est\u00e0 impulsat per <strong>l&#8217;Ajuntament de Val\u00e8ncia<\/strong> a trav\u00e9s de la <strong>Regidoria de Participaci\u00f3 Ciutadana i Acci\u00f3 Ve\u00efnal<\/strong>, i coordinat per l&#8217;equip t\u00e8cnic <strong>Sostre.<\/strong><\/span>\n<h3>A QUI EST\u00c0 DIRIGIT?<\/h3>\n<strong><span style=\"font-family: Lucida Console, Monaco, monospace;\">PARTICIPANT MORVEDRE<\/span><\/strong> est\u00e0 dirigit a totes les associacions, entitats, col\u00b7lectius, ve\u00efnat i amics i amigues del barri de Morvedre.\n<h3>QUINA \u00c9S LA FINALITAT?<\/h3>\nA trav\u00e9s de diferents accions (entrevistes, trobades col\u00b7lectives, enquestes,&#8230;), el prop\u00f2sit es <strong>identificar i debatre les principals demandes ve\u00efnals<\/strong> en diferents \u00e0rees i conformar un <strong>document estrat\u00e8gic i col\u00b7laboratiu<\/strong> de propostes per a orientar les futures pol\u00edtiques municipals al barri. El treball s&#8217;articular\u00e0 al voltant de quatre eixos principalment:\n\n<img loading=\"lazy\" class=\"aligncenter wp-image-241 size-large\" src=\"http:\/\/localhost:8888\/PMW\/wp-content\/uploads\/2019\/11\/web-MORVEDRE-03-1-1024x352.jpg\" alt=\"\" width=\"940\" height=\"323\" srcset=\"http:\/\/www.valencia.es\/participant-morvedre\/wp-content\/uploads\/2019\/11\/web-MORVEDRE-03-1-1024x352.jpg 1024w, http:\/\/www.valencia.es\/participant-morvedre\/wp-content\/uploads\/2019\/11\/web-MORVEDRE-03-1-300x103.jpg 300w, http:\/\/www.valencia.es\/participant-morvedre\/wp-content\/uploads\/2019\/11\/web-MORVEDRE-03-1-768x264.jpg 768w, http:\/\/www.valencia.es\/participant-morvedre\/wp-content\/uploads\/2019\/11\/web-MORVEDRE-03-1.jpg 1383w\" sizes=\"(max-width: 940px) 100vw, 940px\" \/>\n<h3>COM I QUAN PARTICIPAR?<\/h3>\nDes de novembre de 2019 fins mar\u00e7 de 2020 es realitzaran <strong>diferents activitats participatives <\/strong>obertes a tot el barri que seran anunciades amb antelaci\u00f3 suficient. El cronograma general d&#8217;activitats pot consultar-se <a href=\"http:\/\/www.valencia.es\/participant-morvedre\/ca\/cronograma-activitats\/\" target=\"_blank\" rel=\"noreferrer noopener\" aria-label=\" (opens in a new tab)\">ac\u00ed<\/a>. Tamb\u00e9 \u00e9s possible realitzar una enquesta disponible <a href=\"http:\/\/www.valencia.es\/participant-morvedre\/enquesta-encuesta\/\" target=\"_blank\" rel=\"noreferrer noopener\" aria-label=\" (opens in a new tab)\">en aquest link<\/a>. Participa!<\/div>\n\t\t\t\t<\/div>\n\t\t\t\t<\/div>\n\t\t\t\t\t\t<\/div>\n\t\t\t<\/div>\n\t\t<\/div>\n\t\t\t\t\t\t<\/div>\n\t\t\t<\/div>\n\t\t<\/section>\n\t\t\t\t<section class=\"elementor-element elementor-element-ed24ecf elementor-section-boxed elementor-section-height-default elementor-section-height-default elementor-section elementor-top-section\" data-id=\"ed24ecf\" data-element_type=\"section\">\n\t\t\t\t\t\t<div class=\"elementor-container elementor-column-gap-default\">\n\t\t\t\t<div class=\"elementor-row\">\n\t\t\t\t<div class=\"elementor-element elementor-element-a71c9ac elementor-column elementor-col-50 elementor-top-column\" data-id=\"a71c9ac\" data-element_type=\"column\">\n\t\t\t<div class=\"elementor-column-wrap  elementor-element-populated\">\n\t\t\t\t\t<div class=\"elementor-widget-wrap\">\n\t\t\t\t<div class=\"elementor-element elementor-element-9ea083a elementor-align-left animated-slow elementor-invisible elementor-widget elementor-widget-button\" data-id=\"9ea083a\" data-element_type=\"widget\" data-settings=\"{&quot;_animation&quot;:&quot;fadeIn&quot;}\" data-widget_type=\"button.default\">\n\t\t\t\t<div class=\"elementor-widget-container\">\n\t\t\t\t\t<div class=\"elementor-button-wrapper\">\n\t\t\t<a href=\"http:\/\/www.valencia.es\/participant-morvedre\/enquesta-encuesta\/\" class=\"elementor-button-link elementor-button elementor-size-sm\" role=\"button\">\n\t\t\t\t\t\t<span class=\"elementor-button-content-wrapper\">\n\t\t\t\t\t\t<span class=\"elementor-button-text\">VULL fer l'enquesta!<\/span>\n\t\t<\/span>\n\t\t\t\t\t<\/a>\n\t\t<\/div>\n\t\t\t\t<\/div>\n\t\t\t\t<\/div>\n\t\t\t\t\t\t<\/div>\n\t\t\t<\/div>\n\t\t<\/div>\n\t\t\t\t<div class=\"elementor-element elementor-element-b70fa31 elementor-column elementor-col-50 elementor-top-column\" data-id=\"b70fa31\" data-element_type=\"column\">\n\t\t\t<div class=\"elementor-column-wrap  elementor-element-populated\">\n\t\t\t\t\t<div class=\"elementor-widget-wrap\">\n\t\t\t\t<div class=\"elementor-element elementor-element-eedae58 elementor-align-left animated-slow elementor-invisible elementor-widget elementor-widget-button\" data-id=\"eedae58\" data-element_type=\"widget\" data-settings=\"{&quot;_animation&quot;:&quot;fadeIn&quot;}\" data-widget_type=\"button.default\">\n\t\t\t\t<div class=\"elementor-widget-container\">\n\t\t\t\t\t<div class=\"elementor-button-wrapper\">\n\t\t\t<a href=\"http:\/\/www.valencia.es\/participant-morvedre\/ca\/cronograma-activitats\/\" class=\"elementor-button-link elementor-button elementor-size-sm\" role=\"button\">\n\t\t\t\t\t\t<span class=\"elementor-button-content-wrapper\">\n\t\t\t\t\t\t<span class=\"elementor-button-text\">VULL PARTICIPAR en les activitats!<\/span>\n\t\t<\/span>\n\t\t\t\t\t<\/a>\n\t\t<\/div>\n\t\t\t\t<\/div>\n\t\t\t\t<\/div>\n\t\t\t\t\t\t<\/div>\n\t\t\t<\/div>\n\t\t<\/div>\n\t\t\t\t\t\t<\/div>\n\t\t\t<\/div>\n\t\t<\/section>\n\t\t\t\t<section class=\"elementor-element elementor-element-666b9fd8 elementor-section-boxed elementor-section-height-default elementor-section-height-default elementor-section elementor-top-section\" data-id=\"666b9fd8\" data-element_type=\"section\">\n\t\t\t\t\t\t<div class=\"elementor-container elementor-column-gap-default\">\n\t\t\t\t<div class=\"elementor-row\">\n\t\t\t\t<div class=\"elementor-element elementor-element-44fda166 elementor-column elementor-col-100 elementor-top-column\" data-id=\"44fda166\" data-element_type=\"column\">\n\t\t\t<div class=\"elementor-column-wrap  elementor-element-populated\">\n\t\t\t\t\t<div class=\"elementor-widget-wrap\">\n\t\t\t\t<div class=\"elementor-element elementor-element-24c278c9 animated-slow elementor-invisible elementor-widget elementor-widget-divider\" data-id=\"24c278c9\" data-element_type=\"widget\" data-settings=\"{&quot;_animation&quot;:&quot;fadeIn&quot;}\" data-widget_type=\"divider.default\">\n\t\t\t\t<div class=\"elementor-widget-container\">\n\t\t\t\t\t<div class=\"elementor-divider\">\n\t\t\t<span class=\"elementor-divider-separator\">\n\t\t\t\t\t\t<\/span>\n\t\t<\/div>\n\t\t\t\t<\/div>\n\t\t\t\t<\/div>\n\t\t\t\t<div class=\"elementor-element elementor-element-5ba2aec1 animated-slow elementor-invisible elementor-widget elementor-widget-text-editor\" data-id=\"5ba2aec1\" data-element_type=\"widget\" data-settings=\"{&quot;_animation&quot;:&quot;fadeIn&quot;}\" data-widget_type=\"text-editor.default\">\n\t\t\t\t<div class=\"elementor-widget-container\">\n\t\t\t\t\t<div class=\"elementor-text-editor elementor-clearfix\"><h2>SEGUIX EL PROC\u00c9S<\/h2><\/div>\n\t\t\t\t<\/div>\n\t\t\t\t<\/div>\n\t\t\t\t\t\t<\/div>\n\t\t\t<\/div>\n\t\t<\/div>\n\t\t\t\t\t\t<\/div>\n\t\t\t<\/div>\n\t\t<\/section>\n\t\t\t\t<section class=\"elementor-element elementor-element-01b5b53 elementor-section-boxed elementor-section-height-default elementor-section-height-default elementor-section elementor-top-section\" data-id=\"01b5b53\" data-element_type=\"section\">\n\t\t\t\t\t\t<div class=\"elementor-container elementor-column-gap-default\">\n\t\t\t\t<div class=\"elementor-row\">\n\t\t\t\t<div class=\"elementor-element elementor-element-6c2863b elementor-column elementor-col-100 elementor-top-column\" data-id=\"6c2863b\" data-element_type=\"column\">\n\t\t\t<div class=\"elementor-column-wrap  elementor-element-populated\">\n\t\t\t\t\t<div class=\"elementor-widget-wrap\">\n\t\t\t\t<div class=\"elementor-element elementor-element-c65ddf5 elementor-widget elementor-widget-eael-post-grid\" data-id=\"c65ddf5\" data-element_type=\"widget\" data-widget_type=\"eael-post-grid.default\">\n\t\t\t\t<div class=\"elementor-widget-container\">\n\t\t\t<div id=\"eael-post-grid-c65ddf5\" class=\"eael-post-grid-container eael-col-4\">\n            <div class=\"eael-post-grid eael-post-appender eael-post-appender-c65ddf5\">\n                <article class=\"eael-grid-post eael-post-grid-column\">\n                    <div class=\"eael-grid-post-holder\">\n                        <div class=\"eael-grid-post-holder-inner\"><div class=\"eael-entry-wrapper\">\n                                    <header class=\"eael-entry-header\"><h2 class=\"eael-entry-title\"><a class=\"eael-grid-post-link\" href=\"http:\/\/www.valencia.es\/participant-morvedre\/ca\/segueix-el-proces\/documents-descarregables\/\" title=\"DOCUMENTS DESCARREGABLES\">DOCUMENTS DESCARREGABLES<\/a><\/h2><\/header><div class=\"eael-entry-content\">\n                                            <div class=\"eael-grid-post-excerpt\">\n                                                <p>Document Base \u00abParticipant Morvedre\u00bb (Fes clic sobre l&#8217;enlla\u00e7 per baixar...<\/p><a href=\"http:\/\/www.valencia.es\/participant-morvedre\/ca\/segueix-el-proces\/documents-descarregables\/\" class=\"eael-post-elements-readmore-btn\">Llegir m\u00e9s<\/a><\/div>\n                                        <\/div><\/div><\/div>\n                    <\/div>\n                <\/article><article class=\"eael-grid-post eael-post-grid-column\">\n                    <div class=\"eael-grid-post-holder\">\n                        <div class=\"eael-grid-post-holder-inner\"><div class=\"eael-entry-wrapper\">\n                                    <header class=\"eael-entry-header\"><h2 class=\"eael-entry-title\"><a class=\"eael-grid-post-link\" href=\"http:\/\/www.valencia.es\/participant-morvedre\/sigue-el-proceso\/documentos-descargables\/\" title=\"DOCUMENTOS DESCARGABLES\">DOCUMENTOS DESCARGABLES<\/a><\/h2><\/header><div class=\"eael-entry-content\">\n                                            <div class=\"eael-grid-post-excerpt\">\n                                                <p>Documento base \u00abParticipant Morvedre\u00bb (haz clic sobre el enlace para...<\/p><a href=\"http:\/\/www.valencia.es\/participant-morvedre\/sigue-el-proceso\/documentos-descargables\/\" class=\"eael-post-elements-readmore-btn\">Llegir m\u00e9s<\/a><\/div>\n                                        <\/div><\/div><\/div>\n                    <\/div>\n                <\/article><article class=\"eael-grid-post eael-post-grid-column\">\n                    <div class=\"eael-grid-post-holder\">\n                        <div class=\"eael-grid-post-holder-inner\"><div class=\"eael-entry-media\"><div class=\"eael-entry-overlay fade-in\"><i class=\"fa fa-long-arrow-right\" aria-hidden=\"true\"><\/i><a href=\"http:\/\/www.valencia.es\/participant-morvedre\/ca\/segueix-el-proces\/taller-online-de-consensos-i-prioritats\/\"><\/a><\/div><div class=\"eael-entry-thumbnail\">\n                                        <img src=\"http:\/\/www.valencia.es\/participant-morvedre\/wp-content\/uploads\/2020\/06\/TALLER-CONSENSOS-300x169.jpg\" alt=\"\">\n                                    <\/div><\/div><div class=\"eael-entry-wrapper\">\n                                    <header class=\"eael-entry-header\"><h2 class=\"eael-entry-title\"><a class=\"eael-grid-post-link\" href=\"http:\/\/www.valencia.es\/participant-morvedre\/ca\/segueix-el-proces\/taller-online-de-consensos-i-prioritats\/\" title=\"TALLER ONLINE DE CONSENSOS I PRIORITATS\">TALLER ONLINE DE CONSENSOS I PRIORITATS<\/a><\/h2><\/header><div class=\"eael-entry-content\">\n                                            <div class=\"eael-grid-post-excerpt\">\n                                                <p>Dijous passat 28 de maig va tindre lloc el Taller...<\/p><a href=\"http:\/\/www.valencia.es\/participant-morvedre\/ca\/segueix-el-proces\/taller-online-de-consensos-i-prioritats\/\" class=\"eael-post-elements-readmore-btn\">Llegir m\u00e9s<\/a><\/div>\n                                        <\/div><\/div><\/div>\n                    <\/div>\n                <\/article><article class=\"eael-grid-post eael-post-grid-column\">\n                    <div class=\"eael-grid-post-holder\">\n                        <div class=\"eael-grid-post-holder-inner\"><div class=\"eael-entry-media\"><div class=\"eael-entry-overlay fade-in\"><i class=\"fa fa-long-arrow-right\" aria-hidden=\"true\"><\/i><a href=\"http:\/\/www.valencia.es\/participant-morvedre\/sigue-el-proceso\/taller-online-de-consensos-y-prioridades\/\"><\/a><\/div><div class=\"eael-entry-thumbnail\">\n                                        <img src=\"http:\/\/www.valencia.es\/participant-morvedre\/wp-content\/uploads\/2020\/06\/TALLER-CONSENSOS-300x169.jpg\" alt=\"\">\n                                    <\/div><\/div><div class=\"eael-entry-wrapper\">\n                                    <header class=\"eael-entry-header\"><h2 class=\"eael-entry-title\"><a class=\"eael-grid-post-link\" href=\"http:\/\/www.valencia.es\/participant-morvedre\/sigue-el-proceso\/taller-online-de-consensos-y-prioridades\/\" title=\"TALLER ONLINE DE CONSENSOS Y PRIORIDADES\">TALLER ONLINE DE CONSENSOS Y PRIORIDADES<\/a><\/h2><\/header><div class=\"eael-entry-content\">\n                                            <div class=\"eael-grid-post-excerpt\">\n                                                <p>El pasado jueves 28 de mayo tuvo lugar el Taller...<\/p><a href=\"http:\/\/www.valencia.es\/participant-morvedre\/sigue-el-proceso\/taller-online-de-consensos-y-prioridades\/\" class=\"eael-post-elements-readmore-btn\">Llegir m\u00e9s<\/a><\/div>\n                                        <\/div><\/div><\/div>\n                    <\/div>\n                <\/article>\n            <\/div>\n            <div class=\"clearfix\"><\/div>\n        <\/div>\t\t<\/div>\n\t\t\t\t<\/div>\n\t\t\t\t\t\t<\/div>\n\t\t\t<\/div>\n\t\t<\/div>\n\t\t\t\t\t\t<\/div>\n\t\t\t<\/div>\n\t\t<\/section>\n\t\t\t\t\t\t<\/div>\n\t\t\t<\/div>\n\t\t<\/div>\n\t\t","protected":false},"excerpt":{"rendered":"<p>Anterior Seg\u00fcent Facebook Twitter VULL fer l&#8217;enquesta! VULL PARTICIPAR EN EL TALLER ONLINE DE \u00abBARRI CONNECTAT\u00bb! QU\u00c8 \u00c9S PARTICIPANT MORVEDRE? QU\u00c8 \u00c9S? PARTICIPANT MORVEDRE \u00e9s un proc\u00e9s participatiu que vol comptar amb la implicaci\u00f3 ve\u00efnal per a identificar de forma &hellip; <a href=\"http:\/\/www.valencia.es\/participant-morvedre\/sigue-el-proceso\/taller-online-de-consensos-y-prioridades\/\">Leer m\u00e1s<\/a><\/p>\n","protected":false},"author":1,"featured_media":362,"parent":0,"menu_order":0,"comment_status":"closed","ping_status":"closed","template":"","meta":{"kt_blocks_editor_width":"","spay_email":""},"_links":{"self":[{"href":"http:\/\/www.valencia.es\/participant-morvedre\/wp-json\/wp\/v2\/pages\/85"}],"collection":[{"href":"http:\/\/www.valencia.es\/participant-morvedre\/wp-json\/wp\/v2\/pages"}],"about":[{"href":"http:\/\/www.valencia.es\/participant-morvedre\/wp-json\/wp\/v2\/types\/page"}],"author":[{"embeddable":true,"href":"http:\/\/www.valencia.es\/participant-morvedre\/wp-json\/wp\/v2\/users\/1"}],"replies":[{"embeddable":true,"href":"http:\/\/www.valencia.es\/participant-morvedre\/wp-json\/wp\/v2\/comments?post=85"}],"version-history":[{"count":42,"href":"http:\/\/www.valencia.es\/participant-morvedre\/wp-json\/wp\/v2\/pages\/85\/revisions"}],"predecessor-version":[{"id":711,"href":"http:\/\/www.valencia.es\/participant-morvedre\/wp-json\/wp\/v2\/pages\/85\/revisions\/711"}],"wp:featuredmedia":[{"embeddable":true,"href":"http:\/\/www.valencia.es\/participant-morvedre\/wp-json\/wp\/v2\/media\/362"}],"wp:attachment":[{"href":"http:\/\/www.valencia.es\/participant-morvedre\/wp-json\/wp\/v2\/media?parent=85"}],"curies":[{"name":"wp","href":"https:\/\/api.w.org\/{rel}","templated":true}]}}