{"id":82,"date":"2019-10-21T12:51:25","date_gmt":"2019-10-21T10:51:25","guid":{"rendered":"http:\/\/localhost:8888\/PMW\/?page_id=82"},"modified":"2020-04-09T23:04:21","modified_gmt":"2020-04-09T21:04:21","slug":"inicio","status":"publish","type":"page","link":"http:\/\/www.valencia.es\/participant-morvedre\/inicio\/","title":{"rendered":"INICIO"},"content":{"rendered":"\t\t<div data-elementor-type=\"wp-page\" data-elementor-id=\"82\" class=\"elementor elementor-82\" data-elementor-settings=\"[]\">\n\t\t\t<div class=\"elementor-inner\">\n\t\t\t\t<div class=\"elementor-section-wrap\">\n\t\t\t\t\t\t\t<section class=\"elementor-element elementor-element-917fd18 elementor-section-boxed elementor-section-height-default elementor-section-height-default elementor-section elementor-top-section\" data-id=\"917fd18\" data-element_type=\"section\">\n\t\t\t\t\t\t<div class=\"elementor-container elementor-column-gap-default\">\n\t\t\t\t<div class=\"elementor-row\">\n\t\t\t\t<div class=\"elementor-element elementor-element-89a4389 elementor-column elementor-col-100 elementor-top-column\" data-id=\"89a4389\" data-element_type=\"column\">\n\t\t\t<div class=\"elementor-column-wrap  elementor-element-populated\">\n\t\t\t\t\t<div class=\"elementor-widget-wrap\">\n\t\t\t\t<div class=\"elementor-element elementor-element-4bf9555 elementor-arrows-position-inside elementor-pagination-position-outside elementor-widget elementor-widget-image-carousel\" data-id=\"4bf9555\" data-element_type=\"widget\" data-settings=\"{&quot;slides_to_show&quot;:&quot;1&quot;,&quot;speed&quot;:300,&quot;navigation&quot;:&quot;both&quot;,&quot;autoplay&quot;:&quot;yes&quot;,&quot;pause_on_hover&quot;:&quot;yes&quot;,&quot;pause_on_interaction&quot;:&quot;yes&quot;,&quot;autoplay_speed&quot;:5000,&quot;infinite&quot;:&quot;yes&quot;,&quot;effect&quot;:&quot;slide&quot;,&quot;direction&quot;:&quot;ltr&quot;}\" data-widget_type=\"image-carousel.default\">\n\t\t\t\t<div class=\"elementor-widget-container\">\n\t\t\t\t\t<div class=\"elementor-image-carousel-wrapper swiper-container\" dir=\"ltr\">\n\t\t\t<div class=\"elementor-image-carousel swiper-wrapper\">\n\t\t\t\t<div class=\"swiper-slide\"><a href=\"http:\/\/www.valencia.es\/participant-morvedre\/enquesta-encuesta\/\" data-elementor-open-lightbox=\"\" data-elementor-lightbox-slideshow=\"4bf9555\" data-elementor-lightbox-index=\"0\" target=\"_blank\"><figure class=\"swiper-slide-inner\"><img class=\"swiper-slide-image\" src=\"http:\/\/www.valencia.es\/participant-morvedre\/wp-content\/uploads\/2019\/11\/PARTICIPANT-MORVEDRE_SLIDER-1.jpg\" alt=\"PARTICIPANT-MORVEDRE_SLIDER-1\" \/><\/figure><\/a><\/div><div class=\"swiper-slide\"><a href=\"http:\/\/www.valencia.es\/participant-morvedre\/enquesta-encuesta\/\" data-elementor-open-lightbox=\"\" data-elementor-lightbox-slideshow=\"4bf9555\" data-elementor-lightbox-index=\"1\" target=\"_blank\"><figure class=\"swiper-slide-inner\"><img class=\"swiper-slide-image\" src=\"http:\/\/www.valencia.es\/participant-morvedre\/wp-content\/uploads\/2020\/01\/ENCUESTA-PARTICIPANT-MORVEDRE_SLIDER-1.jpg\" alt=\"ENCUESTA-PARTICIPANT-MORVEDRE_SLIDER-1\" \/><\/figure><\/a><\/div><div class=\"swiper-slide\"><a href=\"http:\/\/www.valencia.es\/participant-morvedre\/enquesta-encuesta\/\" data-elementor-open-lightbox=\"\" data-elementor-lightbox-slideshow=\"4bf9555\" data-elementor-lightbox-index=\"2\" target=\"_blank\"><figure class=\"swiper-slide-inner\"><img class=\"swiper-slide-image\" src=\"http:\/\/www.valencia.es\/participant-morvedre\/wp-content\/uploads\/2020\/01\/TALLERES-PARTICIPANT-MORVEDRE_SLIDER-1.jpg\" alt=\"TALLERES-PARTICIPANT-MORVEDRE_SLIDER-1\" \/><\/figure><\/a><\/div>\t\t\t<\/div>\n\t\t\t\t\t\t\t\t\t\t\t\t<div class=\"swiper-pagination\"><\/div>\n\t\t\t\t\t\t\t\t\t\t\t\t\t<div class=\"elementor-swiper-button elementor-swiper-button-prev\">\n\t\t\t\t\t\t<i class=\"eicon-chevron-left\" aria-hidden=\"true\"><\/i>\n\t\t\t\t\t\t<span class=\"elementor-screen-only\">Anterior<\/span>\n\t\t\t\t\t<\/div>\n\t\t\t\t\t<div class=\"elementor-swiper-button elementor-swiper-button-next\">\n\t\t\t\t\t\t<i class=\"eicon-chevron-right\" aria-hidden=\"true\"><\/i>\n\t\t\t\t\t\t<span class=\"elementor-screen-only\">Siguiente<\/span>\n\t\t\t\t\t<\/div>\n\t\t\t\t\t\t\t\t\t<\/div>\n\t\t\t\t<\/div>\n\t\t\t\t<\/div>\n\t\t\t\t<div class=\"elementor-element elementor-element-047edda elementor-shape-circle animated-slow elementor-invisible elementor-widget elementor-widget-social-icons\" data-id=\"047edda\" data-element_type=\"widget\" data-settings=\"{&quot;_animation&quot;:&quot;fadeIn&quot;}\" data-widget_type=\"social-icons.default\">\n\t\t\t\t<div class=\"elementor-widget-container\">\n\t\t\t\t\t<div class=\"elementor-social-icons-wrapper\">\n\t\t\t\t\t\t\t<a href=\"https:\/\/www.facebook.com\/pg\/participantmorvedre\" class=\"elementor-icon elementor-social-icon elementor-social-icon-facebook elementor-repeater-item-f3043d7\" target=\"_blank\">\n\t\t\t\t\t<span class=\"elementor-screen-only\">Facebook<\/span>\n\t\t\t\t\t<i class=\"fab fa-facebook\"><\/i>\t\t\t\t<\/a>\n\t\t\t\t\t\t\t<a href=\"https:\/\/twitter.com\/PMorvedre\" class=\"elementor-icon elementor-social-icon elementor-social-icon-twitter elementor-repeater-item-753d155\" target=\"_blank\">\n\t\t\t\t\t<span class=\"elementor-screen-only\">Twitter<\/span>\n\t\t\t\t\t<i class=\"fab fa-twitter\"><\/i>\t\t\t\t<\/a>\n\t\t\t\t\t<\/div>\n\t\t\t\t<\/div>\n\t\t\t\t<\/div>\n\t\t\t\t\t\t<\/div>\n\t\t\t<\/div>\n\t\t<\/div>\n\t\t\t\t\t\t<\/div>\n\t\t\t<\/div>\n\t\t<\/section>\n\t\t\t\t<section class=\"elementor-element elementor-element-42d084f elementor-section-boxed elementor-section-height-default elementor-section-height-default elementor-section elementor-top-section\" data-id=\"42d084f\" data-element_type=\"section\">\n\t\t\t\t\t\t<div class=\"elementor-container elementor-column-gap-default\">\n\t\t\t\t<div class=\"elementor-row\">\n\t\t\t\t<div class=\"elementor-element elementor-element-ffea925 elementor-column elementor-col-50 elementor-top-column\" data-id=\"ffea925\" data-element_type=\"column\">\n\t\t\t<div class=\"elementor-column-wrap  elementor-element-populated\">\n\t\t\t\t\t<div class=\"elementor-widget-wrap\">\n\t\t\t\t<div class=\"elementor-element elementor-element-981c2a4 elementor-align-left animated-slow elementor-invisible elementor-widget elementor-widget-button\" data-id=\"981c2a4\" data-element_type=\"widget\" data-settings=\"{&quot;_animation&quot;:&quot;fadeIn&quot;}\" data-widget_type=\"button.default\">\n\t\t\t\t<div class=\"elementor-widget-container\">\n\t\t\t\t\t<div class=\"elementor-button-wrapper\">\n\t\t\t<a href=\"http:\/\/www.valencia.es\/participant-morvedre\/enquesta-encuesta\/\" class=\"elementor-button-link elementor-button elementor-size-sm\" role=\"button\">\n\t\t\t\t\t\t<span class=\"elementor-button-content-wrapper\">\n\t\t\t\t\t\t<span class=\"elementor-button-text\">\u00a1QUIERO HACER LA ENCUESTA!<\/span>\n\t\t<\/span>\n\t\t\t\t\t<\/a>\n\t\t<\/div>\n\t\t\t\t<\/div>\n\t\t\t\t<\/div>\n\t\t\t\t\t\t<\/div>\n\t\t\t<\/div>\n\t\t<\/div>\n\t\t\t\t<div class=\"elementor-element elementor-element-b2bbb5f elementor-column elementor-col-50 elementor-top-column\" data-id=\"b2bbb5f\" data-element_type=\"column\">\n\t\t\t<div class=\"elementor-column-wrap  elementor-element-populated\">\n\t\t\t\t\t<div class=\"elementor-widget-wrap\">\n\t\t\t\t<div class=\"elementor-element elementor-element-08ead99 elementor-align-left animated-slow elementor-invisible elementor-widget elementor-widget-button\" data-id=\"08ead99\" data-element_type=\"widget\" data-settings=\"{&quot;_animation&quot;:&quot;fadeIn&quot;}\" data-widget_type=\"button.default\">\n\t\t\t\t<div class=\"elementor-widget-container\">\n\t\t\t\t\t<div class=\"elementor-button-wrapper\">\n\t\t\t<a href=\"http:\/\/www.valencia.es\/participant-morvedre\/taller-online-barrio-conectado\/\" class=\"elementor-button-link elementor-button elementor-size-sm\" role=\"button\">\n\t\t\t\t\t\t<span class=\"elementor-button-content-wrapper\">\n\t\t\t\t\t\t<span class=\"elementor-button-text\">\u00a1QUIERO PARTICIPAR EN EL TALLER ONLINE DE \"BARRIO CONECTADO\"!<\/span>\n\t\t<\/span>\n\t\t\t\t\t<\/a>\n\t\t<\/div>\n\t\t\t\t<\/div>\n\t\t\t\t<\/div>\n\t\t\t\t\t\t<\/div>\n\t\t\t<\/div>\n\t\t<\/div>\n\t\t\t\t\t\t<\/div>\n\t\t\t<\/div>\n\t\t<\/section>\n\t\t\t\t<section class=\"elementor-element elementor-element-273bf5d elementor-section-boxed elementor-section-height-default elementor-section-height-default elementor-section elementor-top-section\" data-id=\"273bf5d\" data-element_type=\"section\">\n\t\t\t\t\t\t<div class=\"elementor-container elementor-column-gap-default\">\n\t\t\t\t<div class=\"elementor-row\">\n\t\t\t\t<div class=\"elementor-element elementor-element-a17177c elementor-column elementor-col-100 elementor-top-column\" data-id=\"a17177c\" data-element_type=\"column\">\n\t\t\t<div class=\"elementor-column-wrap  elementor-element-populated\">\n\t\t\t\t\t<div class=\"elementor-widget-wrap\">\n\t\t\t\t<div class=\"elementor-element elementor-element-8152599 animated-slow elementor-invisible elementor-widget elementor-widget-divider\" data-id=\"8152599\" data-element_type=\"widget\" data-settings=\"{&quot;_animation&quot;:&quot;fadeIn&quot;}\" data-widget_type=\"divider.default\">\n\t\t\t\t<div class=\"elementor-widget-container\">\n\t\t\t\t\t<div class=\"elementor-divider\">\n\t\t\t<span class=\"elementor-divider-separator\">\n\t\t\t\t\t\t<\/span>\n\t\t<\/div>\n\t\t\t\t<\/div>\n\t\t\t\t<\/div>\n\t\t\t\t<div class=\"elementor-element elementor-element-d31d24a animated-slow elementor-invisible elementor-widget elementor-widget-text-editor\" data-id=\"d31d24a\" data-element_type=\"widget\" data-settings=\"{&quot;_animation&quot;:&quot;fadeIn&quot;}\" data-widget_type=\"text-editor.default\">\n\t\t\t\t<div class=\"elementor-widget-container\">\n\t\t\t\t\t<div class=\"elementor-text-editor elementor-clearfix\"><h2>\u00bfQU\u00c9 ES PARTICIPANT MORVEDRE?<\/h2>\n<h3>\u00bfQU\u00c9 ES?<\/h3>\n<span style=\"font-family: Lucida Console, Monaco, monospace;\">PARTICIPANT MORVEDRE es un <strong>proceso participativo<\/strong> que quiere contar con la implicaci\u00f3n vecinal para identificar de forma colectiva y consensuada los propuestas y estrategias de futuro para mejorar la calidad de vida en el barrio de <strong>Morvedre.<\/strong>\n<h3>\u00bfQUI\u00c9N LO PROMUEVE?<\/h3>\nEl proceso est\u00e1 impulsado por el <strong>Ayuntamiento de Val\u00e8ncia<\/strong> a trav\u00e9s de la <strong>Concejal\u00eda de Participaci\u00f3n Ciudadana y Acci\u00f3n Vecinal<\/strong>, y coordinado por el equipo t\u00e9cnico <strong>Sostre.<\/strong>\n<h3>\u00bfA QUIEN EST\u00c1 DIRIGIDO?<\/h3>\nPARTICIPANT MORVEDRE est\u00e1 dirigido a todas las asociaciones,\nentidades, colectivos, vecindario y amigos y amigas del barrio de Morvedre.\n<h3>\u00bfCU\u00c1L ES LA FINALIDAD?<\/h3>\nA trav\u00e9s de diferentes acciones (entrevistas, encuentros colectivos, encuestas, &#8230;), el prop\u00f3sito es <strong>identificar y debatir las principales demandas vecinales<\/strong> en diferentes \u00e1reas y <strong>conformar un documento estrat\u00e9gico y colaborativo de propuestas<\/strong> para orientar las futuras pol\u00edticas municipales en el barrio. El trabajo se articular\u00e1 en torno a cuatro ejes principalmente:\n\n<img loading=\"lazy\" class=\"aligncenter wp-image-237 size-large\" src=\"http:\/\/localhost:8888\/PMW\/wp-content\/uploads\/2019\/11\/web-MORVEDRE-03-1024x352.jpg\" alt=\"\" width=\"940\" height=\"323\" srcset=\"http:\/\/www.valencia.es\/participant-morvedre\/wp-content\/uploads\/2019\/11\/web-MORVEDRE-03-1024x352.jpg 1024w, http:\/\/www.valencia.es\/participant-morvedre\/wp-content\/uploads\/2019\/11\/web-MORVEDRE-03-300x103.jpg 300w, http:\/\/www.valencia.es\/participant-morvedre\/wp-content\/uploads\/2019\/11\/web-MORVEDRE-03-768x264.jpg 768w, http:\/\/www.valencia.es\/participant-morvedre\/wp-content\/uploads\/2019\/11\/web-MORVEDRE-03.jpg 1383w\" sizes=\"(max-width: 940px) 100vw, 940px\" \/>\n<h3>\u00bfC\u00d3MO Y CUANDO PARTICIPAR?<\/h3>\nDesde noviembre de 2019 hasta marzo de 2020 se realizar\u00e1n varias actividades participativas abiertas a todo el barrio, cuya convocatoria se anunciar\u00e1 con antelaci\u00f3n suficiente. El cronograma general de actividades puede consultarse <a href=\"http:\/\/www.valencia.es\/participant-morvedre\/cronograma-actividades\/\" target=\"_blank\" rel=\"noreferrer noopener\" aria-label=\"aqu\u00ed (opens in a new tab)\">aqu\u00ed<\/a>. Tambi\u00e9n es posible realizar una encuesta online <a href=\"http:\/\/www.valencia.es\/participant-morvedre\/enquesta-encuesta\/\" target=\"_blank\" rel=\"noreferrer noopener\" aria-label=\"en este link (opens in a new tab)\">en este link<\/a>. \u00a1Participa!<\/div>\n\t\t\t\t<\/div>\n\t\t\t\t<\/div>\n\t\t\t\t\t\t<\/div>\n\t\t\t<\/div>\n\t\t<\/div>\n\t\t\t\t\t\t<\/div>\n\t\t\t<\/div>\n\t\t<\/section>\n\t\t\t\t<section class=\"elementor-element elementor-element-19b7945 elementor-section-boxed elementor-section-height-default elementor-section-height-default elementor-section elementor-top-section\" data-id=\"19b7945\" data-element_type=\"section\">\n\t\t\t\t\t\t<div class=\"elementor-container elementor-column-gap-default\">\n\t\t\t\t<div class=\"elementor-row\">\n\t\t\t\t<div class=\"elementor-element elementor-element-8f53e05 elementor-column elementor-col-50 elementor-top-column\" data-id=\"8f53e05\" data-element_type=\"column\">\n\t\t\t<div class=\"elementor-column-wrap  elementor-element-populated\">\n\t\t\t\t\t<div class=\"elementor-widget-wrap\">\n\t\t\t\t<div class=\"elementor-element elementor-element-4fbabbb elementor-align-left animated-slow elementor-invisible elementor-widget elementor-widget-button\" data-id=\"4fbabbb\" data-element_type=\"widget\" data-settings=\"{&quot;_animation&quot;:&quot;fadeIn&quot;}\" data-widget_type=\"button.default\">\n\t\t\t\t<div class=\"elementor-widget-container\">\n\t\t\t\t\t<div class=\"elementor-button-wrapper\">\n\t\t\t<a href=\"http:\/\/www.valencia.es\/participant-morvedre\/enquesta-encuesta\/\" class=\"elementor-button-link elementor-button elementor-size-sm\" role=\"button\">\n\t\t\t\t\t\t<span class=\"elementor-button-content-wrapper\">\n\t\t\t\t\t\t<span class=\"elementor-button-text\">\u00a1QUIERO HACER LA ENCUESTA!<\/span>\n\t\t<\/span>\n\t\t\t\t\t<\/a>\n\t\t<\/div>\n\t\t\t\t<\/div>\n\t\t\t\t<\/div>\n\t\t\t\t\t\t<\/div>\n\t\t\t<\/div>\n\t\t<\/div>\n\t\t\t\t<div class=\"elementor-element elementor-element-1b5d99b elementor-column elementor-col-50 elementor-top-column\" data-id=\"1b5d99b\" data-element_type=\"column\">\n\t\t\t<div class=\"elementor-column-wrap  elementor-element-populated\">\n\t\t\t\t\t<div class=\"elementor-widget-wrap\">\n\t\t\t\t<div class=\"elementor-element elementor-element-8c6481b elementor-align-left animated-slow elementor-invisible elementor-widget elementor-widget-button\" data-id=\"8c6481b\" data-element_type=\"widget\" data-settings=\"{&quot;_animation&quot;:&quot;fadeIn&quot;}\" data-widget_type=\"button.default\">\n\t\t\t\t<div class=\"elementor-widget-container\">\n\t\t\t\t\t<div class=\"elementor-button-wrapper\">\n\t\t\t<a href=\"http:\/\/www.valencia.es\/participant-morvedre\/cronograma-actividades\/\" class=\"elementor-button-link elementor-button elementor-size-sm\" role=\"button\">\n\t\t\t\t\t\t<span class=\"elementor-button-content-wrapper\">\n\t\t\t\t\t\t<span class=\"elementor-button-text\">\u00a1QUIERO PARTICIPAR EN LAS ACTIVIDADES!<\/span>\n\t\t<\/span>\n\t\t\t\t\t<\/a>\n\t\t<\/div>\n\t\t\t\t<\/div>\n\t\t\t\t<\/div>\n\t\t\t\t\t\t<\/div>\n\t\t\t<\/div>\n\t\t<\/div>\n\t\t\t\t\t\t<\/div>\n\t\t\t<\/div>\n\t\t<\/section>\n\t\t\t\t<section class=\"elementor-element elementor-element-7e9b24e elementor-section-boxed elementor-section-height-default elementor-section-height-default elementor-section elementor-top-section\" data-id=\"7e9b24e\" data-element_type=\"section\">\n\t\t\t\t\t\t<div class=\"elementor-container elementor-column-gap-default\">\n\t\t\t\t<div class=\"elementor-row\">\n\t\t\t\t<div class=\"elementor-element elementor-element-4c2e267 elementor-column elementor-col-100 elementor-top-column\" data-id=\"4c2e267\" data-element_type=\"column\">\n\t\t\t<div class=\"elementor-column-wrap  elementor-element-populated\">\n\t\t\t\t\t<div class=\"elementor-widget-wrap\">\n\t\t\t\t<div class=\"elementor-element elementor-element-3544484 animated-slow elementor-invisible elementor-widget elementor-widget-divider\" data-id=\"3544484\" data-element_type=\"widget\" data-settings=\"{&quot;_animation&quot;:&quot;fadeIn&quot;}\" data-widget_type=\"divider.default\">\n\t\t\t\t<div class=\"elementor-widget-container\">\n\t\t\t\t\t<div class=\"elementor-divider\">\n\t\t\t<span class=\"elementor-divider-separator\">\n\t\t\t\t\t\t<\/span>\n\t\t<\/div>\n\t\t\t\t<\/div>\n\t\t\t\t<\/div>\n\t\t\t\t<div class=\"elementor-element elementor-element-14186c2 animated-slow elementor-invisible elementor-widget elementor-widget-text-editor\" data-id=\"14186c2\" data-element_type=\"widget\" data-settings=\"{&quot;_animation&quot;:&quot;fadeIn&quot;}\" data-widget_type=\"text-editor.default\">\n\t\t\t\t<div class=\"elementor-widget-container\">\n\t\t\t\t\t<div class=\"elementor-text-editor elementor-clearfix\"><h2>SIGUE EL PROCESO<\/h2><\/div>\n\t\t\t\t<\/div>\n\t\t\t\t<\/div>\n\t\t\t\t<div class=\"elementor-element elementor-element-9c00df5 animated-slow elementor-invisible elementor-widget elementor-widget-eael-post-grid\" data-id=\"9c00df5\" data-element_type=\"widget\" data-settings=\"{&quot;_animation&quot;:&quot;fadeIn&quot;}\" data-widget_type=\"eael-post-grid.default\">\n\t\t\t\t<div class=\"elementor-widget-container\">\n\t\t\t<div id=\"eael-post-grid-9c00df5\" class=\"eael-post-grid-container eael-col-4\">\n            <div class=\"eael-post-grid eael-post-appender eael-post-appender-9c00df5\">\n                <article class=\"eael-grid-post eael-post-grid-column\">\n                    <div class=\"eael-grid-post-holder\">\n                        <div class=\"eael-grid-post-holder-inner\"><div class=\"eael-entry-wrapper\">\n                                    <header class=\"eael-entry-header\"><h2 class=\"eael-entry-title\"><a class=\"eael-grid-post-link\" href=\"http:\/\/www.valencia.es\/participant-morvedre\/ca\/segueix-el-proces\/documents-descarregables\/\" title=\"DOCUMENTS DESCARREGABLES\">DOCUMENTS DESCARREGABLES<\/a><\/h2><\/header><div class=\"eael-entry-content\">\n                                            <div class=\"eael-grid-post-excerpt\">\n                                                <p>Document Base \u00abParticipant Morvedre\u00bb (Fes clic sobre l&#8217;enlla\u00e7 per baixar...<\/p><a href=\"http:\/\/www.valencia.es\/participant-morvedre\/ca\/segueix-el-proces\/documents-descarregables\/\" class=\"eael-post-elements-readmore-btn\">Leer m\u00e1s<\/a><\/div>\n                                        <\/div><\/div><\/div>\n                    <\/div>\n                <\/article><article class=\"eael-grid-post eael-post-grid-column\">\n                    <div class=\"eael-grid-post-holder\">\n                        <div class=\"eael-grid-post-holder-inner\"><div class=\"eael-entry-wrapper\">\n                                    <header class=\"eael-entry-header\"><h2 class=\"eael-entry-title\"><a class=\"eael-grid-post-link\" href=\"http:\/\/www.valencia.es\/participant-morvedre\/sigue-el-proceso\/documentos-descargables\/\" title=\"DOCUMENTOS DESCARGABLES\">DOCUMENTOS DESCARGABLES<\/a><\/h2><\/header><div class=\"eael-entry-content\">\n                                            <div class=\"eael-grid-post-excerpt\">\n                                                <p>Documento base \u00abParticipant Morvedre\u00bb (haz clic sobre el enlace para...<\/p><a href=\"http:\/\/www.valencia.es\/participant-morvedre\/sigue-el-proceso\/documentos-descargables\/\" class=\"eael-post-elements-readmore-btn\">Leer m\u00e1s<\/a><\/div>\n                                        <\/div><\/div><\/div>\n                    <\/div>\n                <\/article><article class=\"eael-grid-post eael-post-grid-column\">\n                    <div class=\"eael-grid-post-holder\">\n                        <div class=\"eael-grid-post-holder-inner\"><div class=\"eael-entry-media\"><div class=\"eael-entry-overlay fade-in\"><i class=\"fa fa-long-arrow-right\" aria-hidden=\"true\"><\/i><a href=\"http:\/\/www.valencia.es\/participant-morvedre\/ca\/segueix-el-proces\/taller-online-de-consensos-i-prioritats\/\"><\/a><\/div><div class=\"eael-entry-thumbnail\">\n                                        <img src=\"http:\/\/www.valencia.es\/participant-morvedre\/wp-content\/uploads\/2020\/06\/TALLER-CONSENSOS-300x169.jpg\" alt=\"\">\n                                    <\/div><\/div><div class=\"eael-entry-wrapper\">\n                                    <header class=\"eael-entry-header\"><h2 class=\"eael-entry-title\"><a class=\"eael-grid-post-link\" href=\"http:\/\/www.valencia.es\/participant-morvedre\/ca\/segueix-el-proces\/taller-online-de-consensos-i-prioritats\/\" title=\"TALLER ONLINE DE CONSENSOS I PRIORITATS\">TALLER ONLINE DE CONSENSOS I PRIORITATS<\/a><\/h2><\/header><div class=\"eael-entry-content\">\n                                            <div class=\"eael-grid-post-excerpt\">\n                                                <p>Dijous passat 28 de maig va tindre lloc el Taller...<\/p><a href=\"http:\/\/www.valencia.es\/participant-morvedre\/ca\/segueix-el-proces\/taller-online-de-consensos-i-prioritats\/\" class=\"eael-post-elements-readmore-btn\">Leer m\u00e1s<\/a><\/div>\n                                        <\/div><\/div><\/div>\n                    <\/div>\n                <\/article><article class=\"eael-grid-post eael-post-grid-column\">\n                    <div class=\"eael-grid-post-holder\">\n                        <div class=\"eael-grid-post-holder-inner\"><div class=\"eael-entry-media\"><div class=\"eael-entry-overlay fade-in\"><i class=\"fa fa-long-arrow-right\" aria-hidden=\"true\"><\/i><a href=\"http:\/\/www.valencia.es\/participant-morvedre\/sigue-el-proceso\/taller-online-de-consensos-y-prioridades\/\"><\/a><\/div><div class=\"eael-entry-thumbnail\">\n                                        <img src=\"http:\/\/www.valencia.es\/participant-morvedre\/wp-content\/uploads\/2020\/06\/TALLER-CONSENSOS-300x169.jpg\" alt=\"\">\n                                    <\/div><\/div><div class=\"eael-entry-wrapper\">\n                                    <header class=\"eael-entry-header\"><h2 class=\"eael-entry-title\"><a class=\"eael-grid-post-link\" href=\"http:\/\/www.valencia.es\/participant-morvedre\/sigue-el-proceso\/taller-online-de-consensos-y-prioridades\/\" title=\"TALLER ONLINE DE CONSENSOS Y PRIORIDADES\">TALLER ONLINE DE CONSENSOS Y PRIORIDADES<\/a><\/h2><\/header><div class=\"eael-entry-content\">\n                                            <div class=\"eael-grid-post-excerpt\">\n                                                <p>El pasado jueves 28 de mayo tuvo lugar el Taller...<\/p><a href=\"http:\/\/www.valencia.es\/participant-morvedre\/sigue-el-proceso\/taller-online-de-consensos-y-prioridades\/\" class=\"eael-post-elements-readmore-btn\">Leer m\u00e1s<\/a><\/div>\n                                        <\/div><\/div><\/div>\n                    <\/div>\n                <\/article>\n            <\/div>\n            <div class=\"clearfix\"><\/div>\n        <\/div>\t\t<\/div>\n\t\t\t\t<\/div>\n\t\t\t\t\t\t<\/div>\n\t\t\t<\/div>\n\t\t<\/div>\n\t\t\t\t\t\t<\/div>\n\t\t\t<\/div>\n\t\t<\/section>\n\t\t\t\t\t\t<\/div>\n\t\t\t<\/div>\n\t\t<\/div>\n\t\t","protected":false},"excerpt":{"rendered":"<p>Anterior Siguiente Facebook Twitter \u00a1QUIERO HACER LA ENCUESTA! \u00a1QUIERO PARTICIPAR EN EL TALLER ONLINE DE \u00abBARRIO CONECTADO\u00bb! \u00bfQU\u00c9 ES PARTICIPANT MORVEDRE? \u00bfQU\u00c9 ES? PARTICIPANT MORVEDRE es un proceso participativo que quiere contar con la implicaci\u00f3n vecinal para identificar de forma &hellip; <a href=\"http:\/\/www.valencia.es\/participant-morvedre\/sigue-el-proceso\/taller-online-de-consensos-y-prioridades\/\">Leer m\u00e1s<\/a><\/p>\n","protected":false},"author":1,"featured_media":305,"parent":0,"menu_order":0,"comment_status":"closed","ping_status":"closed","template":"","meta":{"kt_blocks_editor_width":"","spay_email":""},"_links":{"self":[{"href":"http:\/\/www.valencia.es\/participant-morvedre\/wp-json\/wp\/v2\/pages\/82"}],"collection":[{"href":"http:\/\/www.valencia.es\/participant-morvedre\/wp-json\/wp\/v2\/pages"}],"about":[{"href":"http:\/\/www.valencia.es\/participant-morvedre\/wp-json\/wp\/v2\/types\/page"}],"author":[{"embeddable":true,"href":"http:\/\/www.valencia.es\/participant-morvedre\/wp-json\/wp\/v2\/users\/1"}],"replies":[{"embeddable":true,"href":"http:\/\/www.valencia.es\/participant-morvedre\/wp-json\/wp\/v2\/comments?post=82"}],"version-history":[{"count":46,"href":"http:\/\/www.valencia.es\/participant-morvedre\/wp-json\/wp\/v2\/pages\/82\/revisions"}],"predecessor-version":[{"id":709,"href":"http:\/\/www.valencia.es\/participant-morvedre\/wp-json\/wp\/v2\/pages\/82\/revisions\/709"}],"wp:featuredmedia":[{"embeddable":true,"href":"http:\/\/www.valencia.es\/participant-morvedre\/wp-json\/wp\/v2\/media\/305"}],"wp:attachment":[{"href":"http:\/\/www.valencia.es\/participant-morvedre\/wp-json\/wp\/v2\/media?parent=82"}],"curies":[{"name":"wp","href":"https:\/\/api.w.org\/{rel}","templated":true}]}}