{"id":662,"date":"2020-04-08T20:23:39","date_gmt":"2020-04-08T18:23:39","guid":{"rendered":"http:\/\/www.valencia.es\/participant-morvedre\/?page_id=662"},"modified":"2020-04-16T13:15:05","modified_gmt":"2020-04-16T11:15:05","slug":"taller-online-barri-connectat","status":"publish","type":"page","link":"http:\/\/www.valencia.es\/participant-morvedre\/ca\/taller-online-barri-connectat\/","title":{"rendered":"TALLER ONLINE BARRI CONNECTAT"},"content":{"rendered":"\n<h1>TALLER ONLINE BARRI CONNECTAT<\/h1>\n\n\n\n<p>Estimats\/des ve\u00efns, ve\u00efnes i\nparticipants del proc\u00e9s <strong>#ParticipantMorvedre<\/strong>,\nhola de nou!<\/p>\n\n\n\n<p>Primer de tot, esperem que us\ntrobeu b\u00e9 i esteu duent la quarantena amb bon \u00e0nim i bona salut.<\/p>\n\n\n\n<p>Com ja us hav\u00edem avan\u00e7at, per a continuar amb la darrera activitat participativa del proc\u00e9s, el <strong>TALLER DE BARRI CONNECTAT<\/strong>, hem preparat una nova din\u00e0mica adaptada a la situaci\u00f3 de confinament que estem vivint a causa del COVID-19. Es tracta d&#8217;un plantejament prou similar al que hem estat desenvolupant fins ara, per\u00f2 en format online. Som conscients qu\u00e8 no es tracta d&#8217;una opci\u00f3 del tot inclusiva ja que requereix d&#8217;acc\u00e9s a internet, per\u00f2 com a contrapartida pensem que pot facilitar la participaci\u00f3 d&#8217;altres perfils per als quals la presencialitat de les sessions suposava una limitaci\u00f3. En tot cas, us animem molt a participar en aquesta darrera trobada virtual, i tamb\u00e9 a convidar als vostres contactes del barri a sumar-se si est\u00e0 al seu abast. <\/p>\n\n\n\n<p>Us contem qu\u00e8 hem preparat!<\/p>\n\n\n\n<p class=\"has-text-color has-white-color\">.<\/p>\n\n\n\n<hr class=\"wp-block-separator\"\/>\n\n\n\n<h4><strong>1. EN QU\u00c8 CONSISTEIX EL TALLER ONLINE DE BARRI CONNECTAT?<\/strong><\/h4>\n\n\n\n<p>Com no podem veure&#8217;ns en persona, us hem preparat uns <strong>v\u00eddeos explicatius<\/strong> on fem rep\u00e0s del que hem treballat fins ara, introdu\u00efm la tem\u00e0tica de BARRI CONNECTAT i expliquem les activitats que us proposem. Per a tindre una visi\u00f3 global, us recomanem veure&#8217;ls un a un seguint l&#8217;ordre que hem marcat. Despr\u00e8s us hem preparat un breu dossier d&#8217;informaci\u00f3, i una proposta d&#8217;activitats i trobada virtual. Anem per pasos:<\/p>\n\n\n\n<p class=\"has-text-color has-white-color\">.<\/p>\n\n\n\n<h3 class=\"has-black-color has-text-color\"><strong>1. V\u00cdDEO 1\/3:  PRESENTACI\u00d3 DEL TALLER DE BARRI CONNECTAT<\/strong><\/h3>\n\n\n\n<p class=\"has-text-color has-white-color\">.<\/p>\n\n\n\n<p><\/p>\n\n\n\n<div style=\"padding:56.25% 0 0 0;position:relative;\"><iframe src=\"https:\/\/player.vimeo.com\/video\/405520291?byline=0&amp;portrait=0\" style=\"position:absolute;top:0;left:0;width:100%;height:100%;\" frameborder=\"0\" allow=\"autoplay; fullscreen\" allowfullscreen=\"\"><\/iframe><\/div><script src=\"https:\/\/player.vimeo.com\/api\/player.js\"><\/script>\n\n\n\n<p class=\"has-text-color has-white-color\">.<\/p>\n\n\n\n<p class=\"has-text-color has-white-color\">.<\/p>\n\n\n\n<p><\/p>\n\n\n\n<h3 class=\"has-black-color has-text-color\"><strong>2. V\u00cdDEO 2\/3: <\/strong> <strong>QU\u00c8 PENSA EL VE\u00cfNAT?<\/strong><\/h3>\n\n\n\n<div style=\"padding:56.25% 0 0 0;position:relative;\"><iframe src=\"https:\/\/player.vimeo.com\/video\/405539662?byline=0&amp;portrait=0\" style=\"position:absolute;top:0;left:0;width:100%;height:100%;\" frameborder=\"0\" allow=\"autoplay; fullscreen\" allowfullscreen=\"\"><\/iframe><\/div><script src=\"https:\/\/player.vimeo.com\/api\/player.js\"><\/script>\n\n\n\n<p class=\"has-text-color has-white-color\">.<\/p>\n\n\n\n<p class=\"has-text-color has-white-color\">.<\/p>\n\n\n\n<p><\/p>\n\n\n\n<h3 class=\"has-black-color has-text-color\"><strong>3. V\u00cdDEO 3\/3:<\/strong> <strong>PRESENTACI\u00d3 DELS CONTINGUTS I PROPOSTA D&#8217;ACTIVITATS ONLINE<\/strong> <\/h3>\n\n\n\n<div style=\"padding:56.25% 0 0 0;position:relative;\"><iframe src=\"https:\/\/player.vimeo.com\/video\/405520865?byline=0&amp;portrait=0\" style=\"position:absolute;top:0;left:0;width:100%;height:100%;\" frameborder=\"0\" allow=\"autoplay; fullscreen\" allowfullscreen=\"\"><\/iframe><\/div><script src=\"https:\/\/player.vimeo.com\/api\/player.js\"><\/script>\n\n\n\n<div style=\"height:33px\" aria-hidden=\"true\" class=\"wp-block-spacer\"><\/div>\n\n\n\n<h3 class=\"has-black-color has-text-color\"><strong>4. DOSSIER INFO TALLER ONLINE \u00abBARRI CONNECTAT\u00bb<\/strong> [<a rel=\"noreferrer noopener\" aria-label=\"PDF descarregable (opens in a new tab)\" href=\"http:\/\/www.valencia.es\/participant-morvedre\/wp-content\/uploads\/2020\/04\/DOSSIER-INFO-TALLER-ONLINE-BARRI-CONNECTAT.pdf\" target=\"_blank\">PDF descarregable<\/a>]<\/h3>\n\n\n\n<hr class=\"wp-block-separator\"\/>\n\n\n\n<h4><strong>2. PROPOSTA D&#8217;ACTIVITATS<\/strong><\/h4>\n\n\n\n<p>Si ja heu vist els v\u00eddeos sabeu\nque primer de tot us proposem dues activitats molt senzilles per a entrar en\nmat\u00e8ria, i que reflexioneu pr\u00e8viament pel vostre comte sobre aspectes\nrelacionats amb la connectivitat del barri de Morvedre, des del punt de vista\nde la <strong>mobilitat, la infraestructura\nverda, la ubicaci\u00f3 estrat\u00e8gica del barri i la connectivitat digita<\/strong>l:<\/p>\n\n\n\n<p><a href=\"http:\/\/www.valencia.es\/participant-morvedre\/wp-content\/uploads\/2020\/04\/planol-ACTIVITAT-1-TBCONNECTAT.pdf\" target=\"_blank\" rel=\"noreferrer noopener\" aria-label=\" (opens in a new tab)\"><strong>Activitat 1<\/strong>: detecci\u00f3 de punts negres a trav\u00e9s de recorregut\/s habitual en dia laborable <\/a><\/p>\n\n\n\n<p><a href=\"http:\/\/www.valencia.es\/participant-morvedre\/wp-content\/uploads\/2020\/04\/planol-ACTIVITAT-2-TBCONNECTAT.pdf\" target=\"_blank\" rel=\"noreferrer noopener\" aria-label=\"Activitat 2: propostes de millora per a un escenari de futur (opens in a new tab)\"><strong>Activitat 2<\/strong>: propostes de millora per a un escenari de futur<\/a><\/p>\n\n\n\n<p class=\"has-text-color has-white-color\">.<\/p>\n\n\n\n<p class=\"has-text-color has-black-color\"><strong>QU\u00c8 FAIG AMB AQUEST MATERIAL?<\/strong><\/p>\n\n\n\n<p>El que pretenem amb aquestes activitats \u00e9s <strong>motivar la reflexi\u00f3<\/strong> i despr\u00e9s recopilar les vostres visions i propostes. No importa si \u00e9s en format gr\u00e0fic, escrit o oral, el que millor vos funcione. Per exemple, a qualsevol de les dues activitats:<\/p>\n\n\n\n<p>&#8211; Podeu imprimir el pl\u00e0nol, fer anotacions, despr\u00e9s fer-li foto i enviar-nos-ho per mail.<\/p>\n\n\n\n<p>&#8211; Podeu fer anotacions en document a banda i enviar-nos-ho per mail.<\/p>\n\n\n\n<p>&#8211; Podeu gravar un \u00e0udio amb les vostres reflexions i enviar-nos-ho\nper mail<\/p>\n\n\n\n<p>&#8211; Podeu compartir les vostres reflexions a la videotrobada que programarem m\u00e9s endavant.<\/p>\n\n\n\n<p>Recordeu que el nostre correu electr\u00f2nic \u00e9s: <strong><mark class=\"kt-highlight\">participantmorvedre@gmail.com<\/mark><\/strong><\/p>\n\n\n\n<p class=\"has-text-color has-white-color\">.<\/p>\n\n\n\n<hr class=\"wp-block-separator\"\/>\n\n\n\n<div style=\"height:34px\" aria-hidden=\"true\" class=\"wp-block-spacer\"><\/div>\n\n\n\n<h4><strong>3. VIDEOTROBADA<\/strong> <\/h4>\n\n\n\n<p>El <strong><mark class=\"kt-highlight\">DIJOUS 16 D&#8217;ABRIL A LES 18:30h<\/mark><\/strong> us convoquem a una <strong>videotrobada<\/strong> per a reflexionar conjuntament sobre les problem\u00e0tiques i propostes de millora consensuades en mat\u00e8ria de Barri Connectat. La duraci\u00f3 estimada ser\u00e0 <strong>de 18:30-19:30h<\/strong>. Per a participar no \u00e9s imprescindible haver realitzat les activitats anteriors per\u00f2 s\u00ed molt recomanable.<\/p>\n\n\n\n<p>La v\u00eddeo-trobada es realitzar\u00e0 a trav\u00e9s de la plataforma Google Hangouts, ac\u00ed teniu les instruccions necess\u00e0ries per a participar:<\/p>\n\n\n\n<p>&#8211; Per a accedir a la v\u00eddeo-trobada cal clicar en el seg\u00fcent enlla\u00e7 i triar l&#8217;opci\u00f3 \u00abUnir-se a la conversa\u00bb:<br><a rel=\"noreferrer noopener\" href=\"https:\/\/hangouts.google.com\/call\/9v_TsYMSEza05Syy-4ohAEEI\" target=\"_blank\">https:\/\/hangouts.google.com\/call\/9v_TsYMSEza05Syy-4ohAEEI<\/a><br>&#8211; Per a connectar-se \u00e9s necessari disposar d&#8217;un compte de correu de Gmail.<br>&#8211; No \u00e9s necessari tindre c\u00e0mera web o micr\u00f2fon, ja que es pot intervindre per chat.<br>&#8211; L&#8217;enlla\u00e7 estar\u00e0 operatiu des de les 18:20h per\u00f2 la sessi\u00f3 comen\u00e7ar\u00e0 oficialment a les 18:30h.<\/p>\n\n\n\n<p>Us esperem!<\/p>\n\n\n\n<p><\/p>\n","protected":false},"excerpt":{"rendered":"<p>TALLER ONLINE BARRI CONNECTAT Estimats\/des ve\u00efns, ve\u00efnes i participants del proc\u00e9s #ParticipantMorvedre, hola de nou! Primer de tot, esperem que us trobeu b\u00e9 i esteu duent la quarantena amb bon \u00e0nim i bona salut. Com ja us hav\u00edem avan\u00e7at, per &hellip; <a href=\"http:\/\/www.valencia.es\/participant-morvedre\/ca\/taller-online-barri-connectat\/\">Leer m\u00e1s<\/a><\/p>\n","protected":false},"author":1,"featured_media":670,"parent":0,"menu_order":0,"comment_status":"closed","ping_status":"closed","template":"","meta":{"kt_blocks_editor_width":"","spay_email":""},"_links":{"self":[{"href":"http:\/\/www.valencia.es\/participant-morvedre\/wp-json\/wp\/v2\/pages\/662"}],"collection":[{"href":"http:\/\/www.valencia.es\/participant-morvedre\/wp-json\/wp\/v2\/pages"}],"about":[{"href":"http:\/\/www.valencia.es\/participant-morvedre\/wp-json\/wp\/v2\/types\/page"}],"author":[{"embeddable":true,"href":"http:\/\/www.valencia.es\/participant-morvedre\/wp-json\/wp\/v2\/users\/1"}],"replies":[{"embeddable":true,"href":"http:\/\/www.valencia.es\/participant-morvedre\/wp-json\/wp\/v2\/comments?post=662"}],"version-history":[{"count":16,"href":"http:\/\/www.valencia.es\/participant-morvedre\/wp-json\/wp\/v2\/pages\/662\/revisions"}],"predecessor-version":[{"id":717,"href":"http:\/\/www.valencia.es\/participant-morvedre\/wp-json\/wp\/v2\/pages\/662\/revisions\/717"}],"wp:featuredmedia":[{"embeddable":true,"href":"http:\/\/www.valencia.es\/participant-morvedre\/wp-json\/wp\/v2\/media\/670"}],"wp:attachment":[{"href":"http:\/\/www.valencia.es\/participant-morvedre\/wp-json\/wp\/v2\/media?parent=662"}],"curies":[{"name":"wp","href":"https:\/\/api.w.org\/{rel}","templated":true}]}}